{"id":9250,"date":"2024-09-17T14:44:16","date_gmt":"2024-09-17T12:44:16","guid":{"rendered":"https:\/\/antcube.shop\/en\/product\/antcube-korknest-60x30-stehend\/"},"modified":"2026-03-10T17:53:31","modified_gmt":"2026-03-10T16:53:31","slug":"antcube-korknest-60x30-stehend","status":"publish","type":"product","link":"https:\/\/antcube.shop\/de\/produkt\/antcube-korknest-60x30-stehend\/","title":{"rendered":"ANTCUBE - Korknest 60\u00d730 - stehend"},"content":{"rendered":"<p><strong>Abmessungen:<\/strong> 583 x 240 x 20 mm<\/p>\n<p><strong>Material:<\/strong> Kork (fein)<\/p>\n<p>Passt nur in unsere Ameisenfarmen der Gr\u00f6\u00dfe <span style=\"font-size: 10.5pt; font-family: Arial; color: #0000ff; background-color: transparent; font-weight: bold; font-style: normal; font-variant: normal; text-decoration: none; vertical-align: baseline;\">L<\/span><\/p>\n<p><strong>Beschreibung:<\/strong> Dieses Korknest mit vorgefertigten G\u00e4ngen und Kammern ist f\u00fcr verschiedene Ameisenarten geeignet, insbesondere f\u00fcr Arten, die in (totem) Holz nisten. Es hat ein gebohrtes Loch f\u00fcr den Zugang zum Nest.<br \/>\nKork ist chemisch neutral. Seine Struktur ist nicht nur undurchl\u00e4ssig f\u00fcr Fl\u00fcssigkeiten, sondern verursacht auch keine chemischen Reaktionen und wird daher nicht besch\u00e4digt. Allerdings kann zu viel Feuchtigkeit auf Dauer zu F\u00e4ulnis f\u00fchren und die Langlebigkeit des Nestes verringern. Dennoch ist Kork sehr resistent gegen F\u00e4ulnis, Pilz- und Schimmelbefall. Das liegt an seiner Oberfl\u00e4che und Struktur, die keinen guten N\u00e4hrboden f\u00fcr die Ansiedlung von Pilzen bieten. Allerdings k\u00f6nnen Speisereste und tierische Exkremente sowie andere organische Stoffe das Schimmelwachstum f\u00f6rdern.<\/p>\n<p>Wir empfehlen daher, haupts\u00e4chlich Arten aus trockenen Regionen in Kork zu halten. Arten aus feuchten Lebensr\u00e4umen k\u00f6nnen dennoch in diesem Set gehalten werden, da F\u00e4ulnis f\u00fcr die meisten Arten kein Problem darstellt. Viele Ameisen aus Nordeuropa, wie Camponotus herculeanus oder Formica fusca, leben auch in morschem oder verrottendem Holz.<\/p>","protected":false},"excerpt":{"rendered":"<p><strong>Gr\u00f6\u00dfe:<\/strong> 583 x 240 x 20 mm<\/p>","protected":false},"featured_media":9688,"comment_status":"open","ping_status":"closed","template":"","meta":{"_acf_changed":false,"content-type":"","_monsterinsights_skip_tracking":false,"_monsterinsights_sitenote_active":false,"_monsterinsights_sitenote_note":"","_monsterinsights_sitenote_category":0},"product_brand":[],"product_cat":[87,89],"product_tag":[],"class_list":{"0":"post-9250","1":"product","2":"type-product","3":"status-publish","4":"has-post-thumbnail","6":"product_cat-nest-insets","7":"product_cat-cork","9":"first","10":"instock","11":"taxable","12":"shipping-taxable","13":"purchasable","14":"product-type-simple"},"acf":[],"aioseo_notices":[],"jetpack_sharing_enabled":true,"_links":{"self":[{"href":"https:\/\/antcube.shop\/de\/wp-json\/wp\/v2\/product\/9250","targetHints":{"allow":["GET"]}}],"collection":[{"href":"https:\/\/antcube.shop\/de\/wp-json\/wp\/v2\/product"}],"about":[{"href":"https:\/\/antcube.shop\/de\/wp-json\/wp\/v2\/types\/product"}],"replies":[{"embeddable":true,"href":"https:\/\/antcube.shop\/de\/wp-json\/wp\/v2\/comments?post=9250"}],"wp:featuredmedia":[{"embeddable":true,"href":"https:\/\/antcube.shop\/de\/wp-json\/wp\/v2\/media\/9688"}],"wp:attachment":[{"href":"https:\/\/antcube.shop\/de\/wp-json\/wp\/v2\/media?parent=9250"}],"wp:term":[{"taxonomy":"product_brand","embeddable":true,"href":"https:\/\/antcube.shop\/de\/wp-json\/wp\/v2\/product_brand?post=9250"},{"taxonomy":"product_cat","embeddable":true,"href":"https:\/\/antcube.shop\/de\/wp-json\/wp\/v2\/product_cat?post=9250"},{"taxonomy":"product_tag","embeddable":true,"href":"https:\/\/antcube.shop\/de\/wp-json\/wp\/v2\/product_tag?post=9250"}],"curies":[{"name":"wp","href":"https:\/\/api.w.org\/{rel}","templated":true}]}}