{"id":9248,"date":"2024-09-17T14:43:20","date_gmt":"2024-09-17T12:43:20","guid":{"rendered":"https:\/\/antcube.shop\/en\/product\/antcube-box-10x10-gipsnest-beige\/"},"modified":"2026-01-12T12:38:20","modified_gmt":"2026-01-12T11:38:20","slug":"ameisenwurfel-box-10x10-gipsnest-beige","status":"publish","type":"product","link":"https:\/\/antcube.shop\/de\/produkt\/ameisenwurfel-box-10x10-gipsnest-beige\/","title":{"rendered":"ANTCUBE - Box 10\u00d710 - Gipsnest beige"},"content":{"rendered":"<p><strong>Abmessungen:<\/strong><br \/>\n100x100x100mm<\/p>\n<p><strong>Material:<\/strong><br \/>\nPMMA, PS, Gips<\/p>\n<p><strong>Farbe:<\/strong> transparent, beige<\/p>\n<p><strong>Inhalt:<\/strong><br \/>\n1x Schachtel 100x100x100mm<br \/>\n1x Einsteckrahmen<br \/>\n1x einsteckbarer Deckel mit 50mm Loch<br \/>\n1x Gipsnesteinsatz<br \/>\n2x Formicarienstopfen 27mm<br \/>\n1x Gittereinsatz - 50mm - Edelstahl<\/p>\n<p><strong>Beschreibung:<\/strong><br \/>\nDieser Beh\u00e4lter ist mit einem Einschubrahmen und einem Deckel ausgestattet und hat au\u00dferdem zwei 27-mm-\u00d6ffnungen f\u00fcr zuk\u00fcnftige Erweiterungen. Der Deckel hat ein 50-mm-Loch, in das Gittereins\u00e4tze, Ventilator- oder Lampenfassungen eingesetzt werden k\u00f6nnen. Diese praktische und pflegeleichte Arena mit integriertem Gipsnest ist f\u00fcr Gr\u00fcndungskolonien geeignet, die ihre Nester gerne im Boden oder zwischen Steinen bauen.<\/p>","protected":false},"excerpt":{"rendered":"<p><strong>Gr\u00f6\u00dfe:<\/strong> 10x10x10 cm<\/p>","protected":false},"featured_media":9559,"comment_status":"open","ping_status":"closed","template":"","meta":{"_acf_changed":false,"content-type":"","_monsterinsights_skip_tracking":false,"_monsterinsights_sitenote_active":false,"_monsterinsights_sitenote_note":"","_monsterinsights_sitenote_category":0},"product_brand":[],"product_cat":[80,90],"product_tag":[],"class_list":{"0":"post-9248","1":"product","2":"type-product","3":"status-publish","4":"has-post-thumbnail","6":"product_cat-antfarms","7":"product_cat-gypsum","9":"first","10":"instock","11":"taxable","12":"shipping-taxable","13":"purchasable","14":"product-type-simple"},"acf":[],"aioseo_notices":[],"jetpack_sharing_enabled":true,"_links":{"self":[{"href":"https:\/\/antcube.shop\/de\/wp-json\/wp\/v2\/product\/9248","targetHints":{"allow":["GET"]}}],"collection":[{"href":"https:\/\/antcube.shop\/de\/wp-json\/wp\/v2\/product"}],"about":[{"href":"https:\/\/antcube.shop\/de\/wp-json\/wp\/v2\/types\/product"}],"replies":[{"embeddable":true,"href":"https:\/\/antcube.shop\/de\/wp-json\/wp\/v2\/comments?post=9248"}],"wp:featuredmedia":[{"embeddable":true,"href":"https:\/\/antcube.shop\/de\/wp-json\/wp\/v2\/media\/9559"}],"wp:attachment":[{"href":"https:\/\/antcube.shop\/de\/wp-json\/wp\/v2\/media?parent=9248"}],"wp:term":[{"taxonomy":"product_brand","embeddable":true,"href":"https:\/\/antcube.shop\/de\/wp-json\/wp\/v2\/product_brand?post=9248"},{"taxonomy":"product_cat","embeddable":true,"href":"https:\/\/antcube.shop\/de\/wp-json\/wp\/v2\/product_cat?post=9248"},{"taxonomy":"product_tag","embeddable":true,"href":"https:\/\/antcube.shop\/de\/wp-json\/wp\/v2\/product_tag?post=9248"}],"curies":[{"name":"wp","href":"https:\/\/api.w.org\/{rel}","templated":true}]}}