{"id":9247,"date":"2024-09-17T14:42:38","date_gmt":"2024-09-17T12:42:38","guid":{"rendered":"https:\/\/antcube.shop\/en\/product\/antcube-gipsnest-30x30-liegend\/"},"modified":"2026-03-19T18:11:44","modified_gmt":"2026-03-19T17:11:44","slug":"antcube-gipsnest-30x30-liegend","status":"publish","type":"product","link":"https:\/\/antcube.shop\/de\/produkt\/antcube-gipsnest-30x30-liegend\/","title":{"rendered":"ANTCUBE - Gipsnest 30\u00d730 - horizontal"},"content":{"rendered":"<p><span data-text-color=\"alert\"><strong>Versand nur \u00fcber GO! innerhalb Deutschlands oder \u00fcber Palette innerhalb Europas (keine Inseln) m\u00f6glich<\/strong><\/span><\/p>\n<p><strong>Abmessungen:<\/strong><br \/>\nGipsnest: 290 x 290 x 50mm<br \/>\nGlasabdeckung: 279 x 279 x 4 mm<\/p>\n<p><strong>Material:<\/strong> Gips<\/p>\n<p><strong>Inhalt:<\/strong><br \/>\n1x Gipsnest 30\u00d730 mit zwei Anschlussdosen L 14\/16\/18\/20 x 20mm<\/p>\n<ul>\n<li>Der 14\/10-Schlauch wird fest in die 14-mm-Muffe eingef\u00fchrt.<\/li>\n<li>Der 20\/16-Schlauch ist fest mit der ersten 16-mm-Stufe verbunden.<\/li>\n<li>22\/18-Schlauch ist fest mit der zweiten 20mm-Stufe verbunden<\/li>\n<li>Der 24\/20-Schlauch wird lose an der zweiten 20-mm-Stufe befestigt.<\/li>\n<\/ul>\n<p>1x Glasabdeckung mit 50mm Loch<br \/>\n1x Acrylring 50mm f\u00fcr 27mm Loch<br \/>\n1x Formicarium Basis 30\u00d730<br \/>\n2x Gitterkappe - 16mm - Edelstahl<br \/>\n1x Gittereinsatz - 27mm - rostfreier Stahl<\/p>\n<p><strong>Beschreibung:<\/strong> Unser Gipsnest mit vorgefertigten G\u00e4ngen und Kammern ist f\u00fcr viele Ameisenarten geeignet, insbesondere f\u00fcr Arten, die ihre Nester in sehr sandigen oder steinigen B\u00f6den bauen. Es hat zwei Anschlussstutzen f\u00fcr den Nestzugang. Gips hat die Eigenschaft, Wasser zu absorbieren, so dass eine gewisse Menge an Feuchtigkeit gespeichert wird. Dennoch sollte das Gipsnest nicht dauerhaft feucht verwendet werden, da sich sonst Schimmel bilden kann (durch Futterreste oder Ausscheidungen der Ameisen). Daher sollten hier nach M\u00f6glichkeit Arten aus eher trockenen Regionen gehalten werden. Das w\u00e4ren zum Beispiel Arten aus Mittelmeer- oder W\u00fcstenregionen.<\/p>\n<p><strong>Anmerkung:<\/strong> Aufgrund ihrer Bauweise sind sie f\u00fcr sehr kleine Arten (z. B. Pheidole-Arten, Temnothorax-Arten) nicht geeignet, es k\u00f6nnen L\u00fccken von 0,3 - 0,5 mm entstehen.<\/p>\n<p><strong>Hinweis zu den Anschlussbuchsen<\/strong><br \/>\nBeim Anbringen oder Entfernen von Schl\u00e4uchen ist Folgendes zu beachten:<br \/>\nL\u00e4sst sich der Schlauch nur sehr schwer auf den Anschlussstutzen aufstecken, sollte der Stutzen leicht mit einem Tropfen unseres Ausbruchsicherungs\u00f6ls oder -pulvers eingerieben werden. Der Schlauch sollte dann mit drehenden oder schraubenden Bewegungen auf den Stutzen geschoben werden, ohne den Stutzen durch Auf- und Abw\u00e4rtsbewegungen zu belasten. Das Gleiche gilt f\u00fcr das Abziehen der Schl\u00e4uche von der Hofanschlussmuffe. Bitte nicht einfach abziehen!<\/p>","protected":false},"excerpt":{"rendered":"<p>Versand nur per GO! innerhalb Deutschlands oder per Palette innerhalb Europas (keine Inseln) m\u00f6glich Abmessungen: Gipsnest: 290 x 290 x 50mm Glasabdeckung: 279 x 279 x 4mm Material: Gips Inhalt: 1x Gipsnest 30x30 mit zwei Anschlussstutzen L 14\/16\/18\/20 x 20mm 14\/10 Schlauch wird fest in den 14mm Stutzen gesteckt","protected":false},"featured_media":9683,"comment_status":"open","ping_status":"closed","template":"","meta":{"_acf_changed":false,"content-type":"","_monsterinsights_skip_tracking":false,"_monsterinsights_sitenote_active":false,"_monsterinsights_sitenote_note":"","_monsterinsights_sitenote_category":0},"product_brand":[],"product_cat":[80,83],"product_tag":[],"class_list":{"0":"post-9247","1":"product","2":"type-product","3":"status-publish","4":"has-post-thumbnail","6":"product_cat-antfarms","7":"product_cat-antfarms-l","9":"first","10":"instock","11":"taxable","12":"shipping-taxable","13":"purchasable","14":"product-type-simple"},"acf":[],"aioseo_notices":[],"jetpack_sharing_enabled":true,"_links":{"self":[{"href":"https:\/\/antcube.shop\/de\/wp-json\/wp\/v2\/product\/9247","targetHints":{"allow":["GET"]}}],"collection":[{"href":"https:\/\/antcube.shop\/de\/wp-json\/wp\/v2\/product"}],"about":[{"href":"https:\/\/antcube.shop\/de\/wp-json\/wp\/v2\/types\/product"}],"replies":[{"embeddable":true,"href":"https:\/\/antcube.shop\/de\/wp-json\/wp\/v2\/comments?post=9247"}],"wp:featuredmedia":[{"embeddable":true,"href":"https:\/\/antcube.shop\/de\/wp-json\/wp\/v2\/media\/9683"}],"wp:attachment":[{"href":"https:\/\/antcube.shop\/de\/wp-json\/wp\/v2\/media?parent=9247"}],"wp:term":[{"taxonomy":"product_brand","embeddable":true,"href":"https:\/\/antcube.shop\/de\/wp-json\/wp\/v2\/product_brand?post=9247"},{"taxonomy":"product_cat","embeddable":true,"href":"https:\/\/antcube.shop\/de\/wp-json\/wp\/v2\/product_cat?post=9247"},{"taxonomy":"product_tag","embeddable":true,"href":"https:\/\/antcube.shop\/de\/wp-json\/wp\/v2\/product_tag?post=9247"}],"curies":[{"name":"wp","href":"https:\/\/api.w.org\/{rel}","templated":true}]}}