{"id":9244,"date":"2024-09-17T14:40:42","date_gmt":"2024-09-17T12:40:42","guid":{"rendered":"https:\/\/antcube.shop\/en\/product\/antcube-gipsnest-20x10-stehend\/"},"modified":"2026-04-20T09:58:04","modified_gmt":"2026-04-20T07:58:04","slug":"antcube-gipsnest-20x10-stehend","status":"publish","type":"product","link":"https:\/\/antcube.shop\/de\/produkt\/antcube-gipsnest-20x10-stehend\/","title":{"rendered":"ANTCUBE - Gipsnest 20\u00d710 - stehend"},"content":{"rendered":"<p><strong>Abmessungen:<\/strong> 182 x 59 x 19,5 mm<\/p>\n<p><strong>Material:<\/strong> Gips<\/p>\n<p>Passt nur in unsere Ameisenfarmen der Gr\u00f6\u00dfe <span style=\"font-size: 10.5pt; font-family: Arial; color: #0000ff; background-color: transparent; font-weight: bold; font-style: normal; font-variant: normal; text-decoration: none; vertical-align: baseline;\">L<\/span><\/p>\n<p><strong>Beschreibung:<\/strong> Unser Gipsnest mit vorgefertigten G\u00e4ngen und Kammern ist f\u00fcr viele Ameisenarten geeignet, insbesondere f\u00fcr Arten, die ihre Nester in sehr sandigen oder steinigen B\u00f6den bauen. Es hat ein Loch f\u00fcr den Zugang zum Nest. Gips hat die Eigenschaft, Wasser zu absorbieren, so dass eine gewisse Menge an Feuchtigkeit gespeichert wird. Dennoch sollte das Gipsnest nicht dauerhaft feucht gehalten werden, da sich sonst Schimmel bilden kann (durch Futterreste oder Exkremente der Ameisen). Daher sollten hier nach M\u00f6glichkeit Arten aus eher trockenen Regionen gehalten werden. Das w\u00e4ren z.B. Arten aus Mittelmeer- oder W\u00fcstenregionen.<\/p>","protected":false},"excerpt":{"rendered":"<p>Abmessungen: 182 x 59 x 19,5 mm Material: Gips Passt nur in unsere Ameisenfarmen der Gr\u00f6\u00dfe L Beschreibung: Unser Gipsnest mit vorgefertigten G\u00e4ngen und Kammern ist f\u00fcr viele Ameisenarten geeignet, insbesondere f\u00fcr Arten, die ihre Nester in sehr sandigen oder steinigen B\u00f6den bauen. Es hat ein Loch f\u00fcr den Zugang zu den [...]","protected":false},"featured_media":9676,"comment_status":"open","ping_status":"closed","template":"","meta":{"_acf_changed":false,"content-type":"","_monsterinsights_skip_tracking":false,"_monsterinsights_sitenote_active":false,"_monsterinsights_sitenote_note":"","_monsterinsights_sitenote_category":0},"product_brand":[],"product_cat":[87,90],"product_tag":[],"class_list":{"0":"post-9244","1":"product","2":"type-product","3":"status-publish","4":"has-post-thumbnail","6":"product_cat-nest-insets","7":"product_cat-gypsum","9":"first","10":"instock","11":"taxable","12":"shipping-taxable","13":"purchasable","14":"product-type-simple"},"acf":[],"aioseo_notices":[],"jetpack_sharing_enabled":true,"_links":{"self":[{"href":"https:\/\/antcube.shop\/de\/wp-json\/wp\/v2\/product\/9244","targetHints":{"allow":["GET"]}}],"collection":[{"href":"https:\/\/antcube.shop\/de\/wp-json\/wp\/v2\/product"}],"about":[{"href":"https:\/\/antcube.shop\/de\/wp-json\/wp\/v2\/types\/product"}],"replies":[{"embeddable":true,"href":"https:\/\/antcube.shop\/de\/wp-json\/wp\/v2\/comments?post=9244"}],"wp:featuredmedia":[{"embeddable":true,"href":"https:\/\/antcube.shop\/de\/wp-json\/wp\/v2\/media\/9676"}],"wp:attachment":[{"href":"https:\/\/antcube.shop\/de\/wp-json\/wp\/v2\/media?parent=9244"}],"wp:term":[{"taxonomy":"product_brand","embeddable":true,"href":"https:\/\/antcube.shop\/de\/wp-json\/wp\/v2\/product_brand?post=9244"},{"taxonomy":"product_cat","embeddable":true,"href":"https:\/\/antcube.shop\/de\/wp-json\/wp\/v2\/product_cat?post=9244"},{"taxonomy":"product_tag","embeddable":true,"href":"https:\/\/antcube.shop\/de\/wp-json\/wp\/v2\/product_tag?post=9244"}],"curies":[{"name":"wp","href":"https:\/\/api.w.org\/{rel}","templated":true}]}}