{"id":9241,"date":"2024-09-17T14:39:21","date_gmt":"2024-09-17T12:39:21","guid":{"rendered":"https:\/\/antcube.shop\/en\/product\/antcube-digfix-platte-40x20-xl\/"},"modified":"2026-03-09T18:09:43","modified_gmt":"2026-03-09T17:09:43","slug":"antcube-digfix-platte-40x20-xl","status":"publish","type":"product","link":"https:\/\/antcube.shop\/de\/produkt\/antcube-digfix-platte-40x20-xl\/","title":{"rendered":"ANTCUBE - Digfix Platte 40\u00d720 - XL"},"content":{"rendered":"<p><strong>Abmessungen:<\/strong> <span style=\"font-size: 14.4px;\">384x130x50 mm (383-385mm Toleranz)<\/span><\/p>\n<p><strong>Material:<\/strong> Digfix<\/p>\n<p><strong>Beschreibung:<\/strong> Die Digfix-Platte aus grabbarem Material ist die perfekte Erg\u00e4nzung zu unseren ANTCUBE Ameisenfarmen. Sie kann sowohl trocken als auch nass verwendet werden. Sie ist auch f\u00fcr viele Ameisenarten geeignet, insbesondere f\u00fcr Arten, die in Sand und (totem) Holz nisten. Es kann anstelle von Sand\/Lehm-Mischungen oder Korknesteins\u00e4tzen verwendet werden. Ein gro\u00dfer Vorteil gegen\u00fcber Korknestern ist, dass Digfix auch bei N\u00e4sse nicht schimmelt. Das bedeutet, dass Ameisenarten mit einem hohen Feuchtigkeitsbedarf problemlos mit ausreichend Wasser versorgt werden k\u00f6nnen. Digfix hat auch den Vorteil, dass grabende Ameisenarten beim Graben die Glasscheiben ihres Nestes nicht verschmutzen und somit eine perfekte Sicht ins Nest haben.<\/p>\n<p><strong>Anmerkung:<\/strong> Die nat\u00fcrliche Farbe kann zwischen gr\u00fcn\/grau-braun und erd-braun variieren. Der Farbton hat keinen Einfluss auf die Qualit\u00e4t.<br \/>\nAufgrund des Herstellungsprozesses k\u00f6nnen die Abmessungen um +\/- 1 mm variieren.<\/p>","protected":false},"excerpt":{"rendered":"<p>Gr\u00f6\u00dfe: <span style=\"color: #ff0000;\"><strong>XL<\/strong><\/span><\/p>","protected":false},"featured_media":9669,"comment_status":"open","ping_status":"closed","template":"","meta":{"_acf_changed":false,"content-type":"","_monsterinsights_skip_tracking":false,"_monsterinsights_sitenote_active":false,"_monsterinsights_sitenote_note":"","_monsterinsights_sitenote_category":0},"product_brand":[],"product_cat":[87,88],"product_tag":[],"class_list":{"0":"post-9241","1":"product","2":"type-product","3":"status-publish","4":"has-post-thumbnail","6":"product_cat-nest-insets","7":"product_cat-digfix","9":"first","10":"instock","11":"taxable","12":"shipping-taxable","13":"purchasable","14":"product-type-simple"},"acf":[],"aioseo_notices":[],"jetpack_sharing_enabled":true,"_links":{"self":[{"href":"https:\/\/antcube.shop\/de\/wp-json\/wp\/v2\/product\/9241","targetHints":{"allow":["GET"]}}],"collection":[{"href":"https:\/\/antcube.shop\/de\/wp-json\/wp\/v2\/product"}],"about":[{"href":"https:\/\/antcube.shop\/de\/wp-json\/wp\/v2\/types\/product"}],"replies":[{"embeddable":true,"href":"https:\/\/antcube.shop\/de\/wp-json\/wp\/v2\/comments?post=9241"}],"wp:featuredmedia":[{"embeddable":true,"href":"https:\/\/antcube.shop\/de\/wp-json\/wp\/v2\/media\/9669"}],"wp:attachment":[{"href":"https:\/\/antcube.shop\/de\/wp-json\/wp\/v2\/media?parent=9241"}],"wp:term":[{"taxonomy":"product_brand","embeddable":true,"href":"https:\/\/antcube.shop\/de\/wp-json\/wp\/v2\/product_brand?post=9241"},{"taxonomy":"product_cat","embeddable":true,"href":"https:\/\/antcube.shop\/de\/wp-json\/wp\/v2\/product_cat?post=9241"},{"taxonomy":"product_tag","embeddable":true,"href":"https:\/\/antcube.shop\/de\/wp-json\/wp\/v2\/product_tag?post=9241"}],"curies":[{"name":"wp","href":"https:\/\/api.w.org\/{rel}","templated":true}]}}