{"id":9236,"date":"2024-09-17T14:31:58","date_gmt":"2024-09-17T12:31:58","guid":{"rendered":"https:\/\/antcube.shop\/en\/product\/ameisenarena-rahmen-20x10\/"},"modified":"2026-04-15T18:35:09","modified_gmt":"2026-04-15T16:35:09","slug":"ameisen-arena-rahmen-20x10","status":"publish","type":"product","link":"https:\/\/antcube.shop\/de\/produkt\/ameisen-arena-rahmen-20x10\/","title":{"rendered":"Ameisenarena-Rahmen 20\u00d710"},"content":{"rendered":"<p><strong>Abmessungen (LxBxH):<\/strong> 20x10x0,4 cm<\/p>\n<p><strong>Material:<\/strong> Floatglas<\/p>\n<p><strong>Farbe:<\/strong> klar \/ transparent<\/p>\n<p><strong>Inhalt:<\/strong><br \/>\n1x Ameisen-Arena-Rahmen<\/p>\n<p><strong>Beschreibung:<\/strong><br \/>\nRahmen aus Glas f\u00fcr eine Ameisenarena als Fluchtschutz.<\/p>\n<p><strong>Anwendung:<\/strong><br \/>\nEin Ameisenstra\u00dfen-Rahmen ist ein Rahmen aus Glas, der auf eine Ameisenstra\u00dfe gestellt wird und von der Unterseite mit einem Ausbruchsschutz (\u00d6l, Pulver oder Lack) versehen ist, um ein Ausbrechen der Ameisen zu verhindern.<\/p>\n<p><strong>Hinweis:<\/strong><br \/>\nDa der Artikel aus Glas besteht und daher empfindlich ist, sollte er sehr vorsichtig behandelt werden. Das Glas ist nach DIN 1249 mit einer Toleranz von +\/- 1mm geschnitten. Bei extrem kleinen Ameisenarten ist ein zus\u00e4tzlicher Ausbruchsschutz erforderlich.<\/p>","protected":false},"excerpt":{"rendered":"<p>Abmessungen (LxBxH): 60x30x0,4 cm Material: Floatglas Farbe: klar \/ transparent Inhalt: 1x Ameisenarena-Rahmen Beschreibung: Rahmen aus Glas f\u00fcr eine Ameisenarena als Fluchtschutz. Anwendung: Ein Ameisen-Arena-Rahmen ist ein Rahmen aus Glas, der auf eine Ameisen-Arena aufgesetzt wird und mit einem Ausbruchsschutz (\u00d6l, Pulver, etc.) versehen ist.","protected":false},"featured_media":9498,"comment_status":"open","ping_status":"closed","template":"","meta":{"_acf_changed":false,"content-type":"","_monsterinsights_skip_tracking":false,"_monsterinsights_sitenote_active":false,"_monsterinsights_sitenote_note":"","_monsterinsights_sitenote_category":0},"product_brand":[],"product_cat":[91,93],"product_tag":[],"class_list":{"0":"post-9236","1":"product","2":"type-product","3":"status-publish","4":"has-post-thumbnail","6":"product_cat-formicarium-modules","7":"product_cat-arena-frame","9":"first","10":"instock","11":"taxable","12":"shipping-taxable","13":"purchasable","14":"product-type-simple"},"acf":[],"aioseo_notices":[],"jetpack_sharing_enabled":true,"_links":{"self":[{"href":"https:\/\/antcube.shop\/de\/wp-json\/wp\/v2\/product\/9236","targetHints":{"allow":["GET"]}}],"collection":[{"href":"https:\/\/antcube.shop\/de\/wp-json\/wp\/v2\/product"}],"about":[{"href":"https:\/\/antcube.shop\/de\/wp-json\/wp\/v2\/types\/product"}],"replies":[{"embeddable":true,"href":"https:\/\/antcube.shop\/de\/wp-json\/wp\/v2\/comments?post=9236"}],"wp:featuredmedia":[{"embeddable":true,"href":"https:\/\/antcube.shop\/de\/wp-json\/wp\/v2\/media\/9498"}],"wp:attachment":[{"href":"https:\/\/antcube.shop\/de\/wp-json\/wp\/v2\/media?parent=9236"}],"wp:term":[{"taxonomy":"product_brand","embeddable":true,"href":"https:\/\/antcube.shop\/de\/wp-json\/wp\/v2\/product_brand?post=9236"},{"taxonomy":"product_cat","embeddable":true,"href":"https:\/\/antcube.shop\/de\/wp-json\/wp\/v2\/product_cat?post=9236"},{"taxonomy":"product_tag","embeddable":true,"href":"https:\/\/antcube.shop\/de\/wp-json\/wp\/v2\/product_tag?post=9236"}],"curies":[{"name":"wp","href":"https:\/\/api.w.org\/{rel}","templated":true}]}}