{"id":9234,"date":"2024-09-17T14:31:14","date_gmt":"2024-09-17T12:31:14","guid":{"rendered":"https:\/\/antcube.shop\/en\/product\/ameisenarena-lufter-50mm\/"},"modified":"2026-04-21T18:47:18","modified_gmt":"2026-04-21T16:47:18","slug":"ameisenarena-lufter-50mm","status":"publish","type":"product","link":"https:\/\/antcube.shop\/de\/produkt\/ameisenarena-lufter-50mm\/","title":{"rendered":"Ameisen-Arena - Ventilator 50mm"},"content":{"rendered":"<p><span data-text-color=\"alert\"><strong>Versand nur innerhalb Deutschlands m\u00f6glich!<\/strong><\/span><\/p>\n<p><strong>Inhalt:<\/strong><br \/>\n- L\u00fcfter 42mm<br \/>\n- Gittereinsatz 50 mm - transparent<br \/>\n- Stecker \/ Verbinder<\/p>\n<p><strong>Technische Daten:<\/strong><br \/>\nLeistung: 1W<br \/>\nSpannung: 12V<br \/>\nKabell\u00e4nge: 10 cm<br \/>\nTemperaturbereich -10 - +60 \u00b0C<br \/>\nLebensdauer 50 000 h<br \/>\nLuftdurchsatz 10 m\u00b3\/h (mit Gitteraufsatz, der Durchsatz reduziert sich je nach \u00d6ffnungsgr\u00f6\u00dfe)<\/p>\n<p><strong>Material:<\/strong> Kunststoff<\/p>\n<p><strong>Farbe:<\/strong> wei\u00df \/ transparent<\/p>\n<p><strong>Beschreibung:<\/strong><br \/>\nZur Bel\u00fcftung eines Ameisenhauses kann dieser Ventilator direkt in die Abdeckung des Ameisenhauses eingesteckt werden.<\/p>\n<p><strong>Informationen zur Umwelt:<\/strong><br \/>\nEine besondere Entsorgung kann erforderlich sein. Bitte wenden Sie sich an Ihre \u00f6rtlichen Beh\u00f6rden.<br \/>\nWeitere Informationen:<\/p>\n<blockquote class=\"wp-embedded-content\" data-secret=\"E5wsFkHgL8\"><p><a href=\"https:\/\/antcube.shop\/en\/electrical-devices-act\/\">Gesetz \u00fcber elektrische Ger\u00e4te<\/a><\/p><\/blockquote>\n<p><iframe loading=\"lazy\" class=\"wp-embedded-content\" sandbox=\"allow-scripts\" security=\"restricted\" style=\"position: absolute; visibility: hidden;\" title=\"&quot;Gesetz \u00fcber elektrische Ger\u00e4te&quot; - ANTCUBE\" src=\"https:\/\/antcube.shop\/en\/electrical-devices-act\/embed\/#?secret=BvHuHVTyVI#?secret=E5wsFkHgL8\" data-secret=\"E5wsFkHgL8\" width=\"600\" height=\"338\" frameborder=\"0\" marginwidth=\"0\" marginheight=\"0\" scrolling=\"no\"><\/iframe><\/p>\n<p>&nbsp;<\/p>\n<p>Dieser Artikel ist registriert unter WEEE-Reg. DE 54590387.<\/p>\n<p>&nbsp;<\/p>","protected":false},"excerpt":{"rendered":"<p>Versand nur innerhalb Deutschlands m\u00f6glich! Inhalt: - L\u00fcfter 42mm - Gittereinsatz 50 mm - transparent - Stecker \/ Anschluss Technische Daten: Leistung: 1W Spannung: 12V Kabell\u00e4nge: 10 cm Temperaturbereich -10 - +60 \u00b0C Lebensdauer 50 000 h Luftdurchsatz 10 m\u00b3\/h (mit Gitteraufsatz reduziert sich der Durchsatz je nach [...]","protected":false},"featured_media":9512,"comment_status":"open","ping_status":"closed","template":"","meta":{"_acf_changed":false,"content-type":"","_monsterinsights_skip_tracking":false,"_monsterinsights_sitenote_active":false,"_monsterinsights_sitenote_note":"","_monsterinsights_sitenote_category":0},"product_brand":[],"product_cat":[359,119],"product_tag":[],"class_list":{"0":"post-9234","1":"product","2":"type-product","3":"status-publish","4":"has-post-thumbnail","6":"product_cat-light-heat-humidity","7":"product_cat-formicarium-components","9":"first","10":"instock","11":"taxable","12":"shipping-taxable","13":"purchasable","14":"product-type-simple"},"acf":[],"aioseo_notices":[],"jetpack_sharing_enabled":true,"_links":{"self":[{"href":"https:\/\/antcube.shop\/de\/wp-json\/wp\/v2\/product\/9234","targetHints":{"allow":["GET"]}}],"collection":[{"href":"https:\/\/antcube.shop\/de\/wp-json\/wp\/v2\/product"}],"about":[{"href":"https:\/\/antcube.shop\/de\/wp-json\/wp\/v2\/types\/product"}],"replies":[{"embeddable":true,"href":"https:\/\/antcube.shop\/de\/wp-json\/wp\/v2\/comments?post=9234"}],"wp:featuredmedia":[{"embeddable":true,"href":"https:\/\/antcube.shop\/de\/wp-json\/wp\/v2\/media\/9512"}],"wp:attachment":[{"href":"https:\/\/antcube.shop\/de\/wp-json\/wp\/v2\/media?parent=9234"}],"wp:term":[{"taxonomy":"product_brand","embeddable":true,"href":"https:\/\/antcube.shop\/de\/wp-json\/wp\/v2\/product_brand?post=9234"},{"taxonomy":"product_cat","embeddable":true,"href":"https:\/\/antcube.shop\/de\/wp-json\/wp\/v2\/product_cat?post=9234"},{"taxonomy":"product_tag","embeddable":true,"href":"https:\/\/antcube.shop\/de\/wp-json\/wp\/v2\/product_tag?post=9234"}],"curies":[{"name":"wp","href":"https:\/\/api.w.org\/{rel}","templated":true}]}}