{"id":9233,"date":"2024-09-17T14:30:50","date_gmt":"2024-09-17T12:30:50","guid":{"rendered":"https:\/\/antcube.shop\/en\/product\/ameisenarena-lufter-set-50mm-mit-netzgerat\/"},"modified":"2026-04-02T18:12:07","modified_gmt":"2026-04-02T16:12:07","slug":"ameisenarena-lufter-set-50mm-mit-netzgerat","status":"publish","type":"product","link":"https:\/\/antcube.shop\/de\/produkt\/ameisenarena-lufter-set-50mm-mit-netzgerat\/","title":{"rendered":"Ant Arena - L\u00fcfterset 50mm mit Netzteil"},"content":{"rendered":"<p><span data-text-color=\"alert\"><strong>Versand nur innerhalb Deutschlands m\u00f6glich!<\/strong><\/span><\/p>\n<p><strong>Inhalt:<\/strong><br \/>\n- L\u00fcfter 42mm<br \/>\n- auf Gittereinsatz 50mm - transparent<br \/>\n- Stromversorgungseinheit<br \/>\n- Stecker \/ Verbinder<\/p>\n<p><strong>Technische Daten:<\/strong><br \/>\nLeistung des Netzteils: 2,5 A (12 W)<br \/>\nEingangsspannung: 100V-240V<br \/>\nSpannungsausgang: 5V<br \/>\nKabell\u00e4nge: 10 cm (L\u00fcfter)<br \/>\nKabell\u00e4nge: 90 cm (Steckernetzteil)<br \/>\nLeistung L\u00fcfter 1 W<br \/>\nTemperaturbereich -10 - +60 \u00b0C<br \/>\nLebensdauer 50 000 h<br \/>\nLuftdurchsatz 10 m\u00b3\/h (mit Gitteraufsatz, der Durchsatz reduziert sich je nach \u00d6ffnungsgr\u00f6\u00dfe)<\/p>\n<p><strong>Abmessungen:<\/strong> 5 x 5 x 1 cm (F\u00e4cher)<\/p>\n<p><strong>Material:<\/strong> Kunststoff<\/p>\n<p><strong>Farbe:<\/strong> transparent, transluzent (L\u00fcfter); schwarz (Netzteil)<\/p>\n<p><strong>Beschreibung:<\/strong><br \/>\nDie Bel\u00fcftung ist besonders wichtig, um ein m\u00f6glichst nat\u00fcrliches Klima in einem Formicarium zu erreichen und Schimmelbildung zu verhindern. Der Ventilator kann entweder \u00fcber die vier Schraub\u00f6ffnungen montiert werden oder muss mit Silikon oder einem Kunststoffkleber befestigt werden. Der Motor l\u00e4uft nahezu ger\u00e4uschlos und vibrationsfrei.<\/p>\n<p><strong>Informationen zur Umwelt:<\/strong><br \/>\nEine besondere Entsorgung kann erforderlich sein. Bitte wenden Sie sich an Ihre \u00f6rtlichen Beh\u00f6rden.<br \/>\nWeitere Informationen:<\/p>\n<blockquote class=\"wp-embedded-content\" data-secret=\"jOGF5OPQCF\"><p><a href=\"https:\/\/antcube.shop\/en\/electrical-devices-act\/\">Gesetz \u00fcber elektrische Ger\u00e4te<\/a><\/p><\/blockquote>\n<p><iframe loading=\"lazy\" class=\"wp-embedded-content\" sandbox=\"allow-scripts\" security=\"restricted\" style=\"position: absolute; visibility: hidden;\" title=\"&quot;Gesetz \u00fcber elektrische Ger\u00e4te&quot; - ANTCUBE\" src=\"https:\/\/antcube.shop\/en\/electrical-devices-act\/embed\/#?secret=NfRYQNwKWB#?secret=jOGF5OPQCF\" data-secret=\"jOGF5OPQCF\" width=\"600\" height=\"338\" frameborder=\"0\" marginwidth=\"0\" marginheight=\"0\" scrolling=\"no\"><\/iframe><\/p>","protected":false},"excerpt":{"rendered":"<p>Shipping only possible in Germany! Contents: &#8211; Fan 42mm &#8211; on grille insert 50mm &#8211; transparent &#8211; Power supply unit &#8211; Plug \/ connector Technical specifications: Power supply unit output: 2.5 A (12W) Voltage input: 100V-240V Voltage output: 5V Cable length: 10 cm (fan) Cable length: 90 cm (power supply unit) Power fan 1 W [&#8230;]","protected":false},"featured_media":9507,"comment_status":"open","ping_status":"closed","template":"","meta":{"_acf_changed":false,"content-type":"","_monsterinsights_skip_tracking":false,"_monsterinsights_sitenote_active":false,"_monsterinsights_sitenote_note":"","_monsterinsights_sitenote_category":0},"product_brand":[],"product_cat":[359,119],"product_tag":[],"class_list":{"0":"post-9233","1":"product","2":"type-product","3":"status-publish","4":"has-post-thumbnail","6":"product_cat-light-heat-humidity","7":"product_cat-formicarium-components","9":"first","10":"outofstock","11":"taxable","12":"shipping-taxable","13":"purchasable","14":"product-type-simple"},"acf":[],"aioseo_notices":[],"jetpack_sharing_enabled":true,"_links":{"self":[{"href":"https:\/\/antcube.shop\/de\/wp-json\/wp\/v2\/product\/9233","targetHints":{"allow":["GET"]}}],"collection":[{"href":"https:\/\/antcube.shop\/de\/wp-json\/wp\/v2\/product"}],"about":[{"href":"https:\/\/antcube.shop\/de\/wp-json\/wp\/v2\/types\/product"}],"replies":[{"embeddable":true,"href":"https:\/\/antcube.shop\/de\/wp-json\/wp\/v2\/comments?post=9233"}],"wp:featuredmedia":[{"embeddable":true,"href":"https:\/\/antcube.shop\/de\/wp-json\/wp\/v2\/media\/9507"}],"wp:attachment":[{"href":"https:\/\/antcube.shop\/de\/wp-json\/wp\/v2\/media?parent=9233"}],"wp:term":[{"taxonomy":"product_brand","embeddable":true,"href":"https:\/\/antcube.shop\/de\/wp-json\/wp\/v2\/product_brand?post=9233"},{"taxonomy":"product_cat","embeddable":true,"href":"https:\/\/antcube.shop\/de\/wp-json\/wp\/v2\/product_cat?post=9233"},{"taxonomy":"product_tag","embeddable":true,"href":"https:\/\/antcube.shop\/de\/wp-json\/wp\/v2\/product_tag?post=9233"}],"curies":[{"name":"wp","href":"https:\/\/api.w.org\/{rel}","templated":true}]}}