{"id":9229,"date":"2024-09-17T14:29:20","date_gmt":"2024-09-17T12:29:20","guid":{"rendered":"https:\/\/antcube.shop\/en\/product\/antcube-ameisenarenaeinsatz-m-20x10\/"},"modified":"2026-03-09T17:40:16","modified_gmt":"2026-03-09T16:40:16","slug":"antcube-ameisenarena-einsatz-m-20x10","status":"publish","type":"product","link":"https:\/\/antcube.shop\/de\/produkt\/antcube-ameisenarena-einsatz-m-20x10\/","title":{"rendered":"ANTCUBE Ameisenarena-Einsatz - M - 20\u00d720"},"content":{"rendered":"<p><strong>Abmessungen:<\/strong><br \/>\nAu\u00dfen: 190 x 18 x 76mm<br \/>\nInnenma\u00dfe: 184 x 10 x 69 mm<\/p>\n<p><strong>Material:<\/strong> Floatglas<\/p>\n<p><strong>Farbe:<\/strong> transparent<\/p>\n<p><strong>Inhalt:<\/strong><br \/>\n1x Ameisenarena-Einsatz<br \/>\n1x Abdeckung<br \/>\n1x Befestigungspunkte 2 Stk.<\/p>\n<p><strong>Beschreibung:<\/strong><br \/>\nDieser Nesteinsatz kann in eine ANTCUBE Ameisenarena gestellt und mit einem grabbaren Material (z.B. Sand\/Lehm-Gemisch oder Digfix) gef\u00fcllt werden. Das Besondere daran ist, dass er leicht aus der Arena entnommen werden kann, z. B. zum \u00dcberwintern mit den Ameisen. Im unteren Teil befinden sich zwei 10-mm-L\u00f6cher f\u00fcr den Ein- und Ausgang und zur Bel\u00fcftung. Diese k\u00f6nnen zur \u00dcberwinterung mit 10-mm-Stopfen verschlossen werden (diese sind nicht im Lieferumfang enthalten).<\/p>\n<p><strong>Anmerkung:<\/strong> Der Glaszuschnitt erfolgt nach DIN 1249 mit einer Toleranz von +\/- 1 mm. F\u00fcr extrem kleine Ameisenarten ist ein zus\u00e4tzlicher Ausbruchsschutz erforderlich.<\/p>","protected":false},"excerpt":{"rendered":"<p>Gr\u00f6\u00dfe: <span style=\"color: #008000;\"><strong>M<\/strong><\/span><\/p>","protected":false},"featured_media":9523,"comment_status":"open","ping_status":"closed","template":"","meta":{"_acf_changed":false,"content-type":"","_monsterinsights_skip_tracking":false,"_monsterinsights_sitenote_active":false,"_monsterinsights_sitenote_note":"","_monsterinsights_sitenote_category":0},"product_brand":[],"product_cat":[91,94],"product_tag":[],"class_list":{"0":"post-9229","1":"product","2":"type-product","3":"status-publish","4":"has-post-thumbnail","6":"product_cat-formicarium-modules","7":"product_cat-arena-inset","9":"first","10":"instock","11":"taxable","12":"shipping-taxable","13":"purchasable","14":"product-type-simple"},"acf":[],"aioseo_notices":[],"jetpack_sharing_enabled":true,"_links":{"self":[{"href":"https:\/\/antcube.shop\/de\/wp-json\/wp\/v2\/product\/9229","targetHints":{"allow":["GET"]}}],"collection":[{"href":"https:\/\/antcube.shop\/de\/wp-json\/wp\/v2\/product"}],"about":[{"href":"https:\/\/antcube.shop\/de\/wp-json\/wp\/v2\/types\/product"}],"replies":[{"embeddable":true,"href":"https:\/\/antcube.shop\/de\/wp-json\/wp\/v2\/comments?post=9229"}],"wp:featuredmedia":[{"embeddable":true,"href":"https:\/\/antcube.shop\/de\/wp-json\/wp\/v2\/media\/9523"}],"wp:attachment":[{"href":"https:\/\/antcube.shop\/de\/wp-json\/wp\/v2\/media?parent=9229"}],"wp:term":[{"taxonomy":"product_brand","embeddable":true,"href":"https:\/\/antcube.shop\/de\/wp-json\/wp\/v2\/product_brand?post=9229"},{"taxonomy":"product_cat","embeddable":true,"href":"https:\/\/antcube.shop\/de\/wp-json\/wp\/v2\/product_cat?post=9229"},{"taxonomy":"product_tag","embeddable":true,"href":"https:\/\/antcube.shop\/de\/wp-json\/wp\/v2\/product_tag?post=9229"}],"curies":[{"name":"wp","href":"https:\/\/api.w.org\/{rel}","templated":true}]}}