{"id":9227,"date":"2024-09-17T14:28:29","date_gmt":"2024-09-17T12:28:29","guid":{"rendered":"https:\/\/antcube.shop\/en\/product\/antcube-ameisenarenaeinsatz-m-40x20\/"},"modified":"2026-01-12T12:37:38","modified_gmt":"2026-01-12T11:37:38","slug":"ameisenwurfel-ameisenarena-einsatz-m-40x20","status":"publish","type":"product","link":"https:\/\/antcube.shop\/de\/produkt\/ameisenwurfel-ameisenarena-einsatz-m-40x20\/","title":{"rendered":"ANTCUBE Ameisenarena-Einsatz - M - 20\u00d720"},"content":{"rendered":"<p><strong>Gr\u00f6\u00dfe:<\/strong><br \/>\nAu\u00dfen: 390 x 18 x 176mm<br \/>\nInnenma\u00dfe: 384 x 10 x 169 mm<\/p>\n<p><strong>Material:<\/strong> Floatglas<\/p>\n<p><strong>Farbe:<\/strong> transparent<\/p>\n<p><strong>Inhalt:<\/strong><br \/>\n1x Ameisenarena-Einsatz<br \/>\n1x Abdeckung<br \/>\n1x Fixierungspunkte 2 Stk.<\/p>\n<p><strong>Beschreibung:<\/strong><br \/>\nDieser Nesteinsatz kann in eine ANTCUBE Ameisenarena gestellt und mit einem zum Graben geeigneten Material (z.B. Sand-Lehm-Gemisch oder Digfix) gef\u00fcllt werden. Das Besondere daran ist, dass er bequem aus der Arena entnommen werden kann, z.B. zum \u00dcberwintern mit den Ameisen. Als Ein- und Ausgang und zur Bel\u00fcftung befinden sich im unteren Bereich zwei 10mm L\u00f6cher. Zur \u00dcberwinterung k\u00f6nnen diese mit 10mm Stopfen verschlossen werden (diese sind nicht im Lieferumfang enthalten).<\/p>\n<p><strong>Anmerkung:<\/strong> Der Glaszuschnitt erfolgt nach DIN 1249 mit einer Toleranz von +\/- 1mm. F\u00fcr extrem kleine Ameisenarten ist ein zus\u00e4tzlicher Ausbruchsschutz unerl\u00e4sslich.<\/p>","protected":false},"excerpt":{"rendered":"<p>Gr\u00f6\u00dfe: <span style=\"color: #008000;\"><strong>M<\/strong><\/span><\/p>","protected":false},"featured_media":9527,"comment_status":"open","ping_status":"closed","template":"","meta":{"_acf_changed":false,"content-type":"","_monsterinsights_skip_tracking":false,"_monsterinsights_sitenote_active":false,"_monsterinsights_sitenote_note":"","_monsterinsights_sitenote_category":0},"product_brand":[],"product_cat":[91,94],"product_tag":[],"class_list":{"0":"post-9227","1":"product","2":"type-product","3":"status-publish","4":"has-post-thumbnail","6":"product_cat-formicarium-modules","7":"product_cat-arena-inset","9":"first","10":"instock","11":"taxable","12":"shipping-taxable","13":"purchasable","14":"product-type-simple"},"acf":[],"aioseo_notices":[],"jetpack_sharing_enabled":true,"_links":{"self":[{"href":"https:\/\/antcube.shop\/de\/wp-json\/wp\/v2\/product\/9227","targetHints":{"allow":["GET"]}}],"collection":[{"href":"https:\/\/antcube.shop\/de\/wp-json\/wp\/v2\/product"}],"about":[{"href":"https:\/\/antcube.shop\/de\/wp-json\/wp\/v2\/types\/product"}],"replies":[{"embeddable":true,"href":"https:\/\/antcube.shop\/de\/wp-json\/wp\/v2\/comments?post=9227"}],"wp:featuredmedia":[{"embeddable":true,"href":"https:\/\/antcube.shop\/de\/wp-json\/wp\/v2\/media\/9527"}],"wp:attachment":[{"href":"https:\/\/antcube.shop\/de\/wp-json\/wp\/v2\/media?parent=9227"}],"wp:term":[{"taxonomy":"product_brand","embeddable":true,"href":"https:\/\/antcube.shop\/de\/wp-json\/wp\/v2\/product_brand?post=9227"},{"taxonomy":"product_cat","embeddable":true,"href":"https:\/\/antcube.shop\/de\/wp-json\/wp\/v2\/product_cat?post=9227"},{"taxonomy":"product_tag","embeddable":true,"href":"https:\/\/antcube.shop\/de\/wp-json\/wp\/v2\/product_tag?post=9227"}],"curies":[{"name":"wp","href":"https:\/\/api.w.org\/{rel}","templated":true}]}}