{"id":9218,"date":"2024-09-17T14:24:56","date_gmt":"2024-09-17T12:24:56","guid":{"rendered":"https:\/\/antcube.shop\/en\/product\/antcube-ameisenfarm-xl-60x30-stehend\/"},"modified":"2026-04-14T15:36:16","modified_gmt":"2026-04-14T13:36:16","slug":"antcube-ameisenfarm-xl-60x30-stehend","status":"publish","type":"product","link":"https:\/\/antcube.shop\/de\/produkt\/antcube-ameisenfarm-xl-60x30-stehend\/","title":{"rendered":"ANTCUBE - Ameisenfarm - XL - 60\u00d730 - stehend"},"content":{"rendered":"<p><span data-text-color=\"alert\"><strong>Versand nur \u00fcber GO! innerhalb Deutschlands oder \u00fcber Palette innerhalb Europas (keine Inseln) m\u00f6glich<\/strong><\/span><\/p>\n<p><strong>Abmessungen (LxBxH):<\/strong><br \/>\nAu\u00dfen: 590x58x299 mm<br \/>\nInnenraum: 584x50x290 mm<\/p>\n<p><strong>Material:<\/strong><br \/>\nFloatglas, Kunststoff<\/p>\n<p><strong>Farbe:<\/strong><br \/>\nkristallklar<\/p>\n<p><strong>Inhalt:<\/strong><br \/>\n1x ANTCUBE Ameisenfarm - 52mm Plattenabstand<br \/>\n1x Ameisenfarmabdeckung XL 60\u00d76<br \/>\n2x D\u00fcbel 4mm<\/p>\n<p><strong>Verbindung:<\/strong><br \/>\nAuf beiden Seiten befindet sich ein 27-mm-Loch, so dass diese Farm an einen 28-mm-Schlauch oder unseren \"Tankanschluss mit Schlauch f\u00fcr 27-mm-L\u00f6cher\" angeschlossen werden kann.<br \/>\n2x 4mm L\u00f6cher mit 4mm Stopfen.<\/p>\n<p><strong>Beschreibung:<\/strong><br \/>\nDiese vollst\u00e4ndig transparente Ameisenfarm ist f\u00fcr Ameisenarten der Gr\u00f6\u00dfe L geeignet.<\/p>\n<p><strong>Hinweise zur Produktion<\/strong><br \/>\nDas Glas ist nach DIN 1249 mit einer Toleranz von +\/;- 1mm geschliffen. F\u00fcr extrem kleine Ameisenarten ist ein zus\u00e4tzlicher Ameisenfluchtschutz unerl\u00e4sslich.<\/p>\n<p><strong>Anmerkung zum Bauernhof<\/strong><br \/>\nBitte beachten Sie beim Anbringen der Schl\u00e4uche Folgendes:<br \/>\nL\u00e4sst sich der Schlauch nur sehr schwer auf den Anschlussstutzen aufstecken, sollte der Stutzen leicht mit einem Tropfen unseres Ausbruchsicherungs\u00f6ls oder -pulvers eingerieben werden. Der Schlauch sollte dann mit drehenden oder schraubenden Bewegungen auf den Stutzen geschoben werden, ohne den Stutzen durch Auf- und Abbewegungen zu belasten.<\/p>","protected":false},"excerpt":{"rendered":"<p><strong>Verbindung<\/strong>27mm Loch f\u00fcr 28mm Schlauch oder \"Waschbeckenanschluss mit Schlauch f\u00fcr 27mm Loch\" + Deckel Plattenabstand: Innen 52mm<\/p>\n<p><strong>Gr\u00f6\u00dfe<\/strong>: XL<\/p>","protected":false},"featured_media":9546,"comment_status":"open","ping_status":"closed","template":"","meta":{"_acf_changed":false,"content-type":"","_monsterinsights_skip_tracking":false,"_monsterinsights_sitenote_active":false,"_monsterinsights_sitenote_note":"","_monsterinsights_sitenote_category":0},"product_brand":[],"product_cat":[80,84],"product_tag":[],"class_list":{"0":"post-9218","1":"product","2":"type-product","3":"status-publish","4":"has-post-thumbnail","6":"product_cat-antfarms","7":"product_cat-antfarms-xl","8":"product_shipping_class-fragile","10":"first","11":"instock","12":"taxable","13":"shipping-taxable","14":"purchasable","15":"product-type-simple"},"acf":[],"aioseo_notices":[],"jetpack_sharing_enabled":true,"_links":{"self":[{"href":"https:\/\/antcube.shop\/de\/wp-json\/wp\/v2\/product\/9218","targetHints":{"allow":["GET"]}}],"collection":[{"href":"https:\/\/antcube.shop\/de\/wp-json\/wp\/v2\/product"}],"about":[{"href":"https:\/\/antcube.shop\/de\/wp-json\/wp\/v2\/types\/product"}],"replies":[{"embeddable":true,"href":"https:\/\/antcube.shop\/de\/wp-json\/wp\/v2\/comments?post=9218"}],"wp:featuredmedia":[{"embeddable":true,"href":"https:\/\/antcube.shop\/de\/wp-json\/wp\/v2\/media\/9546"}],"wp:attachment":[{"href":"https:\/\/antcube.shop\/de\/wp-json\/wp\/v2\/media?parent=9218"}],"wp:term":[{"taxonomy":"product_brand","embeddable":true,"href":"https:\/\/antcube.shop\/de\/wp-json\/wp\/v2\/product_brand?post=9218"},{"taxonomy":"product_cat","embeddable":true,"href":"https:\/\/antcube.shop\/de\/wp-json\/wp\/v2\/product_cat?post=9218"},{"taxonomy":"product_tag","embeddable":true,"href":"https:\/\/antcube.shop\/de\/wp-json\/wp\/v2\/product_tag?post=9218"}],"curies":[{"name":"wp","href":"https:\/\/api.w.org\/{rel}","templated":true}]}}