{"id":9217,"date":"2024-09-17T14:24:20","date_gmt":"2024-09-17T12:24:20","guid":{"rendered":"https:\/\/antcube.shop\/en\/product\/antcube-ameisenfarm-m-20x10-stehend\/"},"modified":"2026-02-25T17:50:54","modified_gmt":"2026-02-25T16:50:54","slug":"antcube-ameisenfarm-m-20x10-stehend","status":"publish","type":"product","link":"https:\/\/antcube.shop\/de\/produkt\/antcube-ameisenfarm-m-20x10-stehend\/","title":{"rendered":"ANTCUBE - Ameisenfarm - M - 20\u00d710 - stehend"},"content":{"rendered":"<p><strong>Abmessungen (LxBxH):<\/strong><br \/>\nAu\u00dfen: 232x58x99 mm<br \/>\ninnen: 184x10x90 mm<\/p>\n<p><strong>Material:<\/strong><br \/>\nFloatglas, Kunststoff<\/p>\n<p><strong>Farbe:<\/strong><br \/>\nkristallklar<\/p>\n<p><strong>Inhalt:<\/strong><br \/>\n1x ANTCUBE Ameisenfarm - 10mm Plattenabstand<br \/>\n1x Ameisenfarmabdeckung M 20\u00d72<br \/>\n2x D\u00fcbel 4mm<\/p>\n<p><strong>Verbindung:<\/strong><br \/>\n2x 8\/10 x 10mm Steckdose<br \/>\n2x 4mm L\u00f6cher mit 4mm Stopfen<\/p>\n<p><strong>Beschreibung:<\/strong><br \/>\nDiese vollst\u00e4ndig transparente Ameisenfarm ist f\u00fcr Ameisenarten der Gr\u00f6\u00dfe M geeignet.<\/p>\n<p><strong>Hinweise zur Produktion<\/strong><br \/>\nDas Glas ist nach DIN 1249 mit einer Toleranz von +\/;- 1mm geschliffen. F\u00fcr extrem kleine Ameisenarten ist ein zus\u00e4tzlicher Ameisenfluchtschutz unerl\u00e4sslich.<\/p>\n<p><strong>Anmerkung zum Bauernhof<\/strong><br \/>\nBeim Anbringen oder Entfernen von Schl\u00e4uchen ist Folgendes zu beachten:<br \/>\nL\u00e4sst sich der Schlauch nur sehr schwer auf den Anschlussstutzen aufstecken, sollte der Stutzen leicht mit einem Tropfen unseres Ausbruchsicherungs\u00f6ls oder -pulvers eingerieben werden. Der Schlauch sollte dann mit drehenden oder schraubenden Bewegungen auf den Stutzen geschoben werden, ohne den Stutzen durch Auf- und Abw\u00e4rtsbewegungen zu belasten. Das Gleiche gilt f\u00fcr das Abziehen der Schl\u00e4uche von der Hofanschlussmuffe. Bitte nicht einfach abziehen!<\/p>","protected":false},"excerpt":{"rendered":"<p><strong>Verbindung:<\/strong> Buchse 2x 8\/10 mm + Deckel Plattenabstand: Innen 10 mm \/ au\u00dfen 18 mm<\/p>\n<p><strong>Gr\u00f6\u00dfe<\/strong>: M<\/p>","protected":false},"featured_media":9547,"comment_status":"open","ping_status":"closed","template":"","meta":{"_acf_changed":false,"content-type":"","_monsterinsights_skip_tracking":false,"_monsterinsights_sitenote_active":false,"_monsterinsights_sitenote_note":"","_monsterinsights_sitenote_category":0},"product_brand":[],"product_cat":[80,82],"product_tag":[],"class_list":{"0":"post-9217","1":"product","2":"type-product","3":"status-publish","4":"has-post-thumbnail","6":"product_cat-antfarms","7":"product_cat-antfarms-m","9":"first","10":"instock","11":"taxable","12":"shipping-taxable","13":"purchasable","14":"product-type-simple"},"acf":[],"aioseo_notices":[],"jetpack_sharing_enabled":true,"_links":{"self":[{"href":"https:\/\/antcube.shop\/de\/wp-json\/wp\/v2\/product\/9217","targetHints":{"allow":["GET"]}}],"collection":[{"href":"https:\/\/antcube.shop\/de\/wp-json\/wp\/v2\/product"}],"about":[{"href":"https:\/\/antcube.shop\/de\/wp-json\/wp\/v2\/types\/product"}],"replies":[{"embeddable":true,"href":"https:\/\/antcube.shop\/de\/wp-json\/wp\/v2\/comments?post=9217"}],"wp:featuredmedia":[{"embeddable":true,"href":"https:\/\/antcube.shop\/de\/wp-json\/wp\/v2\/media\/9547"}],"wp:attachment":[{"href":"https:\/\/antcube.shop\/de\/wp-json\/wp\/v2\/media?parent=9217"}],"wp:term":[{"taxonomy":"product_brand","embeddable":true,"href":"https:\/\/antcube.shop\/de\/wp-json\/wp\/v2\/product_brand?post=9217"},{"taxonomy":"product_cat","embeddable":true,"href":"https:\/\/antcube.shop\/de\/wp-json\/wp\/v2\/product_cat?post=9217"},{"taxonomy":"product_tag","embeddable":true,"href":"https:\/\/antcube.shop\/de\/wp-json\/wp\/v2\/product_tag?post=9217"}],"curies":[{"name":"wp","href":"https:\/\/api.w.org\/{rel}","templated":true}]}}