{"id":9215,"date":"2024-09-17T14:23:32","date_gmt":"2024-09-17T12:23:32","guid":{"rendered":"https:\/\/antcube.shop\/en\/product\/rote-abdeckplatte-30x30-liegend\/"},"modified":"2026-03-19T18:11:45","modified_gmt":"2026-03-19T17:11:45","slug":"rote-abdeckplatte-30x30-horizontal","status":"publish","type":"product","link":"https:\/\/antcube.shop\/de\/produkt\/rote-abdeckplatte-30x30-horizontal\/","title":{"rendered":"Rote Abdeckplatte 30\u00d730 - horizontal"},"content":{"rendered":"<p><strong>Abmessungen:<\/strong> 280 x 280 mm,<br \/>\nDicke: 3 mm<br \/>\n56mm Lochring Au\u00dfenma\u00df - 33mm Loch Innenma\u00df<\/p>\n<p><strong>Material:<\/strong> PMMA<\/p>\n<p><strong>Farbe:<\/strong> dunkelrot, transparent<\/p>\n<p><strong>Inhalt:<\/strong> 1 Stk.<\/p>\n<p><strong>Beschreibung:<\/strong> Die rot-transparente Abdeckplatte - horizontal - wird verwendet, um den Ameisen ein Gef\u00fchl von Untergrund zu vermitteln. Wir empfehlen daher, dieses Produkt zumindest teilweise im Nestbereich einzusetzen. Durch die Abdeckung kann man sogar die Ameisen im Nest sehen.<\/p>\n<p>Diese Abdeckplatte passt perfekt zu unserem \"ANTCUBE - Gipsnest 30\u00d730 - horizontal\".<\/p>","protected":false},"excerpt":{"rendered":"<p>Abmessungen: 180 x 180 mm, Dicke: 3 mm 56mm Lochring Au\u00dfenma\u00df - 33mm Loch Innenma\u00df Material: PMMA Farbe: dunkelrot, transparent Inhalt: 1 Stk. Beschreibung: Die rot-transparente Abdeckplatte - horizontal, wird verwendet, um den Ameisen ein unterirdisches Gef\u00fchl zu vermitteln. Wir empfehlen daher, dieses Produkt zumindest teilweise im Erdreich zu verwenden.","protected":false},"featured_media":9552,"comment_status":"open","ping_status":"closed","template":"","meta":{"_acf_changed":false,"content-type":"","_monsterinsights_skip_tracking":false,"_monsterinsights_sitenote_active":false,"_monsterinsights_sitenote_note":"","_monsterinsights_sitenote_category":0},"product_brand":[],"product_cat":[119,239],"product_tag":[],"class_list":{"0":"post-9215","1":"product","2":"type-product","3":"status-publish","4":"has-post-thumbnail","6":"product_cat-formicarium-components","7":"product_cat-useful-additions","9":"first","10":"instock","11":"taxable","12":"shipping-taxable","13":"purchasable","14":"product-type-simple"},"acf":[],"aioseo_notices":[],"jetpack_sharing_enabled":true,"_links":{"self":[{"href":"https:\/\/antcube.shop\/de\/wp-json\/wp\/v2\/product\/9215","targetHints":{"allow":["GET"]}}],"collection":[{"href":"https:\/\/antcube.shop\/de\/wp-json\/wp\/v2\/product"}],"about":[{"href":"https:\/\/antcube.shop\/de\/wp-json\/wp\/v2\/types\/product"}],"replies":[{"embeddable":true,"href":"https:\/\/antcube.shop\/de\/wp-json\/wp\/v2\/comments?post=9215"}],"wp:featuredmedia":[{"embeddable":true,"href":"https:\/\/antcube.shop\/de\/wp-json\/wp\/v2\/media\/9552"}],"wp:attachment":[{"href":"https:\/\/antcube.shop\/de\/wp-json\/wp\/v2\/media?parent=9215"}],"wp:term":[{"taxonomy":"product_brand","embeddable":true,"href":"https:\/\/antcube.shop\/de\/wp-json\/wp\/v2\/product_brand?post=9215"},{"taxonomy":"product_cat","embeddable":true,"href":"https:\/\/antcube.shop\/de\/wp-json\/wp\/v2\/product_cat?post=9215"},{"taxonomy":"product_tag","embeddable":true,"href":"https:\/\/antcube.shop\/de\/wp-json\/wp\/v2\/product_tag?post=9215"}],"curies":[{"name":"wp","href":"https:\/\/api.w.org\/{rel}","templated":true}]}}