{"id":9212,"date":"2024-09-17T14:21:53","date_gmt":"2024-09-17T12:21:53","guid":{"rendered":"https:\/\/antcube.shop\/en\/product\/agave-10cm\/"},"modified":"2026-03-11T13:48:49","modified_gmt":"2026-03-11T12:48:49","slug":"agave-10cm","status":"publish","type":"product","link":"https:\/\/antcube.shop\/de\/produkt\/agave-10cm\/","title":{"rendered":"Agave - 10cm"},"content":{"rendered":"<p><strong>Abmessungen:<\/strong> 104 x 97 x 103 mm<\/p>\n<p><strong>Material:<\/strong> Polymerbeton, Ton, Kunststoff<\/p>\n<p><strong>Farbe:<\/strong><br \/>\nBoden: grau-braun<br \/>\nPflanze: dunkelgr\u00fcn-hellgr\u00fcn mit grauem Rand<\/p>\n<p><strong>Inhalt:<\/strong> 1 St\u00fcck<\/p>\n<p><strong>Beschreibung:<\/strong> Die kleine Agave ist aus robustem Kunststoff gefertigt und hat einen Sockel aus Kunstharz mit Steinoptik. Dadurch ist sie extrem langlebig und kann von Ameisen nicht besch\u00e4digt werden.<br \/>\nDennoch sieht er sehr nat\u00fcrlich und attraktiv aus und l\u00e4sst sich leicht in ein Formicarium integrieren.<\/p>\n<p><strong>Anmerkung:<\/strong> Bitte vor Gebrauch unter flie\u00dfendem Wasser reinigen!<\/p>","protected":false},"excerpt":{"rendered":"<p>Abmessungen: 104 x 97 x 103 mm Material: Polymerbeton, Ton, Kunststoff Farbe: Sockel: grau-braun Pflanze: dunkelgr\u00fcn-hellgr\u00fcn mit grauem Rand Inhalt: 1 St\u00fcck Beschreibung: Die kleine Agave ist aus robustem Kunststoff gefertigt und hat eine Kunstharzbasis in Steinoptik. Dadurch ist sie extrem langlebig und kann von Ameisen nicht besch\u00e4digt werden.","protected":false},"featured_media":9659,"comment_status":"open","ping_status":"closed","template":"","meta":{"_acf_changed":false,"content-type":"","_monsterinsights_skip_tracking":false,"_monsterinsights_sitenote_active":false,"_monsterinsights_sitenote_note":"","_monsterinsights_sitenote_category":0},"product_brand":[],"product_cat":[98,99],"product_tag":[],"class_list":{"0":"post-9212","1":"product","2":"type-product","3":"status-publish","4":"has-post-thumbnail","6":"product_cat-decoration","7":"product_cat-desert","9":"first","10":"instock","11":"taxable","12":"shipping-taxable","13":"purchasable","14":"product-type-simple"},"acf":[],"aioseo_notices":[],"jetpack_sharing_enabled":true,"_links":{"self":[{"href":"https:\/\/antcube.shop\/de\/wp-json\/wp\/v2\/product\/9212","targetHints":{"allow":["GET"]}}],"collection":[{"href":"https:\/\/antcube.shop\/de\/wp-json\/wp\/v2\/product"}],"about":[{"href":"https:\/\/antcube.shop\/de\/wp-json\/wp\/v2\/types\/product"}],"replies":[{"embeddable":true,"href":"https:\/\/antcube.shop\/de\/wp-json\/wp\/v2\/comments?post=9212"}],"wp:featuredmedia":[{"embeddable":true,"href":"https:\/\/antcube.shop\/de\/wp-json\/wp\/v2\/media\/9659"}],"wp:attachment":[{"href":"https:\/\/antcube.shop\/de\/wp-json\/wp\/v2\/media?parent=9212"}],"wp:term":[{"taxonomy":"product_brand","embeddable":true,"href":"https:\/\/antcube.shop\/de\/wp-json\/wp\/v2\/product_brand?post=9212"},{"taxonomy":"product_cat","embeddable":true,"href":"https:\/\/antcube.shop\/de\/wp-json\/wp\/v2\/product_cat?post=9212"},{"taxonomy":"product_tag","embeddable":true,"href":"https:\/\/antcube.shop\/de\/wp-json\/wp\/v2\/product_tag?post=9212"}],"curies":[{"name":"wp","href":"https:\/\/api.w.org\/{rel}","templated":true}]}}