{"id":9211,"date":"2024-09-17T14:21:24","date_gmt":"2024-09-17T12:21:24","guid":{"rendered":"https:\/\/antcube.shop\/en\/product\/kaktus-7cm\/"},"modified":"2026-04-15T09:42:39","modified_gmt":"2026-04-15T07:42:39","slug":"kaktus-7cm","status":"publish","type":"product","link":"https:\/\/antcube.shop\/de\/produkt\/kaktus-7cm\/","title":{"rendered":"Kaktus - 7cm"},"content":{"rendered":"<p><strong>Abmessungen:<\/strong> 7 x 6 x 5 cm<\/p>\n<p><strong>Material:<\/strong> Polymerbeton, Ton<\/p>\n<p><strong>Farbe:<\/strong><br \/>\nSockel: braun<br \/>\nKaktus: gr\u00fcn<\/p>\n<p><strong>Inhalt:<\/strong> 1 Stk.<\/p>\n<p><strong>Beschreibung:<\/strong> Neben seinem nat\u00fcrlichen Aussehen und seiner UV-Best\u00e4ndigkeit bietet dieser Polymerbetonkaktus eine hohe Formbest\u00e4ndigkeit, die ihn extrem langlebig und resistent gegen Ameisensch\u00e4den macht.<\/p>\n<p><strong>Anmerkung:<\/strong> Bitte vor Gebrauch unter flie\u00dfendem Wasser reinigen!<\/p>","protected":false},"excerpt":{"rendered":"<p>Abmessungen: 5,5 x 7,0 x 6,0 cm<\/p>","protected":false},"featured_media":9655,"comment_status":"open","ping_status":"closed","template":"","meta":{"_acf_changed":false,"content-type":"","_monsterinsights_skip_tracking":false,"_monsterinsights_sitenote_active":false,"_monsterinsights_sitenote_note":"","_monsterinsights_sitenote_category":0},"product_brand":[],"product_cat":[98,99],"product_tag":[],"class_list":{"0":"post-9211","1":"product","2":"type-product","3":"status-publish","4":"has-post-thumbnail","6":"product_cat-decoration","7":"product_cat-desert","9":"first","10":"instock","11":"taxable","12":"shipping-taxable","13":"purchasable","14":"product-type-simple"},"acf":[],"aioseo_notices":[],"jetpack_sharing_enabled":true,"_links":{"self":[{"href":"https:\/\/antcube.shop\/de\/wp-json\/wp\/v2\/product\/9211","targetHints":{"allow":["GET"]}}],"collection":[{"href":"https:\/\/antcube.shop\/de\/wp-json\/wp\/v2\/product"}],"about":[{"href":"https:\/\/antcube.shop\/de\/wp-json\/wp\/v2\/types\/product"}],"replies":[{"embeddable":true,"href":"https:\/\/antcube.shop\/de\/wp-json\/wp\/v2\/comments?post=9211"}],"wp:featuredmedia":[{"embeddable":true,"href":"https:\/\/antcube.shop\/de\/wp-json\/wp\/v2\/media\/9655"}],"wp:attachment":[{"href":"https:\/\/antcube.shop\/de\/wp-json\/wp\/v2\/media?parent=9211"}],"wp:term":[{"taxonomy":"product_brand","embeddable":true,"href":"https:\/\/antcube.shop\/de\/wp-json\/wp\/v2\/product_brand?post=9211"},{"taxonomy":"product_cat","embeddable":true,"href":"https:\/\/antcube.shop\/de\/wp-json\/wp\/v2\/product_cat?post=9211"},{"taxonomy":"product_tag","embeddable":true,"href":"https:\/\/antcube.shop\/de\/wp-json\/wp\/v2\/product_tag?post=9211"}],"curies":[{"name":"wp","href":"https:\/\/api.w.org\/{rel}","templated":true}]}}