{"id":9210,"date":"2024-09-17T14:20:54","date_gmt":"2024-09-17T12:20:54","guid":{"rendered":"https:\/\/antcube.shop\/en\/product\/cognakpflanze\/"},"modified":"2026-04-09T09:31:27","modified_gmt":"2026-04-09T07:31:27","slug":"cognac-pflanze","status":"publish","type":"product","link":"https:\/\/antcube.shop\/de\/produkt\/cognac-pflanze\/","title":{"rendered":"Cognac-Anlage"},"content":{"rendered":"<p><strong>Abmessungen:<\/strong> ca. 90 x 70 x 100 mm<\/p>\n<p><strong>Material:<\/strong> Polymerbeton, Ton, Kunststoff<\/p>\n<p><strong>Farbe:<\/strong><br \/>\nBasis: gr\u00fcn, hellgrau-dunkelgrau<br \/>\nPflanze: rot-gr\u00fcn, orangefarbene Bl\u00fcten<\/p>\n<p><strong>Inhalt:<\/strong> 1 Stk.<\/p>\n<p><strong>Beschreibung:<\/strong> Diese Pflanzen sind aus robustem Kunststoff gefertigt und haben einen Sockel aus Kunstharz mit Steinoptik. Das macht sie extrem haltbar und sie k\u00f6nnen nicht von Ameisen besch\u00e4digt werden. Trotzdem sehen sie sehr nat\u00fcrlich und attraktiv aus und lassen sich leicht in ein Formicarium integrieren.<\/p>\n<p><strong>Anmerkung:<\/strong> Bitte vor Gebrauch unter flie\u00dfendem Wasser reinigen!<\/p>","protected":false},"excerpt":{"rendered":"<p>Abmessungen: ca. 9 x 7 x 10 cm<\/p>","protected":false},"featured_media":9653,"comment_status":"open","ping_status":"closed","template":"","meta":{"_acf_changed":false,"content-type":"","_monsterinsights_skip_tracking":false,"_monsterinsights_sitenote_active":false,"_monsterinsights_sitenote_note":"","_monsterinsights_sitenote_category":0},"product_brand":[],"product_cat":[98,100],"product_tag":[],"class_list":{"0":"post-9210","1":"product","2":"type-product","3":"status-publish","4":"has-post-thumbnail","6":"product_cat-decoration","7":"product_cat-rainforest","9":"first","10":"instock","11":"taxable","12":"shipping-taxable","13":"purchasable","14":"product-type-simple"},"acf":[],"aioseo_notices":[],"jetpack_sharing_enabled":true,"_links":{"self":[{"href":"https:\/\/antcube.shop\/de\/wp-json\/wp\/v2\/product\/9210","targetHints":{"allow":["GET"]}}],"collection":[{"href":"https:\/\/antcube.shop\/de\/wp-json\/wp\/v2\/product"}],"about":[{"href":"https:\/\/antcube.shop\/de\/wp-json\/wp\/v2\/types\/product"}],"replies":[{"embeddable":true,"href":"https:\/\/antcube.shop\/de\/wp-json\/wp\/v2\/comments?post=9210"}],"wp:featuredmedia":[{"embeddable":true,"href":"https:\/\/antcube.shop\/de\/wp-json\/wp\/v2\/media\/9653"}],"wp:attachment":[{"href":"https:\/\/antcube.shop\/de\/wp-json\/wp\/v2\/media?parent=9210"}],"wp:term":[{"taxonomy":"product_brand","embeddable":true,"href":"https:\/\/antcube.shop\/de\/wp-json\/wp\/v2\/product_brand?post=9210"},{"taxonomy":"product_cat","embeddable":true,"href":"https:\/\/antcube.shop\/de\/wp-json\/wp\/v2\/product_cat?post=9210"},{"taxonomy":"product_tag","embeddable":true,"href":"https:\/\/antcube.shop\/de\/wp-json\/wp\/v2\/product_tag?post=9210"}],"curies":[{"name":"wp","href":"https:\/\/api.w.org\/{rel}","templated":true}]}}