{"id":9207,"date":"2024-09-17T14:19:09","date_gmt":"2024-09-17T12:19:09","guid":{"rendered":"https:\/\/antcube.shop\/en\/product\/grasstein-3cm\/"},"modified":"2026-04-23T18:23:59","modified_gmt":"2026-04-23T16:23:59","slug":"graustein-3cm","status":"publish","type":"product","link":"https:\/\/antcube.shop\/de\/produkt\/graustein-3cm\/","title":{"rendered":"Gras-Stein - 3cm"},"content":{"rendered":"<p><strong>Abmessungen:<\/strong> ca. 86 x 29 x 30 mm<\/p>\n<p><strong>Material:<\/strong> Polymerbeton, Ton, Kunststoff<\/p>\n<p><strong>Farbe:<\/strong><br \/>\nSockel: gr\u00fcn, dunkelgrau<br \/>\nPflanze: hellgr\u00fcn-dunkelgr\u00fcn<\/p>\n<p><strong>Inhalt:<\/strong> 1 Stk.<\/p>\n<p><strong>Beschreibung:<\/strong> Diese Pflanzen sind aus robustem Kunststoff gefertigt und haben einen Sockel aus Kunstharz mit Steinoptik. Das macht sie extrem haltbar und sie k\u00f6nnen nicht von Ameisen besch\u00e4digt werden. Trotzdem sehen sie sehr nat\u00fcrlich und attraktiv aus und lassen sich leicht in ein Formicarium integrieren.<\/p>\n<p><strong>Anmerkung:<\/strong> Bitte vor Gebrauch unter flie\u00dfendem Wasser reinigen!<\/p>\n<p>&nbsp;<\/p>","protected":false},"excerpt":{"rendered":"<p>Ma\u00dfe: ca. 86 x 29 x 30 mm Material: Polymerbeton, Ton, Kunststoff Farbe: Basis: gr\u00fcn, dunkelgrau Pflanze: hellgr\u00fcn-dunkelgr\u00fcn Inhalt: 1 Stk. Beschreibung: Diese Pflanzen sind aus robustem Kunststoff gefertigt und haben eine Kunstharzbasis in Steinoptik. Dadurch sind sie extrem langlebig und k\u00f6nnen von Ameisen nicht besch\u00e4digt werden.","protected":false},"featured_media":9356,"comment_status":"open","ping_status":"closed","template":"","meta":{"_acf_changed":false,"content-type":"","_monsterinsights_skip_tracking":false,"_monsterinsights_sitenote_active":false,"_monsterinsights_sitenote_note":"","_monsterinsights_sitenote_category":0},"product_brand":[],"product_cat":[98,102],"product_tag":[],"class_list":{"0":"post-9207","1":"product","2":"type-product","3":"status-publish","4":"has-post-thumbnail","6":"product_cat-decoration","7":"product_cat-meadow","9":"first","10":"instock","11":"taxable","12":"shipping-taxable","13":"purchasable","14":"product-type-simple"},"acf":[],"aioseo_notices":[],"jetpack_sharing_enabled":true,"_links":{"self":[{"href":"https:\/\/antcube.shop\/de\/wp-json\/wp\/v2\/product\/9207","targetHints":{"allow":["GET"]}}],"collection":[{"href":"https:\/\/antcube.shop\/de\/wp-json\/wp\/v2\/product"}],"about":[{"href":"https:\/\/antcube.shop\/de\/wp-json\/wp\/v2\/types\/product"}],"replies":[{"embeddable":true,"href":"https:\/\/antcube.shop\/de\/wp-json\/wp\/v2\/comments?post=9207"}],"wp:featuredmedia":[{"embeddable":true,"href":"https:\/\/antcube.shop\/de\/wp-json\/wp\/v2\/media\/9356"}],"wp:attachment":[{"href":"https:\/\/antcube.shop\/de\/wp-json\/wp\/v2\/media?parent=9207"}],"wp:term":[{"taxonomy":"product_brand","embeddable":true,"href":"https:\/\/antcube.shop\/de\/wp-json\/wp\/v2\/product_brand?post=9207"},{"taxonomy":"product_cat","embeddable":true,"href":"https:\/\/antcube.shop\/de\/wp-json\/wp\/v2\/product_cat?post=9207"},{"taxonomy":"product_tag","embeddable":true,"href":"https:\/\/antcube.shop\/de\/wp-json\/wp\/v2\/product_tag?post=9207"}],"curies":[{"name":"wp","href":"https:\/\/api.w.org\/{rel}","templated":true}]}}