{"id":9030,"date":"2024-08-27T16:21:31","date_gmt":"2024-08-27T14:21:31","guid":{"rendered":"https:\/\/antcube.shop\/product\/antcube-digfix-terra-nidum-platte-40x20-l-beige\/"},"modified":"2026-04-14T14:05:23","modified_gmt":"2026-04-14T12:05:23","slug":"antcube-digfix-terra-nidum-platte-40x20-l-beige","status":"publish","type":"product","link":"https:\/\/antcube.shop\/de\/produkt\/antcube-digfix-terra-nidum-platte-40x20-l-beige\/","title":{"rendered":"ANTCUBE - Digfix Terra nidum Platte 40\u00d720 - L - beige"},"content":{"rendered":"<p><strong>Abmessungen:<\/strong> 383x160x19 mm<\/p>\n<p><strong>Material:<\/strong> Verformbares Material auf Harzbasis<\/p>\n<p><strong>Beschreibung:<\/strong> Die Terra nidum (lateinisch f\u00fcr Erdnest) Platte aus grabbarem Material ist die perfekte Erg\u00e4nzung f\u00fcr unsere ANTCUBE Ameisenfarmen. Sie kann sowohl trocken als auch nass verwendet werden. Sie ist auch f\u00fcr viele Ameisenarten geeignet, insbesondere f\u00fcr Arten, die in Sand und (totem) Holz nisten. Es kann anstelle von Sand\/Lehm-Mischungen oder Korknesteins\u00e4tzen verwendet werden. Der Vorteil dieses Nestes ist, dass die Befeuchtung der Platte durch eine deutlich sichtbare Verf\u00e4rbung leichter zu kontrollieren ist und die F\u00e4rbung der Platte einen super Kontrast zu den meist dunkleren Ameisenarten bietet. Au\u00dferdem k\u00f6nnen die Innenscheiben der Ameisenfarm nicht mit Substrat verschmutzt werden, wie es z.B. bei Sand-Lehm-Gemischen der Fall ist, was eine perfekte Sicht auf das Nest erm\u00f6glicht. Unser Nistmaterial hat auch eine viel festere Struktur, so dass die von den Ameisen gegrabenen G\u00e4nge und Kammern nicht einst\u00fcrzen.<\/p>\n<p><strong>Anmerkung:<\/strong> Die nat\u00fcrliche Farbe kann zwischen beige\/sand und hellbraun variieren. Der Farbton hat keinen Einfluss auf die Qualit\u00e4t.<br \/>\nDie Abmessungen k\u00f6nnen aufgrund des Herstellungsprozesses um +\/- 1 mm variieren.<\/p>","protected":false},"excerpt":{"rendered":"<p>Gr\u00f6\u00dfe: <strong>L<\/strong><\/p>","protected":false},"featured_media":9039,"comment_status":"open","ping_status":"closed","template":"","meta":{"_acf_changed":false,"content-type":"","_monsterinsights_skip_tracking":false,"_monsterinsights_sitenote_active":false,"_monsterinsights_sitenote_note":"","_monsterinsights_sitenote_category":0},"product_brand":[],"product_cat":[257,87,88],"product_tag":[],"class_list":{"0":"post-9030","1":"product","2":"type-product","3":"status-publish","4":"has-post-thumbnail","6":"product_cat-new-innovatve-products","7":"product_cat-nest-insets","8":"product_cat-digfix","10":"first","11":"instock","12":"taxable","13":"shipping-taxable","14":"purchasable","15":"product-type-simple"},"acf":[],"aioseo_notices":[],"jetpack_sharing_enabled":true,"_links":{"self":[{"href":"https:\/\/antcube.shop\/de\/wp-json\/wp\/v2\/product\/9030","targetHints":{"allow":["GET"]}}],"collection":[{"href":"https:\/\/antcube.shop\/de\/wp-json\/wp\/v2\/product"}],"about":[{"href":"https:\/\/antcube.shop\/de\/wp-json\/wp\/v2\/types\/product"}],"replies":[{"embeddable":true,"href":"https:\/\/antcube.shop\/de\/wp-json\/wp\/v2\/comments?post=9030"}],"wp:featuredmedia":[{"embeddable":true,"href":"https:\/\/antcube.shop\/de\/wp-json\/wp\/v2\/media\/9039"}],"wp:attachment":[{"href":"https:\/\/antcube.shop\/de\/wp-json\/wp\/v2\/media?parent=9030"}],"wp:term":[{"taxonomy":"product_brand","embeddable":true,"href":"https:\/\/antcube.shop\/de\/wp-json\/wp\/v2\/product_brand?post=9030"},{"taxonomy":"product_cat","embeddable":true,"href":"https:\/\/antcube.shop\/de\/wp-json\/wp\/v2\/product_cat?post=9030"},{"taxonomy":"product_tag","embeddable":true,"href":"https:\/\/antcube.shop\/de\/wp-json\/wp\/v2\/product_tag?post=9030"}],"curies":[{"name":"wp","href":"https:\/\/api.w.org\/{rel}","templated":true}]}}