{"id":8974,"date":"2024-08-19T20:51:45","date_gmt":"2024-08-19T18:51:45","guid":{"rendered":"https:\/\/antcube.shop\/product\/abstandshalter-fur-32mm-rohr\/"},"modified":"2026-01-12T12:38:28","modified_gmt":"2026-01-12T11:38:28","slug":"abstandshalter-fur-32mm-rohr","status":"publish","type":"product","link":"https:\/\/antcube.shop\/de\/produkt\/abstandshalter-fur-32mm-rohr\/","title":{"rendered":"Abstandshalter f\u00fcr 32mm Rohr"},"content":{"rendered":"<p><strong>Abmessungen des Produkts:<\/strong> 49x14x8mm (Abstandshalter)<\/p>\n<p><strong>Material:<\/strong> Acrylglas, Federstahl<\/p>\n<p><strong>Farbe:<\/strong> wei\u00df, stahlgrau<\/p>\n<p><strong>Inhalt:<\/strong><br \/>\n1x Abstandshalter<br \/>\n1x Klemmhalter - Federstahl f\u00fcr 32mm<br \/>\n2x Schraube und D\u00fcbel f\u00fcr Wandmontage<br \/>\n1x kleine Schraube zur Befestigung des Klemmhalters am Abstandshalter<\/p>\n<p><strong>Beschreibung:<\/strong><br \/>\nAbstandshalter zur Befestigung von Acrylrohren an der Wand. Diese wurden entwickelt, um unsere Wandarenen und Wandfarmen \u00fcber Acrylrohre miteinander oder mit anderen Elementen zu verbinden. Damit wird die L\u00fccke zwischen Wand und Acrylrohren \u00fcberbr\u00fcckt und die Acrylrohre k\u00f6nnen sicher, fest und optisch ansprechend mit Klemmhaltern befestigt werden.<\/p>\n<p><strong>Anmerkung:<\/strong><br \/>\nWird in Einzelteilen geliefert und muss mit einem Kreuzschlitzschraubendreher befestigt werden<br \/>\nAuf beiden Seiten des Abstandshalters befinden sich d\u00fcnne Schutzfolien. Ziehen Sie diese einfach ab.<\/p>\n<p><strong>Verschluss:<\/strong><br \/>\nUm die 2 D\u00fcbel \"S6\" in der Wand zu befestigen, ben\u00f6tigen Sie einen Bohrer mit einem 6-mm-Bohrer (je nach Material Holz, Stein oder Metall).<br \/>\nEs m\u00fcssen 40mm tiefe L\u00f6cher in die Wand gebohrt werden, um die 6x30mm D\u00fcbel mit den 4,5x40mm Schrauben zu versenken.<br \/>\n<strong>F\u00fcr die Montage erforderlich:<\/strong><br \/>\n- Wasserwaage<br \/>\n- Klebeband, damit Sie die Wand darunter nicht markieren m\u00fcssen.<br \/>\n- Kreuzschlitzschraubendreher<br \/>\n- Bohrmaschine\/Schrauber je nach Wandbeschaffenheit<br \/>\n- 6-mm-Bohrer (Holz, Stein oder Metall, je nach Oberfl\u00e4che)<\/p>","protected":false},"excerpt":{"rendered":"<p>Produktabmessungen: 49x19x8mm (Abstandshalter) Material: Acrylglas, Federstahl Farbe: wei\u00df, stahlgrau Inhalt: 1x Abstandshalter 1x Klemmhalter - Federstahl f\u00fcr 50mm 2x Schraube und D\u00fcbel zur Wandmontage 2x kleine Schraube zur Befestigung des Klemmhalters am Abstandshalter Beschreibung: Abstandshalter zur Befestigung von Acrylrohren an der Wand. Diese wurden entwickelt, um [...]","protected":false},"featured_media":8991,"comment_status":"open","ping_status":"closed","template":"","meta":{"_acf_changed":false,"content-type":"","_monsterinsights_skip_tracking":false,"_monsterinsights_sitenote_active":false,"_monsterinsights_sitenote_note":"","_monsterinsights_sitenote_category":0},"product_brand":[],"product_cat":[345,119,120],"product_tag":[],"class_list":{"0":"post-8974","1":"product","2":"type-product","3":"status-publish","4":"has-post-thumbnail","6":"product_cat-pipe-connectors","7":"product_cat-formicarium-components","8":"product_cat-hoses","10":"first","11":"instock","12":"taxable","13":"shipping-taxable","14":"purchasable","15":"product-type-simple"},"acf":[],"aioseo_notices":[],"jetpack_sharing_enabled":true,"_links":{"self":[{"href":"https:\/\/antcube.shop\/de\/wp-json\/wp\/v2\/product\/8974","targetHints":{"allow":["GET"]}}],"collection":[{"href":"https:\/\/antcube.shop\/de\/wp-json\/wp\/v2\/product"}],"about":[{"href":"https:\/\/antcube.shop\/de\/wp-json\/wp\/v2\/types\/product"}],"replies":[{"embeddable":true,"href":"https:\/\/antcube.shop\/de\/wp-json\/wp\/v2\/comments?post=8974"}],"wp:featuredmedia":[{"embeddable":true,"href":"https:\/\/antcube.shop\/de\/wp-json\/wp\/v2\/media\/8991"}],"wp:attachment":[{"href":"https:\/\/antcube.shop\/de\/wp-json\/wp\/v2\/media?parent=8974"}],"wp:term":[{"taxonomy":"product_brand","embeddable":true,"href":"https:\/\/antcube.shop\/de\/wp-json\/wp\/v2\/product_brand?post=8974"},{"taxonomy":"product_cat","embeddable":true,"href":"https:\/\/antcube.shop\/de\/wp-json\/wp\/v2\/product_cat?post=8974"},{"taxonomy":"product_tag","embeddable":true,"href":"https:\/\/antcube.shop\/de\/wp-json\/wp\/v2\/product_tag?post=8974"}],"curies":[{"name":"wp","href":"https:\/\/api.w.org\/{rel}","templated":true}]}}