{"id":8972,"date":"2024-08-19T20:49:18","date_gmt":"2024-08-19T18:49:18","guid":{"rendered":"https:\/\/antcube.shop\/product\/bundle-offer-manica-rubida\/"},"modified":"2026-03-25T13:28:31","modified_gmt":"2026-03-25T12:28:31","slug":"bundelangebot-manica-rubida","status":"publish","type":"product","link":"https:\/\/antcube.shop\/de\/produkt\/bundelangebot-manica-rubida\/","title":{"rendered":"B\u00fcndelangebot - Manica rubida"},"content":{"rendered":"<p><span data-text-color=\"secondary\"><strong>Paketangebot mit einer Manica rubida-Ameisenkolonie (K\u00f6nigin mit 1-4 Arbeiterinnen + Brut)<\/strong><\/span><\/p>\n<p><span data-text-color=\"alert\"><strong>Nur solange der Vorrat reicht.<\/strong><\/span><\/p>\n<p><strong>Alles, was Sie f\u00fcr eine Manica rubida-Ameisenkolonie ben\u00f6tigen:<\/strong><br \/>\nDieses Paket enth\u00e4lt alles, was Sie brauchen, um eine Myrmica rubra-Kolonie erfolgreich durch die ersten Monate zu bringen. Es ist flexibel erweiterbar und wurde \u00fcber mehrere Jahre mit dieser Ameisenart getestet.<\/p>\n<p><strong>Ameisenart Manica rubida:<\/strong><br \/>\nManica rubida lebt in Mittel- und S\u00fcdeuropa. Man findet sie in der Regel in H\u00f6henlagen von 500-2000 m, d.h. in Mittel- und Hochgebirgen. Sie bevorzugt etwas k\u00fchlere und feuchtere Klimazonen. In Deutschland gilt die Art seit einiger Zeit als gef\u00e4hrdet. Dies ist wahrscheinlich vor allem auf den Verlust geeigneter Lebensr\u00e4ume und das w\u00e4rmere und trockenere Klima zur\u00fcckzuf\u00fchren.<\/p>\n<p>Manica rubida hat einen Stachel. Dieser hilft ihnen, kleine Insekten zu erbeuten und die Kolonie zu verteidigen.<\/p>\n<p>Manica rubida-K\u00f6niginnen gr\u00fcnden halbklaustrale Nester, d. h. sie verlassen das Nest w\u00e4hrend der Gr\u00fcndungsphase, um Nahrung zu suchen. Gr\u00f6\u00dfere Kolonien werden im Laufe der Zeit oft polygyn, d. h. sie haben mehrere K\u00f6niginnen. Dies wird als sekund\u00e4re Polygynie bezeichnet, d. h. sie adoptieren ihre eigenen oder andere Jungk\u00f6niginnen und nehmen sie in ihre eigene Kolonie auf.<\/p>\n<p>Manica rubida h\u00e4lt in freier Wildbahn zwischen Ende Oktober und Ende M\u00e4rz Winterschlaf.<\/p>\n<p><strong>Nest f\u00fcr Manica rubida:<\/strong><br \/>\nManica rubida nistet in eher sandigen B\u00f6den. Man findet sie in Kiesgruben, Tagebaugebieten oder \u00dcberschwemmungsgebieten.<\/p>\n<p><strong>Nahrung f\u00fcr Manica rubida:<\/strong><br \/>\nIn der freien Natur ern\u00e4hrt sich Manica rubida von Insekten und Nektar. Wie z. B. Lasius niger h\u00e4lt auch Manica rubida Blattlauskolonien und verteidigt sie. Allerdings wird dies bei dieser Art etwas weniger h\u00e4ufig beobachtet.<\/p>\n<p>Wir haben alle unsere blanchierten Grillen und Honigtau als Futter in diesem Set enthalten. Beide werden von Manica rubida sehr gut angenommen und unterst\u00fctzen durch die enthaltenen N\u00e4hrstoffe eine nat\u00fcrliche und positive Entwicklung der Kolonie.<\/p>\n<p><strong>Die optimalen klimatischen Bedingungen f\u00fcr Manica rubida sind wie folgt:<\/strong><br \/>\nLuftfeuchtigkeit:<br \/>\nArena: 30 - 50% Nestbereich: 50 - 70%<br \/>\nTemperatur:<br \/>\nArena: 18 - 28\u00b0C Nestbereich: 21 - 24\u00b0C<\/p>\n<p><strong>Inhalt:<\/strong><br \/>\n1x Manica rubida (K\u00f6nigin + 1-4 Arbeiterinnen + Brut)<br \/>\n1x Grillenmarmelade 25g<br \/>\n1x Honigtau-Mix (HT) - Nachf\u00fcllpackung 10ml<br \/>\n1x Formicarium Basis - 20x20cm<br \/>\n1x Formicarium-Boden - 20x6cm<\/p>\n<p>1x ANTCUBE - arena 20x20x10 - flach<br \/>\n1x Ameisenarena-Rahmen 20\u00d720<br \/>\n1x Ameisenarena-Abdeckung 20\u00d720<br \/>\n4x Befestigungspunkt f\u00fcr Arenadeckel<br \/>\n2x ANTCUBE - Ameisenfarm - L - 20\u00d720 - stehend<\/p>\n<p>1x 0,5m Schlauch transparent 14\/10 mm<br \/>\n1x ANTCUBE - Rote Folie 20\u00d720 - Filter<br \/>\n1x Substrat - Wiese - 1kg<br \/>\n1x Formicarium Granulat 200ml - beige<\/p>\n<p>2x Grid insert acrylic &#8211; 50 mm with sealing ring<br \/>\n1x Grid insert acrylic &#8211; 27 mm with sealing ring<br \/>\n1x Gitterkappe - 10mm - Edelstahl<\/p>\n<p>1x Tankschlauchanschluss 27-14,16,20 mm - transparent<br \/>\n1x Foil thermometer &#8211; farm<br \/>\n1x Foil thermometer Display<br \/>\n1x drinking clear 5ml &#8211; sponge<br \/>\n1x Feeding dish white rectangle &#8211; 3 compartments<br \/>\n1x Drinking trough 2ml &#8211; 360 Degrees<br \/>\n1x Ameisenausbruch-Schutz\u00f6l 10ml<br \/>\n1x Pinzette Federstahl - breit - weich<br \/>\n1x Pinzette Kunststoff transparent<br \/>\n1x Kunststoffpipette 3ml<br \/>\n1x Handlupe - 2x - 30mm<br \/>\n1x Schaumstoffwischer 150x18x2,5mm<br \/>\n1x Foto R\u00fcckseite - Wiese - 20\u00d710<\/p>\n<p><strong>Beschreibung:<\/strong><br \/>\nDieses erweiterbare Starterset f\u00fcr Manica rubida enth\u00e4lt nicht nur das optimal angepasste Formicarium, sondern auch das passende Zubeh\u00f6r zur Haltung dieser Ameisenart. Die \"clear 20ml - sponge\" Tr\u00e4nke ist f\u00fcr Wasser gedacht, die \"2ml - 360 Grad\" Tr\u00e4nke f\u00fcr den Honigtau-Mix.<\/p>\n<p><strong>Das ist wichtig:<\/strong> Bitte befeuchten Sie das W\u00fcstensubstrat vor der Verwendung, damit sich die Mischung verbinden und einen festen Halt im Ameisenbau entwickeln kann. Au\u00dferdem kann ein trockenes und staubiges Substrat dazu f\u00fchren, dass die Atemwege der Ameisen blockiert werden und die Tiere im schlimmsten Fall ersticken.<\/p>\n<p><strong>Hinweise zur Produktion<\/strong><br \/>\nDer Zuschnitt des Glases erfolgt nach DIN 1249 mit einer Toleranz von +\/- 1 mm. F\u00fcr extrem kleine Ameisenarten ist ein zus\u00e4tzlicher Ausbruchsschutz erforderlich.<\/p>\n<p><strong>Hinweis zu den blanchierten Grillen:<\/strong><br \/>\nUnsere blanchierten Grillen sind eine einfache M\u00f6glichkeit, Ihre Ameisen mit frisch konservierter Proteinnahrung zu versorgen, ohne lebende Insekten f\u00fcttern zu m\u00fcssen. Die enthaltenen Grillen (Acheta domesticus) wurden schonend blanchiert, um sicherzustellen, dass N\u00e4hrwerte, Geschmack und Aroma erhalten bleiben. Au\u00dferdem wird der Chitinpanzer der Insekten auf diese Weise aufgeweicht, so dass er leichter verdaut werden kann. Die Bindungen der kollagenen Proteine werden aufgebrochen, so dass die Ameisen sie besser verwerten k\u00f6nnen. Acheta domesticus in Dosen hat den gleichen N\u00e4hrwert wie lebende Grillen, ist aber leichter zu verdauen.<\/p>\n<p>Die blanchierten Grillen eignen sich nicht f\u00fcr die Jagd auf Ameisenarten, die Lebendfutter ben\u00f6tigen (z. B. Ponerinen (Gro\u00dfe Ameisen) wie Harpegnathos oder Odontomachus).<\/p>\n<p><strong>Weitere Vorteile:<\/strong><br \/>\nGarantiert milbenfrei<br \/>\nKann portioniert werden<br \/>\nSterilisiert und vakuumiert<br \/>\nOhne Zusatzstoffe<br \/>\nGrillen aus nachhaltiger, rein biologischer Zucht, gef\u00fcttert mit Bioabf\u00e4llen<\/p>\n<p><strong>Bitte beachten:<\/strong><br \/>\nNach dem \u00d6ffnen etwa vier Tage im K\u00fchlschrank aufbewahren. L\u00e4nger haltbar, wenn eingefroren.<\/p>\n<p><strong>Anmerkung zum Honigtau:<\/strong><br \/>\nInhalt: 10 ml<br \/>\nEs handelt sich um ein Naturprodukt, das wir nach ausgiebigen Tests in unserem Labor verfeinert und zu einem von den Ameisen sehr gut angenommenen Futter entwickelt haben. Der Grund daf\u00fcr ist, dass unverarbeiteter Honigtauhonig in seiner konzentrierten urspr\u00fcnglichen Form von Ameisen und deren Stoffwechsel nicht gut angenommen wird.<br \/>\nUnser Honigtau wurde in den unber\u00fchrten wilden Bergw\u00e4ldern Bulgariens gesammelt. Honigtau wird nur f\u00fcr eine sehr begrenzte Zeit produziert, etwa zwei Monate im Sommer. Er ist daher sehr selten. Aufgrund der besonderen Bodenbeschaffenheit der W\u00e4lder und des Klimas werden wichtige N\u00e4hrstoffe in den Bl\u00e4ttern der B\u00e4ume gespeichert, die von den Blattl\u00e4usen aufgenommen werden. Das macht diese Honigtau-Mischung f\u00fcr die Ameisen so begehrenswert.<\/p>\n<p><strong>Anwendung:<\/strong><br \/>\nDie Lebensmittelmenge sollte innerhalb von etwa 3 Tagen verbraucht werden.<\/p>\n<p><strong>Beschreibung:<\/strong><br \/>\nHonigtau wird im Gegensatz zu Bl\u00fctenhonig aus Sekreten von Insekten gewonnen, die an Pflanzen saugen, z. B. Blattl\u00e4usen. Honigtau ist eine beliebte Nahrungsquelle f\u00fcr viele Insekten wie Ameisen, Bienen und Hummeln. Bienen und Hummeln lecken ihn von den Bl\u00e4ttern oder Nadeln verschiedener B\u00e4ume ab. Ameisen wie Lasius niger halten die Blattl\u00e4use buchst\u00e4blich fest. Sie verteidigen sie sogar gegen Fressfeinde und tragen sie zu neuen Trieben.<\/p>\n<p>Honigtau ist bei Ameisen wegen seiner etwas anderen Bestandteile besonders beliebt. Die wichtigsten Zuckerarten im Honigtau sind Saccharose und Fruktose, aber auch kleinere Mengen an Maltose, Trehalose, Melezitose, Raffinose und anderen Oligosacchariden sind enthalten. Neben Zucker und Wasser enth\u00e4lt der Honigtau auch essenzielle Aminos\u00e4uren, Mineralstoffe, Spurenelemente, Adenosine, Phosphate und andere Inhaltsstoffe wie Vitamine.<\/p>\n<p><strong>Verwendung:<\/strong><br \/>\nF\u00fcr honigfressende Ameisenarten (Meliphagidae)<br \/>\nDies ist ein Erg\u00e4nzungsfuttermittel<br \/>\nEs kann den Tieren wie geliefert angeboten werden. Da die Zuckerkonzentration durch die Feuchtigkeit verringert wird und ein G\u00e4rungsprozess einsetzt, sollte das Futter alle 3 Tage ausgetauscht werden. Reinigen Sie den Futternapf\/die Tube vor der Wiederverwendung gr\u00fcndlich.<br \/>\nEine ge\u00f6ffnete Packung sollte bis zum Ablauf des Verfallsdatums fest verschlossen aufbewahrt werden.<\/p>\n<p><strong>N\u00e4hrwertangaben pro 100 g:<\/strong><br \/>\nca. 2,7 % Fette<br \/>\ndavon ges\u00e4ttigt ca. 0,45 %<br \/>\nca. 95 % Kohlenhydrate<br \/>\ndavon Zucker ca. 71<br \/>\nca. 2,85% Protein<\/p>\n<p>Mineralstoffe (Kalium, Calcium, Kupfer, Eisen, Natrium, Magnesium, Phosphor, Zink und andere Spurenelemente) Aminos\u00e4uren (Prolin, Leucin, Phenylalanin, Alanin, Histidin, Isoleucin, Glutamins\u00e4ure, Arginin, Asparagins\u00e4ure usw.) Organische S\u00e4uren Enzyme (Fermente)Aromastoffe Inhibine (antibakterielle Substanzen) Blumen Pollen<\/p>\n<p><strong>Lagerung:<\/strong><br \/>\nUm die Qualit\u00e4t des Futters zu gew\u00e4hrleisten, sollte es an einem dunklen und trockenen Ort gelagert werden.<\/p>\n<p><strong>Anmerkung:<\/strong><br \/>\nErg\u00e4nzungsfuttermittel f\u00fcr honigfressende Ameisen.<br \/>\nDie Zusammensetzung, die analytischen Bestandteile, das Mindesthaltbarkeitsdatum und die Chargennummer entnehmen Sie bitte der Packungsbeilage.<\/p>\n<p>Informations-Hotline +49 30 439703870<\/p>\n<p><strong>Zust\u00e4ndiges Veterin\u00e4r- und Lebensmittelinspektorat:<\/strong><br \/>\nVeterin\u00e4ramt Steglitz<br \/>\nK\u00f6nigin-Luise-Str. 92<br \/>\n14195 Berlin<\/p>","protected":false},"excerpt":{"rendered":"<p>Das Set besteht aus 34 Teilen<\/p>","protected":false},"featured_media":8986,"comment_status":"open","ping_status":"closed","template":"","meta":{"_acf_changed":false,"content-type":"","_monsterinsights_skip_tracking":false,"_monsterinsights_sitenote_active":false,"_monsterinsights_sitenote_note":"","_monsterinsights_sitenote_category":0},"product_brand":[],"product_cat":[355,73],"product_tag":[],"class_list":{"0":"post-8972","1":"product","2":"type-product","3":"status-publish","4":"has-post-thumbnail","6":"product_cat-bundle-offers","7":"product_cat-starter-sets","9":"first","10":"instock","11":"taxable","12":"shipping-taxable","13":"purchasable","14":"product-type-simple"},"acf":[],"aioseo_notices":[],"jetpack_sharing_enabled":true,"_links":{"self":[{"href":"https:\/\/antcube.shop\/de\/wp-json\/wp\/v2\/product\/8972","targetHints":{"allow":["GET"]}}],"collection":[{"href":"https:\/\/antcube.shop\/de\/wp-json\/wp\/v2\/product"}],"about":[{"href":"https:\/\/antcube.shop\/de\/wp-json\/wp\/v2\/types\/product"}],"replies":[{"embeddable":true,"href":"https:\/\/antcube.shop\/de\/wp-json\/wp\/v2\/comments?post=8972"}],"wp:featuredmedia":[{"embeddable":true,"href":"https:\/\/antcube.shop\/de\/wp-json\/wp\/v2\/media\/8986"}],"wp:attachment":[{"href":"https:\/\/antcube.shop\/de\/wp-json\/wp\/v2\/media?parent=8972"}],"wp:term":[{"taxonomy":"product_brand","embeddable":true,"href":"https:\/\/antcube.shop\/de\/wp-json\/wp\/v2\/product_brand?post=8972"},{"taxonomy":"product_cat","embeddable":true,"href":"https:\/\/antcube.shop\/de\/wp-json\/wp\/v2\/product_cat?post=8972"},{"taxonomy":"product_tag","embeddable":true,"href":"https:\/\/antcube.shop\/de\/wp-json\/wp\/v2\/product_tag?post=8972"}],"curies":[{"name":"wp","href":"https:\/\/api.w.org\/{rel}","templated":true}]}}