{"id":8970,"date":"2024-08-19T20:48:32","date_gmt":"2024-08-19T18:48:32","guid":{"rendered":"https:\/\/antcube.shop\/product\/wand-formicarien-set\/"},"modified":"2026-03-04T17:24:31","modified_gmt":"2026-03-04T16:24:31","slug":"wandmontiertes-formicarium-set","status":"publish","type":"product","link":"https:\/\/antcube.shop\/de\/produkt\/wandmontiertes-formicarium-set\/","title":{"rendered":"Wand-Formicarium-Set"},"content":{"rendered":"<p><strong>Enth\u00e4lt:<\/strong><br \/>\n1x Wandmontierte Ameisenarena - 30x15x15<br \/>\n1x wandmontierte Ameisenfarm - L - 30\u00d730 - Glas<br \/>\n1x Ameisen-Arena-Rahmen 30\u00d715<br \/>\n1x Ameisen-Arena Abdeckung 30\u00d715<\/p>\n<p>3x Rohrverbinder glasklar f\u00fcr 20mm - L<br \/>\n1x Rohrverbinder glasklar f\u00fcr 20mm - I<br \/>\n1x Waschbeckenanschluss 3\/4\u2033 auf 20mm - glasklar<br \/>\n1x Ameisenr\u00f6hre - glasklar 20mm (3x3cm und 1x30cm)<br \/>\n1x Distanzst\u00fcck mit 20 mm Klemmhalterung<br \/>\n1x Gitterkappe - 16mm - rostfreier Stahl<br \/>\n2x Grid insert acrylic &#8211; 50 mm with sealing ring<br \/>\n1x Grid insert acrylic &#8211; 27 mm with sealing ring<br \/>\n1x Formicarium Mutter 3\/4 Zoll - glasklar<br \/>\n8x Gummieinlage f\u00fcr Bohrl\u00f6cher als Schutz<br \/>\n8x Unterlegscheiben<br \/>\ninkl. 8x Schrauben und D\u00fcbel<\/p>\n<p><strong>Beschreibung:<\/strong><br \/>\nDieses wandmontierte Formicarium-Set wurde f\u00fcr die Wandmontage entwickelt und l\u00e4sst sich leicht an Holz- und Steinw\u00e4nden anbringen. Sowohl die Arena als auch die Ameisenfarm sind vollst\u00e4ndig transparent und erm\u00f6glichen einen guten Blick auf das Nest. Als Nistmaterial f\u00fcr die Ameisen kann entweder Sand und Ton oder einer unserer passenden Kork- oder Digfix-Nesteins\u00e4tze verwendet werden. Um Ameisenfarm und Arena miteinander zu verbinden, liegen dem Set zugeschnittene Acrylr\u00f6hren bei. Die Schrauben und D\u00fcbel f\u00fcr die Befestigung an der Wand sind ebenfalls im Set enthalten.<\/p>\n<p><strong>Anweisungen zum Einbau:<\/strong><\/p>\n<p><strong>Durch die Glasscheibe als R\u00fcckwand sollte die darunter liegende Wand v\u00f6llig gerade sein.<\/strong><br \/>\nUm die 8 \"S6\"-D\u00fcbel in der Wand zu befestigen, ben\u00f6tigen Sie einen Bohrer mit einem 6-mm-Bohrer (je nach Material Holz, Stein oder Metall). Es m\u00fcssen 45 mm tiefe L\u00f6cher in die Wand gebohrt werden, um die 6x30-mm-D\u00fcbel mit den 4,5x40-mm-Schrauben zu versenken.<br \/>\n<strong>F\u00fcr die Montage erforderlich:<\/strong><br \/>\n- Wasserwaage<br \/>\n- Klebeband, um eine Markierung an der darunter liegenden Wand zu vermeiden.<br \/>\n- Kreuzschlitzschraubendreher<br \/>\n- Bohrmaschine\/Schrauber je nach Wandbeschaffenheit<br \/>\n- 6-mm-Bohrer (Holz, Stein oder Metall, je nach Oberfl\u00e4che)<br \/>\n- Hilfreich ist es auch, sich aus einem Blatt Papier eine Schablone f\u00fcr die Bohrl\u00f6cher zu machen. Legen Sie es einfach unter die R\u00fcckwand und markieren Sie die L\u00f6cher.<\/p>\n<p><strong>Einzelheiten zur Ameisenfarm:<\/strong><br \/>\nAbmessungen (LxH):<br \/>\nR\u00fcckwand (6mm dick): 400x293mm<\/p>\n<p>Au\u00dfenseite (ohne R\u00fcckwand)<br \/>\n334x28x296mm<\/p>\n<p>Innerhalb<br \/>\n284x20x290 mm<\/p>\n<p><strong>Material:<\/strong><br \/>\nFloatglas<\/p>\n<p><strong>Farbe:<\/strong><br \/>\nkristallklar<\/p>\n<p><strong>Details der Ameisenarena:<\/strong><br \/>\nAbmessungen (LxBxH):<br \/>\nR\u00fcckwand (6mm): 400x150mm<\/p>\n<p>Arena (ohne R\u00fcckwand): 300x146x150mm<\/p>\n<p><strong>Material:<\/strong><br \/>\nFloatglas<\/p>\n<p><strong>Farbe:<\/strong><br \/>\nkristallklar<\/p>\n<p><strong>Abmessungen (LxBxH):<\/strong><br \/>\nR\u00fcckwand (6mm): 400x150mm<\/p>\n<p>Arena (ohne R\u00fcckwand): 300x146x150mm<\/p>\n<p><strong>Material:<\/strong><br \/>\nFloatglas<\/p>\n<p><strong>Farbe:<\/strong><br \/>\nkristallklar<\/p>\n<p><strong>Hinweise zur Produktion<\/strong><br \/>\nDer Zuschnitt des Glases erfolgt nach DIN 1249 mit einer Toleranz von +\/- 1 mm. F\u00fcr extrem kleine Ameisenarten ist ein zus\u00e4tzlicher Ausbruchsschutz erforderlich.<br \/>\nDa unsere Produkte in Handarbeit hergestellt werden, k\u00f6nnen trotz gr\u00f6\u00dfter Sorgfalt minimale Abweichungen auftreten.<\/p>\n<p><strong>Anmerkung zum Bauernhof<\/strong><br \/>\n<strong>Beim Anbringen oder Entfernen von Schl\u00e4uchen ist Folgendes zu beachten:<\/strong><br \/>\nL\u00e4sst sich der Schlauch nur sehr schwer auf den Anschlussstutzen aufstecken, sollte der Stutzen leicht mit einem Tropfen unseres Ausbruchsicherungs\u00f6ls oder -pulvers eingerieben werden. Der Schlauch sollte dann mit drehenden oder schraubenden Bewegungen auf den Stutzen geschoben werden, ohne den Stutzen durch Auf- und Abw\u00e4rtsbewegungen zu belasten. Das Gleiche gilt f\u00fcr das Abziehen der Schl\u00e4uche von der Hofanschlussmuffe. Bitte nicht einfach abziehen!<\/p>","protected":false},"excerpt":{"rendered":"<p>Dieses Set besteht aus 21 Teilen<\/p>\n<p>Gr\u00f6\u00dfe: <span style=\"color: #0000ff;\"><strong>L<\/strong> <\/span><\/p>","protected":false},"featured_media":8995,"comment_status":"open","ping_status":"closed","template":"","meta":{"_acf_changed":false,"content-type":"","_monsterinsights_skip_tracking":false,"_monsterinsights_sitenote_active":false,"_monsterinsights_sitenote_note":"","_monsterinsights_sitenote_category":0},"product_brand":[],"product_cat":[257,73,86],"product_tag":[],"class_list":{"0":"post-8970","1":"product","2":"type-product","3":"status-publish","4":"has-post-thumbnail","6":"product_cat-new-innovatve-products","7":"product_cat-starter-sets","8":"product_cat-formicariums","10":"first","11":"instock","12":"taxable","13":"shipping-taxable","14":"purchasable","15":"product-type-simple"},"acf":[],"aioseo_notices":[],"jetpack_sharing_enabled":true,"_links":{"self":[{"href":"https:\/\/antcube.shop\/de\/wp-json\/wp\/v2\/product\/8970","targetHints":{"allow":["GET"]}}],"collection":[{"href":"https:\/\/antcube.shop\/de\/wp-json\/wp\/v2\/product"}],"about":[{"href":"https:\/\/antcube.shop\/de\/wp-json\/wp\/v2\/types\/product"}],"replies":[{"embeddable":true,"href":"https:\/\/antcube.shop\/de\/wp-json\/wp\/v2\/comments?post=8970"}],"wp:featuredmedia":[{"embeddable":true,"href":"https:\/\/antcube.shop\/de\/wp-json\/wp\/v2\/media\/8995"}],"wp:attachment":[{"href":"https:\/\/antcube.shop\/de\/wp-json\/wp\/v2\/media?parent=8970"}],"wp:term":[{"taxonomy":"product_brand","embeddable":true,"href":"https:\/\/antcube.shop\/de\/wp-json\/wp\/v2\/product_brand?post=8970"},{"taxonomy":"product_cat","embeddable":true,"href":"https:\/\/antcube.shop\/de\/wp-json\/wp\/v2\/product_cat?post=8970"},{"taxonomy":"product_tag","embeddable":true,"href":"https:\/\/antcube.shop\/de\/wp-json\/wp\/v2\/product_tag?post=8970"}],"curies":[{"name":"wp","href":"https:\/\/api.w.org\/{rel}","templated":true}]}}