{"id":8968,"date":"2024-08-19T20:47:21","date_gmt":"2024-08-19T18:47:21","guid":{"rendered":"https:\/\/antcube.shop\/product\/wand-ameisenfarm-l-30x30-glas\/"},"modified":"2026-01-12T12:39:31","modified_gmt":"2026-01-12T11:39:31","slug":"wand-ameisenfarm-l-30x30-glas","status":"publish","type":"product","link":"https:\/\/antcube.shop\/de\/produkt\/wand-ameisenfarm-l-30x30-glas\/","title":{"rendered":"Wand Ameisenfarm - L - 30\u00d730 - Glas"},"content":{"rendered":"<p><strong>Abmessungen (LxH):<\/strong><br \/>\nR\u00fcckwand (6mm dick) : 400x293mm<\/p>\n<p>Au\u00dfenseite (ohne R\u00fcckwand)<br \/>\n334x28x296mm<\/p>\n<p>Innerhalb<br \/>\n284x20x290 mm<\/p>\n<p><strong>Material:<\/strong><br \/>\nFloatglas<\/p>\n<p><strong>Farbe:<\/strong><br \/>\nkristallklar<\/p>\n<p><strong>Inhalt:<\/strong><br \/>\nWand Ameisenfarm - L - 30\u00d730 - Glas<br \/>\n1x Abdeckung Ameisenfarm<br \/>\n4x Gummieinlage f\u00fcr Bohrl\u00f6cher als Schutz<br \/>\n4x Unterlegscheibe f\u00fcr Bohrl\u00f6cher<br \/>\n4x D\u00fcbel und Schrauben<\/p>\n<p><strong>Verbindung:<\/strong><br \/>\n2x 14\/16\/18\/20 x 20mm Buchse<\/p>\n<p>Der 14\/10-Schlauch wird fest in die 14-mm-Muffe eingef\u00fchrt.<br \/>\nDer 20\/16-Schlauch ist fest mit der ersten 16-mm-Stufe verbunden.<\/p>\n<p><strong>Beschreibung:<\/strong><br \/>\nDiese Ameisenfarm wurde f\u00fcr die Wandmontage entwickelt und ist leicht an Holz- und Steinw\u00e4nden zu installieren. Sie ist vollst\u00e4ndig transparent und erm\u00f6glicht einen guten Einblick in das Nest. Als Nistmaterial f\u00fcr die Ameisen kann entweder Sand und Lehm oder einer unserer passenden Nesteins\u00e4tze aus Kork oder Digfix verwendet werden. An den seitlichen Anschlussbuchsen kann zus\u00e4tzlich entweder ein Schlauch, ein transparentes Acrylrohr oder die \"Ameisentreppe\" angeschlossen werden. Passend zur Wandameisenfarm bieten wir auch Wandameisenarenen in den Gr\u00f6\u00dfen 30\u00d715 oder 30\u00d730 an.<\/p>\n<p><strong>Anweisungen zum Einbau:<\/strong><br \/>\n<strong>Durch die Glasscheibe als R\u00fcckwand sollte die darunter liegende Wand v\u00f6llig gerade sein.<\/strong><br \/>\nUm die 4 \"S6\"-D\u00fcbel in der Wand zu befestigen, ben\u00f6tigen Sie einen Bohrer mit einem 6-mm-Bohrer (je nach Material Holz, Stein oder Metall).<br \/>\nEs m\u00fcssen 45 mm tiefe L\u00f6cher in die Wand gebohrt werden, um die 6x30-mm-D\u00fcbel mit den 4,5x40-mm-Schrauben zu versenken.<br \/>\n<strong>F\u00fcr die Montage erforderlich:<\/strong><br \/>\n- Wasserwaage<br \/>\n- Klebeband, um eine Markierung an der darunter liegenden Wand zu vermeiden.<br \/>\n- Kreuzschlitzschraubendreher<br \/>\n- Bohrmaschine\/Schrauber je nach Wandbeschaffenheit<br \/>\n- 6-mm-Bohrer (Holz, Stein oder Metall, je nach Oberfl\u00e4che)<br \/>\n- Hilfreich ist es auch, sich aus einem Blatt Papier eine Schablone f\u00fcr die Bohrl\u00f6cher zu machen. Legen Sie es einfach unter die R\u00fcckwand und markieren Sie die L\u00f6cher.<\/p>\n<p><strong>Hinweise zur Produktion<\/strong><br \/>\nDas Glas ist nach DIN 1249 mit einer Toleranz von +\/;- 1mm geschliffen. F\u00fcr extrem kleine Ameisenarten ist ein zus\u00e4tzlicher Ameisenfluchtschutz unerl\u00e4sslich.<br \/>\nDa unsere Produkte in Handarbeit hergestellt werden, k\u00f6nnen trotz gr\u00f6\u00dfter Sorgfalt minimale Abweichungen auftreten.<\/p>\n<p><strong>Anmerkung zum Bauernhof<\/strong><br \/>\nBeim Anbringen oder Entfernen von Schl\u00e4uchen ist Folgendes zu beachten:<br \/>\nL\u00e4sst sich der Schlauch nur sehr schwer auf den Anschlussstutzen aufstecken, sollte der Stutzen leicht mit einem Tropfen unseres Ausbruchsicherungs\u00f6ls oder -pulvers eingerieben werden. Der Schlauch sollte dann mit drehenden oder schraubenden Bewegungen auf den Stutzen geschoben werden, ohne den Stutzen durch Auf- und Abw\u00e4rtsbewegungen zu belasten. Das Gleiche gilt f\u00fcr das Abziehen der Schl\u00e4uche von der Hofanschlussmuffe. Bitte nicht einfach abziehen!<\/p>","protected":false},"excerpt":{"rendered":"<p>Anschluss: Buchse 2x 14\/16 x 20mm; Plattenabstand: Innen 20mm<\/p>\n<p>Gr\u00f6\u00dfe: <span style=\"color: #0000ff;\"><strong>L<\/strong> <\/span><\/p>","protected":false},"featured_media":8997,"comment_status":"open","ping_status":"closed","template":"","meta":{"_acf_changed":false,"content-type":"","_monsterinsights_skip_tracking":false,"_monsterinsights_sitenote_active":false,"_monsterinsights_sitenote_note":"","_monsterinsights_sitenote_category":0},"product_brand":[],"product_cat":[257,80,83,86],"product_tag":[],"class_list":{"0":"post-8968","1":"product","2":"type-product","3":"status-publish","4":"has-post-thumbnail","6":"product_cat-new-innovatve-products","7":"product_cat-antfarms","8":"product_cat-antfarms-l","9":"product_cat-formicariums","11":"first","12":"instock","13":"taxable","14":"shipping-taxable","15":"purchasable","16":"product-type-simple"},"acf":[],"aioseo_notices":[],"jetpack_sharing_enabled":true,"_links":{"self":[{"href":"https:\/\/antcube.shop\/de\/wp-json\/wp\/v2\/product\/8968","targetHints":{"allow":["GET"]}}],"collection":[{"href":"https:\/\/antcube.shop\/de\/wp-json\/wp\/v2\/product"}],"about":[{"href":"https:\/\/antcube.shop\/de\/wp-json\/wp\/v2\/types\/product"}],"replies":[{"embeddable":true,"href":"https:\/\/antcube.shop\/de\/wp-json\/wp\/v2\/comments?post=8968"}],"wp:featuredmedia":[{"embeddable":true,"href":"https:\/\/antcube.shop\/de\/wp-json\/wp\/v2\/media\/8997"}],"wp:attachment":[{"href":"https:\/\/antcube.shop\/de\/wp-json\/wp\/v2\/media?parent=8968"}],"wp:term":[{"taxonomy":"product_brand","embeddable":true,"href":"https:\/\/antcube.shop\/de\/wp-json\/wp\/v2\/product_brand?post=8968"},{"taxonomy":"product_cat","embeddable":true,"href":"https:\/\/antcube.shop\/de\/wp-json\/wp\/v2\/product_cat?post=8968"},{"taxonomy":"product_tag","embeddable":true,"href":"https:\/\/antcube.shop\/de\/wp-json\/wp\/v2\/product_tag?post=8968"}],"curies":[{"name":"wp","href":"https:\/\/api.w.org\/{rel}","templated":true}]}}