{"id":8967,"date":"2024-08-19T20:46:59","date_gmt":"2024-08-19T18:46:59","guid":{"rendered":"https:\/\/antcube.shop\/product\/wand-ameisenarena-30x15x15\/"},"modified":"2026-03-16T10:36:54","modified_gmt":"2026-03-16T09:36:54","slug":"wand-ameisen-arena-30x15x15","status":"publish","type":"product","link":"https:\/\/antcube.shop\/de\/produkt\/wand-ameisen-arena-30x15x15\/","title":{"rendered":"Wand-Ameisen-Arena - 30x15x15"},"content":{"rendered":"<p><strong>Abmessungen (LxBxH):<\/strong><br \/>\nR\u00fcckwand (6mm): 400x150mm<\/p>\n<p>Arena (ohne R\u00fcckwand): 300x146x150mm<\/p>\n<p><strong>Material:<\/strong><br \/>\nFloatglas<\/p>\n<p><strong>Farbe:<\/strong><br \/>\nkristallklar<\/p>\n<p><strong>Inhalt:<\/strong><br \/>\n1x Wand-Ameisen-Arena - 30x15x15<br \/>\n4x Gummieinlage f\u00fcr Bohrl\u00f6cher als Schutz<br \/>\n4x Unterlegscheibe f\u00fcr Bohrl\u00f6cher<br \/>\n4x D\u00fcbel und Schrauben<\/p>\n<p><strong>Verbindung:<\/strong><br \/>\n<strong>ACHTUNG 4x D\u00fcbel\/Rastereins\u00e4tze\/Verbinder (je nach Bedarf) f\u00fcr die seitlichen 50mm-L\u00f6cher sind nicht im Lieferumfang enthalten<\/strong><br \/>\n2x 27mm Loch<\/p>\n<p><strong>Beschreibung:<\/strong><br \/>\nDiese Ameisenarena ist f\u00fcr die Wandmontage entwickelt worden und l\u00e4sst sich leicht an Holz- und Steinw\u00e4nden anbringen. Weitere Ameisenfarmen und -arenen k\u00f6nnen \u00fcber die seitlichen 50-mm-L\u00f6cher angeschlossen werden. Als Verbindung kann entweder ein Schlauch oder ein transparentes Acrylrohr verwendet werden. Passend zur Wandameisenarena bieten wir auch eine Wandameisenfarm an.<br \/>\nDie passenden Artikel Ameisenarena-Abdeckung 30\u00d715 und Ameisenarena-Rahmen 30\u00d715 m\u00fcssen separat bestellt werden.<\/p>\n<p><strong>Anweisungen zum Einbau:<\/strong><br \/>\nDurch die Glasscheibe als R\u00fcckwand sollte die darunter liegende Wand v\u00f6llig gerade sein.<br \/>\nSie ben\u00f6tigen einen Bohrer mit einem 6-mm-Bohrer (je nach Material aus Holz, Stein oder Metall), um die 4 \"S6\"-D\u00fcbel in der Wand zu befestigen.<br \/>\nEs m\u00fcssen 45 mm tiefe L\u00f6cher in die Wand gebohrt werden, um die 6x30-mm-D\u00fcbel mit den 4,5x40-mm-Schrauben zu versenken.<br \/>\nF\u00fcr die Montage erforderlich:<br \/>\n- Wasserwaage<br \/>\n- Klebeband, um eine Markierung an der darunter liegenden Wand zu vermeiden.<br \/>\n- Kreuzschlitzschraubendreher<br \/>\n- Bohrmaschine\/Schrauber je nach Wandbeschaffenheit<br \/>\n- 6-mm-Bohrer (Holz, Stein oder Metall, je nach Oberfl\u00e4che)<br \/>\n- Hilfreich ist es auch, sich aus einem Blatt Papier eine Schablone f\u00fcr die Bohrl\u00f6cher zu machen. Legen Sie es einfach unter die R\u00fcckwand und markieren Sie die L\u00f6cher.<\/p>\n<p><strong>Hinweise zur Produktion<\/strong><br \/>\nDas Glas ist nach DIN 1249 mit einer Toleranz von +\/;- 1mm geschliffen. F\u00fcr extrem kleine Ameisenarten ist ein zus\u00e4tzlicher Ameisenfluchtschutz unerl\u00e4sslich.<br \/>\nDa unsere Produkte in Handarbeit hergestellt werden, k\u00f6nnen trotz gr\u00f6\u00dfter Sorgfalt minimale Abweichungen auftreten.<\/p>\n<p><strong>Anmerkung zum Bauernhof<\/strong><br \/>\nBeim Anbringen oder Entfernen von Schl\u00e4uchen ist Folgendes zu beachten:<br \/>\nL\u00e4sst sich der Schlauch nur sehr schwer auf den Anschlussstutzen aufstecken, sollte der Stutzen leicht mit einem Tropfen unseres Ausbruchsicherungs\u00f6ls oder -pulvers eingerieben werden. Der Schlauch sollte dann mit drehenden oder schraubenden Bewegungen auf den Stutzen geschoben werden, ohne den Stutzen durch Auf- und Abw\u00e4rtsbewegungen zu belasten. Das Gleiche gilt f\u00fcr das Abziehen der Schl\u00e4uche von der Hofanschlussmuffe. Bitte nicht einfach abziehen!<\/p>\n<p>&nbsp;<\/p>","protected":false},"excerpt":{"rendered":"<p>Anschluss: Bohrung 2x 27 mm<\/p>","protected":false},"featured_media":8982,"comment_status":"open","ping_status":"closed","template":"","meta":{"_acf_changed":false,"content-type":"","_monsterinsights_skip_tracking":false,"_monsterinsights_sitenote_active":false,"_monsterinsights_sitenote_note":"","_monsterinsights_sitenote_category":0},"product_brand":[],"product_cat":[257,85,86],"product_tag":[],"class_list":{"0":"post-8967","1":"product","2":"type-product","3":"status-publish","4":"has-post-thumbnail","6":"product_cat-new-innovatve-products","7":"product_cat-ant-arenas","8":"product_cat-formicariums","10":"first","11":"instock","12":"taxable","13":"shipping-taxable","14":"purchasable","15":"product-type-simple"},"acf":[],"aioseo_notices":[],"jetpack_sharing_enabled":true,"_links":{"self":[{"href":"https:\/\/antcube.shop\/de\/wp-json\/wp\/v2\/product\/8967","targetHints":{"allow":["GET"]}}],"collection":[{"href":"https:\/\/antcube.shop\/de\/wp-json\/wp\/v2\/product"}],"about":[{"href":"https:\/\/antcube.shop\/de\/wp-json\/wp\/v2\/types\/product"}],"replies":[{"embeddable":true,"href":"https:\/\/antcube.shop\/de\/wp-json\/wp\/v2\/comments?post=8967"}],"wp:featuredmedia":[{"embeddable":true,"href":"https:\/\/antcube.shop\/de\/wp-json\/wp\/v2\/media\/8982"}],"wp:attachment":[{"href":"https:\/\/antcube.shop\/de\/wp-json\/wp\/v2\/media?parent=8967"}],"wp:term":[{"taxonomy":"product_brand","embeddable":true,"href":"https:\/\/antcube.shop\/de\/wp-json\/wp\/v2\/product_brand?post=8967"},{"taxonomy":"product_cat","embeddable":true,"href":"https:\/\/antcube.shop\/de\/wp-json\/wp\/v2\/product_cat?post=8967"},{"taxonomy":"product_tag","embeddable":true,"href":"https:\/\/antcube.shop\/de\/wp-json\/wp\/v2\/product_tag?post=8967"}],"curies":[{"name":"wp","href":"https:\/\/api.w.org\/{rel}","templated":true}]}}