{"id":8853,"date":"2024-08-01T15:35:42","date_gmt":"2024-08-01T13:35:42","guid":{"rendered":"https:\/\/antcube.shop\/product\/bundle-offer-pseudoneoponera-rufipes\/"},"modified":"2025-10-19T16:10:44","modified_gmt":"2025-10-19T14:10:44","slug":"bundelangebot-pseudoneoponera-rufipes","status":"publish","type":"product","link":"https:\/\/antcube.shop\/de\/produkt\/bundelangebot-pseudoneoponera-rufipes\/","title":{"rendered":"B\u00fcndelangebot - Pseudoneoponera rufipes"},"content":{"rendered":"<p><span data-text-color=\"secondary\"><strong>Paketangebot mit einer Ameisenkolonie Pseudoneoponera rufipes (K\u00f6nigin mit 11-25 Arbeiterinnen + Brut)<\/strong><\/span><\/p>\n<p><span data-text-color=\"alert\"><strong>Nur solange der Vorrat reicht.<\/strong><\/span><\/p>\n<p><span data-text-color=\"alert\"><strong>Versand nur \u00fcber GO! innerhalb von Deutschland m\u00f6glich.<\/strong><\/span><\/p>\n<p><strong>Alles, was Sie f\u00fcr eine Pseudoneoponera rufipes-Ameisenkolonie ben\u00f6tigen:<\/strong><br \/>\nDieses Paket enth\u00e4lt alles, was Sie brauchen, um eine Pseudoneoponera rufipes-Kolonie erfolgreich durch die ersten Monate zu bringen. Es ist flexibel erweiterbar und wurde \u00fcber mehrere Jahre mit dieser Ameisenart getestet.<\/p>\n<p><strong>Ameisenart Pseudoneoponera rufipes:<\/strong><br \/>\nPseudoneoponera rufipes ist eine gro\u00dfe Ameisenart aus S\u00fcdostasien. Dort nisten sie meist in lehmigem Boden und manchmal auch auf B\u00e4umen. Aufgrund ihrer Herkunft aus tropischen Regionen halten sie keinen Winterschlaf. Ihre Kolonien erreichen eine maximale Gr\u00f6\u00dfe von mehreren hundert Tieren, in der Regel aber nicht mehr als 200.<\/p>\n<p>Tags\u00fcber wirken sie relativ tr\u00e4ge, da sie nachts und in der D\u00e4mmerung aktiver sind. Sie sind aber auch tags\u00fcber aktiv und ihr ruhiges Verhalten macht ihre Beobachtung zu einem besonderen Erlebnis. Als Abwehrmechanismus \u00fcberziehen sie ihre Feinde mit einem schaumartigen Abwehrsekret.<\/p>\n<p><strong>Nest f\u00fcr Pseudoneoponera rufipes:<\/strong><br \/>\nDa sie in den tropischen Regenw\u00e4ldern S\u00fcdostasiens in freier Wildbahn normalerweise in lehmigem Boden nisten, haben wir uns f\u00fcr eine XL-Ameisenfarm mit Regenwaldboden entschieden.<\/p>\n<p><strong>Nahrung f\u00fcr Pseudoneoponera rufipes:<\/strong><br \/>\nWir haben unsere ganzen blanchierten Grillen und den Honigtau-Mix als Futter in dieses Set aufgenommen. Beide werden von Pseudoneoponera rufipes sehr gut angenommen und unterst\u00fctzen durch die enthaltenen N\u00e4hrstoffe eine nat\u00fcrliche und positive Entwicklung der Kolonie.<\/p>\n<p><strong>Die optimalen klimatischen Bedingungen f\u00fcr Pseudoneoponera rufipes sind wie folgt:<\/strong><br \/>\nLuftfeuchtigkeit:<br \/>\nArena: 60 - 70% Nestbereich: 60 - 80%<br \/>\nTemperatur:<br \/>\nArena: 21 - 30\u00b0C Nestbereich: 24 - 28\u00b0C<\/p>\n<p><strong>Inhalt:<\/strong><br \/>\n1x Pseudoneoponera rufipes (K\u00f6nigin + 11-25 Arbeiterinnen + Brut)<\/p>\n<p>1x Honigtau-Mix (HT) - Nachf\u00fcllpackung 10ml<br \/>\n1x ganze blanchierte Grille 10g<br \/>\n1x Arenastand 20\u00d720<br \/>\n1x Formicarium-Boden - 20\u00d76<\/p>\n<p>1x ANTCUBE - Arena 20x20x10 - flach<br \/>\n2x ANTCUBE - Ameisenfarm - L - 20\u00d720 - stehend<br \/>\n1x Ameisenarena-Rahmen 20\u00d720<br \/>\n1x Ameisenarena-Abdeckung 20\u00d720<br \/>\n4x Befestigungspunkt f\u00fcr Arenadeckel<\/p>\n<p>1x 0,5 m transparenter Schlauch 20\/16 mm<br \/>\n2x Waschbeckenschlauchanschluss 27 mm -14,16,20 mm - transparent<br \/>\n1x Klebeklammern - transparent 2 Stk.<br \/>\n1x ANTCUBE - rote Folie 20\u00d720 - Filter<\/p>\n<p>2x Substrat - Regenwald - 1 kg<br \/>\n1x Foto-R\u00fcckwand - Regenwald - 20\u00d710<\/p>\n<p>2x Gittereinsatz - 50mm - Edelstahl<br \/>\n2x Gittereinsatz - 27mm - Edelstahl<\/p>\n<p>1x Mini-Thermo-Hygrometer analog - Anzeige - h\u00e4ngend<br \/>\n1x Federstahlpinzette breit - weich<br \/>\n1x Kunststoffpinzette Standard<br \/>\n1x Kunststoffpipette 3ml<br \/>\n1x Ameisenausbruchsschutz\u00f6l 10ml<br \/>\n1x Tr\u00e4nke 2ml - 360 Grad<br \/>\n1x Napf klar 1\u00d720 - Schwamm<br \/>\n1x Tr\u00e4nketrog klar 20ml - Schwamm<br \/>\n1x Handlupe - 2x - 30mm<br \/>\n1x Schaumstoffwischer 150x18x2,5mm<\/p>\n<p><strong>Beschreibung:<\/strong><br \/>\nDieses erweiterbare Starterset f\u00fcr Pseudoneoponera rufipes enth\u00e4lt nicht nur das optimal angepasste Formicarium, sondern auch das passende Zubeh\u00f6r zur Haltung dieser Ameisenart. Die \"Tr\u00e4nke klar 20ml - Schwamm\" ist f\u00fcr Wasser gedacht, die \"Tr\u00e4nke 2ml - 360 Grad\" f\u00fcr den Honigtau-Mix.<\/p>\n<p><span data-text-color=\"alert\"><strong>Das ist wichtig:<\/strong><\/span> Bitte befeuchten Sie das W\u00fcstensubstrat vor der Verwendung, damit sich die Mischung verbinden und einen festen Halt im Ameisenbau entwickeln kann. Au\u00dferdem kann ein trockenes und staubiges Substrat dazu f\u00fchren, dass die Atemwege der Ameisen blockiert werden und die Tiere im schlimmsten Fall ersticken.<\/p>\n<p><strong>Hinweise zur Produktion<\/strong><br \/>\nDer Zuschnitt des Glases erfolgt nach DIN 1249 mit einer Toleranz von +\/- 1 mm. F\u00fcr extrem kleine Ameisenarten ist ein zus\u00e4tzlicher Ausbruchsschutz erforderlich.<\/p>\n<p><strong>Hinweis zu den blanchierten Grillen:<\/strong><br \/>\nUnsere blanchierten Grillen sind eine einfache M\u00f6glichkeit, Ihre Ameisen mit frisch konservierter Proteinnahrung zu versorgen, ohne lebende Insekten f\u00fcttern zu m\u00fcssen. Die enthaltenen Grillen (Acheta domesticus) wurden schonend blanchiert, um sicherzustellen, dass N\u00e4hrwerte, Geschmack und Aroma erhalten bleiben. Au\u00dferdem wird der Chitinpanzer der Insekten auf diese Weise aufgeweicht, so dass er leichter verdaut werden kann. Die Bindungen der kollagenen Proteine werden aufgebrochen, so dass die Ameisen sie besser verwerten k\u00f6nnen. Acheta domesticus in Dosen hat den gleichen N\u00e4hrwert wie lebende Grillen, ist aber leichter zu verdauen.<\/p>\n<p>Die blanchierten Grillen eignen sich nicht f\u00fcr die Jagd auf Ameisenarten, die Lebendfutter ben\u00f6tigen (z. B. Ponerinen wie Harpegnathos oder Odontomachus).<\/p>\n<p><strong>Weitere Vorteile:<\/strong><br \/>\nGarantiert milbenfrei<br \/>\nKann portioniert werden<br \/>\nSterilisiert und vakuumiert<br \/>\nOhne Zusatzstoffe<br \/>\nGrillen aus nachhaltiger, rein biologischer Zucht, gef\u00fcttert mit Bioabf\u00e4llen<\/p>\n<p><strong>Bitte beachten:<\/strong><br \/>\nNach dem \u00d6ffnen etwa vier Tage im K\u00fchlschrank aufbewahren. L\u00e4nger haltbar, wenn eingefroren.<\/p>\n<p><strong>Anmerkung zum Honigtau:<\/strong><br \/>\nInhalt: 10 ml<br \/>\nEs handelt sich um ein Naturprodukt, das wir nach ausgiebigen Tests in unserem Labor verfeinert und zu einem von den Ameisen sehr gut angenommenen Futter entwickelt haben. Der Grund daf\u00fcr ist, dass unverarbeiteter Honigtauhonig in seiner konzentrierten urspr\u00fcnglichen Form von Ameisen und deren Stoffwechsel nicht gut angenommen wird.<br \/>\nUnser Honigtau wurde in den unber\u00fchrten wilden Bergw\u00e4ldern Bulgariens gesammelt. Honigtau wird nur f\u00fcr eine sehr begrenzte Zeit produziert, etwa zwei Monate im Sommer. Er ist daher sehr selten. Aufgrund der besonderen Bodenbeschaffenheit der W\u00e4lder und des Klimas werden wichtige N\u00e4hrstoffe in den Bl\u00e4ttern der B\u00e4ume gespeichert, die von den Blattl\u00e4usen aufgenommen werden. Das macht diese Honigtau-Mischung f\u00fcr die Ameisen so begehrenswert.<\/p>\n<p><strong>Anwendung:<\/strong><br \/>\nDie Lebensmittelmenge sollte innerhalb von etwa 3 Tagen verbraucht werden.<\/p>\n<p><strong>Beschreibung:<\/strong><br \/>\nHonigtau wird im Gegensatz zu Bl\u00fctenhonig aus Sekreten von Insekten gewonnen, die an Pflanzen saugen, z. B. Blattl\u00e4usen. Honigtau ist eine beliebte Nahrungsquelle f\u00fcr viele Insekten wie Ameisen, Bienen und Hummeln. Bienen und Hummeln lecken ihn von den Bl\u00e4ttern oder Nadeln verschiedener B\u00e4ume ab. Ameisen wie Lasius niger halten die Blattl\u00e4use buchst\u00e4blich fest. Sie verteidigen sie sogar gegen Fressfeinde und tragen sie zu neuen Trieben.<\/p>\n<p>Honigtau ist bei Ameisen wegen seiner etwas anderen Bestandteile besonders beliebt. Die wichtigsten Zuckerarten im Honigtau sind Saccharose und Fruktose, aber auch kleinere Mengen an Maltose, Trehalose, Melezitose, Raffinose und anderen Oligosacchariden sind enthalten. Neben Zucker und Wasser enth\u00e4lt der Honigtau auch essenzielle Aminos\u00e4uren, Mineralstoffe, Spurenelemente, Adenosine, Phosphate und andere Inhaltsstoffe wie Vitamine.<\/p>\n<p><strong>Verwendung:<\/strong><br \/>\nF\u00fcr honigfressende Ameisenarten (Meliphagidae)<br \/>\nDies ist ein Erg\u00e4nzungsfuttermittel<br \/>\nEs kann den Tieren wie geliefert angeboten werden. Da die Zuckerkonzentration durch die Feuchtigkeit verringert wird und ein G\u00e4rungsprozess einsetzt, sollte das Futter alle 3 Tage ausgetauscht werden. Reinigen Sie den Futternapf\/die Tube vor der Wiederverwendung gr\u00fcndlich.<br \/>\nEine ge\u00f6ffnete Packung sollte bis zum Ablauf des Verfallsdatums fest verschlossen aufbewahrt werden.<\/p>\n<p><strong>N\u00e4hrwertangaben pro 100 g:<\/strong><br \/>\nca. 2,7 % Fette<br \/>\ndavon ges\u00e4ttigt ca. 0,45 %<br \/>\nca. 95 % Kohlenhydrate<br \/>\ndavon Zucker ca. 71<br \/>\nca. 2,85% Protein<\/p>\n<p>Mineralstoffe (Kalium, Calcium, Kupfer, Eisen, Natrium, Magnesium, Phosphor, Zink und andere Spurenelemente) Aminos\u00e4uren (Prolin, Leucin, Phenylalanin, Alanin, Histidin, Isoleucin, Glutamins\u00e4ure, Arginin, Asparagins\u00e4ure usw.) Organische S\u00e4uren Enzyme (Fermente)Aromastoffe Inhibine (antibakterielle Substanzen) Blumen Pollen<\/p>\n<p><strong>Lagerung:<\/strong><br \/>\nUm die Qualit\u00e4t des Futters zu gew\u00e4hrleisten, sollte es an einem dunklen und trockenen Ort gelagert werden.<\/p>\n<p><strong>Anmerkung:<\/strong><br \/>\nErg\u00e4nzungsfuttermittel f\u00fcr honigfressende Ameisen.<br \/>\nDie Zusammensetzung, die analytischen Bestandteile, das Mindesthaltbarkeitsdatum und die Chargennummer entnehmen Sie bitte der Packungsbeilage.<\/p>\n<p>Informations-Hotline +49 30 439703870<\/p>\n<p><strong>Zust\u00e4ndiges Veterin\u00e4r- und Lebensmittelinspektorat:<\/strong><br \/>\nVeterin\u00e4ramt Steglitz<br \/>\nK\u00f6nigin-Luise-Str. 92<br \/>\n14195 Berlin<\/p>","protected":false},"excerpt":{"rendered":"<p>Das Set besteht aus 35 Teilen<\/p>","protected":false},"featured_media":8855,"comment_status":"open","ping_status":"closed","template":"","meta":{"_acf_changed":false,"content-type":"","_monsterinsights_skip_tracking":false,"_monsterinsights_sitenote_active":false,"_monsterinsights_sitenote_note":"","_monsterinsights_sitenote_category":0},"product_brand":[],"product_cat":[355,73],"product_tag":[],"class_list":{"0":"post-8853","1":"product","2":"type-product","3":"status-publish","4":"has-post-thumbnail","6":"product_cat-bundle-offers","7":"product_cat-starter-sets","8":"product_shipping_class-germany-only","10":"first","11":"outofstock","12":"taxable","13":"shipping-taxable","14":"purchasable","15":"product-type-simple"},"acf":[],"aioseo_notices":[],"jetpack_sharing_enabled":true,"_links":{"self":[{"href":"https:\/\/antcube.shop\/de\/wp-json\/wp\/v2\/product\/8853","targetHints":{"allow":["GET"]}}],"collection":[{"href":"https:\/\/antcube.shop\/de\/wp-json\/wp\/v2\/product"}],"about":[{"href":"https:\/\/antcube.shop\/de\/wp-json\/wp\/v2\/types\/product"}],"replies":[{"embeddable":true,"href":"https:\/\/antcube.shop\/de\/wp-json\/wp\/v2\/comments?post=8853"}],"wp:featuredmedia":[{"embeddable":true,"href":"https:\/\/antcube.shop\/de\/wp-json\/wp\/v2\/media\/8855"}],"wp:attachment":[{"href":"https:\/\/antcube.shop\/de\/wp-json\/wp\/v2\/media?parent=8853"}],"wp:term":[{"taxonomy":"product_brand","embeddable":true,"href":"https:\/\/antcube.shop\/de\/wp-json\/wp\/v2\/product_brand?post=8853"},{"taxonomy":"product_cat","embeddable":true,"href":"https:\/\/antcube.shop\/de\/wp-json\/wp\/v2\/product_cat?post=8853"},{"taxonomy":"product_tag","embeddable":true,"href":"https:\/\/antcube.shop\/de\/wp-json\/wp\/v2\/product_tag?post=8853"}],"curies":[{"name":"wp","href":"https:\/\/api.w.org\/{rel}","templated":true}]}}