{"id":8718,"date":"2024-07-22T15:43:52","date_gmt":"2024-07-22T13:43:52","guid":{"rendered":"https:\/\/antcube.shop\/product\/bonsai-tree-deko\/"},"modified":"2026-01-20T18:00:36","modified_gmt":"2026-01-20T17:00:36","slug":"bonsai-baum-deko","status":"publish","type":"product","link":"https:\/\/antcube.shop\/de\/produkt\/bonsai-baum-deko\/","title":{"rendered":"Bonsai-Baum"},"content":{"rendered":"<p>Gr\u00f6\u00dfe \/ H\u00f6he 20 cm bis 28 cm<br \/>\nDurchmesser ~ 10 cm -20 cm, ideal f\u00fcr Arenen 30x30x30 cm und h\u00f6her.<br \/>\nDas Gewicht schwankt zwischen 250 und 400 Gramm.<\/p>\n<p>Unser Bonsaibaum ist eine ideale Dekoration f\u00fcr Ihr Formicarium. Er kann sowohl freistehend in einem Fromicarium als auch in nat\u00fcrlich bepflanzten Vivarien verwendet werden. Da sich Ameisen unter oder in dem Bonsai verstecken k\u00f6nnen, empfehlen wir, ihn erst dann zu verwenden, wenn Ihre Ameisenkolonie bereits ihr Nest bezogen hat. Andernfalls k\u00f6nnte es sein, dass sie es als Nistplatz bevorzugen und Sie das Nest aus den Augen verlieren.<\/p>\n<p><strong>ACHTUNG!<\/strong> Bitte nicht in sehr feuchten formicaria (\u00fcber 60% Feuchtigkeit). Der Bonsai k\u00f6nnte anfangen zu schimmeln. Mit sehr guter Bel\u00fcftung, kann der Bonsai auch in feuchteren formicaria platziert werden.<\/p>\n<p><span data-text-color=\"alert\"><strong>WICHTIGER HINWEIS ZU DIESEM ARTIKEL:<\/strong><\/span><br \/>\nDa es sich um ein Naturprodukt \/ Unikat handelt, sind die Bilder hier nicht ganz identisch mit dem Artikel, den Sie erhalten. Es gibt Abweichungen in der Gr\u00f6\u00dfe, Form und Farbe des Mini-Baumes sowie der Bodenplatte aus Bruchschiefer. Wir garantieren nur die maximale H\u00f6he des Artikels.<\/p>\n<p>Mit der Bestellung dieses Artikels erkl\u00e4ren Sie sich mit den oben genannten m\u00f6glichen Variationen des Produkts in Gr\u00f6\u00dfe, Form und Farbe zum Zeitpunkt des Kaufs einverstanden und stimmen diesen zu.<\/p>","protected":false},"excerpt":{"rendered":"<p>Abmessungen: 20-28 cm hoch<\/p>","protected":false},"featured_media":8721,"comment_status":"open","ping_status":"closed","template":"","meta":{"_acf_changed":false,"content-type":"","_monsterinsights_skip_tracking":false,"_monsterinsights_sitenote_active":false,"_monsterinsights_sitenote_note":"","_monsterinsights_sitenote_category":0},"product_brand":[],"product_cat":[95,98],"product_tag":[],"class_list":{"0":"post-8718","1":"product","2":"type-product","3":"status-publish","4":"has-post-thumbnail","6":"product_cat-accessories-for-ants","7":"product_cat-decoration","9":"first","10":"outofstock","11":"taxable","12":"shipping-taxable","13":"purchasable","14":"product-type-simple"},"acf":[],"aioseo_notices":[],"jetpack_sharing_enabled":true,"_links":{"self":[{"href":"https:\/\/antcube.shop\/de\/wp-json\/wp\/v2\/product\/8718","targetHints":{"allow":["GET"]}}],"collection":[{"href":"https:\/\/antcube.shop\/de\/wp-json\/wp\/v2\/product"}],"about":[{"href":"https:\/\/antcube.shop\/de\/wp-json\/wp\/v2\/types\/product"}],"replies":[{"embeddable":true,"href":"https:\/\/antcube.shop\/de\/wp-json\/wp\/v2\/comments?post=8718"}],"wp:featuredmedia":[{"embeddable":true,"href":"https:\/\/antcube.shop\/de\/wp-json\/wp\/v2\/media\/8721"}],"wp:attachment":[{"href":"https:\/\/antcube.shop\/de\/wp-json\/wp\/v2\/media?parent=8718"}],"wp:term":[{"taxonomy":"product_brand","embeddable":true,"href":"https:\/\/antcube.shop\/de\/wp-json\/wp\/v2\/product_brand?post=8718"},{"taxonomy":"product_cat","embeddable":true,"href":"https:\/\/antcube.shop\/de\/wp-json\/wp\/v2\/product_cat?post=8718"},{"taxonomy":"product_tag","embeddable":true,"href":"https:\/\/antcube.shop\/de\/wp-json\/wp\/v2\/product_tag?post=8718"}],"curies":[{"name":"wp","href":"https:\/\/api.w.org\/{rel}","templated":true}]}}