{"id":8518,"date":"2024-06-10T10:41:37","date_gmt":"2024-06-10T08:41:37","guid":{"rendered":"https:\/\/antcube.shop\/product\/poster\/"},"modified":"2025-09-30T10:22:23","modified_gmt":"2025-09-30T08:22:23","slug":"poster-anatomie","status":"publish","type":"product","link":"https:\/\/antcube.shop\/de\/produkt\/poster-anatomie\/","title":{"rendered":"Poster Anatomie"},"content":{"rendered":"<p>Poster in Museumsqualit\u00e4t auf dickem, mattem Papier. Setzen Sie einen wunderbaren Akzent in Ihrem Zimmer oder B\u00fcro mit diesen Postern, die sicher jede Umgebung erhellen werden.<\/p>\n<p>- Papierst\u00e4rke: 10,3 mil<br \/>\n- Papiergewicht: 189 g\/m\u00b2<br \/>\n- Lichtundurchl\u00e4ssigkeit: 94%<br \/>\n- ISO-Helligkeit: 104%<br \/>\n- Das Papier wird aus Japan bezogen<\/p>\n<p>Dieses Produkt wird speziell f\u00fcr Sie hergestellt, sobald Sie eine Bestellung aufgeben, weshalb es etwas l\u00e4nger dauert, bis wir es Ihnen liefern k\u00f6nnen. Die Herstellung von Produkten auf Anfrage statt in gro\u00dfen Mengen tr\u00e4gt dazu bei, die \u00dcberproduktion zu reduzieren. Wir danken Ihnen also f\u00fcr Ihre durchdachten Kaufentscheidungen!<\/p>","protected":false},"excerpt":{"rendered":"<p>Poster in Museumsqualit\u00e4t auf dickem, mattem Papier. Setzen Sie mit diesen Postern einen wunderbaren Akzent in Ihrem Zimmer oder B\u00fcro, der jede Umgebung erhellt. - Papierst\u00e4rke: 10,3 mil - Papiergewicht: 189 g\/m\u00b2 - Opazit\u00e4t: 94% - ISO-Helligkeit: 104% - Das Papier stammt aus Japan Dieses Produkt wurde speziell f\u00fcr","protected":false},"featured_media":8523,"comment_status":"open","ping_status":"closed","template":"","meta":{"_acf_changed":false,"content-type":"","_monsterinsights_skip_tracking":false,"_monsterinsights_sitenote_active":false,"_monsterinsights_sitenote_note":"","_monsterinsights_sitenote_category":0},"product_brand":[],"product_cat":[245],"product_tag":[],"class_list":{"0":"post-8518","1":"product","2":"type-product","3":"status-publish","4":"has-post-thumbnail","6":"product_cat-merchandise","8":"first","9":"instock","10":"taxable","11":"shipping-taxable","12":"purchasable","13":"product-type-variable"},"acf":[],"aioseo_notices":[],"jetpack_sharing_enabled":true,"_links":{"self":[{"href":"https:\/\/antcube.shop\/de\/wp-json\/wp\/v2\/product\/8518","targetHints":{"allow":["GET"]}}],"collection":[{"href":"https:\/\/antcube.shop\/de\/wp-json\/wp\/v2\/product"}],"about":[{"href":"https:\/\/antcube.shop\/de\/wp-json\/wp\/v2\/types\/product"}],"replies":[{"embeddable":true,"href":"https:\/\/antcube.shop\/de\/wp-json\/wp\/v2\/comments?post=8518"}],"wp:featuredmedia":[{"embeddable":true,"href":"https:\/\/antcube.shop\/de\/wp-json\/wp\/v2\/media\/8523"}],"wp:attachment":[{"href":"https:\/\/antcube.shop\/de\/wp-json\/wp\/v2\/media?parent=8518"}],"wp:term":[{"taxonomy":"product_brand","embeddable":true,"href":"https:\/\/antcube.shop\/de\/wp-json\/wp\/v2\/product_brand?post=8518"},{"taxonomy":"product_cat","embeddable":true,"href":"https:\/\/antcube.shop\/de\/wp-json\/wp\/v2\/product_cat?post=8518"},{"taxonomy":"product_tag","embeddable":true,"href":"https:\/\/antcube.shop\/de\/wp-json\/wp\/v2\/product_tag?post=8518"}],"curies":[{"name":"wp","href":"https:\/\/api.w.org\/{rel}","templated":true}]}}