{"id":8503,"date":"2024-06-10T10:40:31","date_gmt":"2024-06-10T08:40:31","guid":{"rendered":"https:\/\/antcube.shop\/product\/stainless-steel-water-bottle-2\/"},"modified":"2024-12-12T11:07:50","modified_gmt":"2024-12-12T10:07:50","slug":"edelstahl-wasserflasche-2","status":"publish","type":"product","link":"https:\/\/antcube.shop\/de\/produkt\/edelstahl-wasserflasche-2\/","title":{"rendered":"Wasserflasche aus rostfreiem Stahl"},"content":{"rendered":"<p>Diese doppelwandige 17-Unzen-Wasserflasche aus Edelstahl ist perfekt f\u00fcr Ihre t\u00e4glichen Ausfl\u00fcge. Sie h\u00e4lt das Getr\u00e4nk Ihrer Wahl stundenlang hei\u00df oder kalt. Au\u00dferdem verf\u00fcgt sie \u00fcber einen geruchs- und auslaufsicheren Verschluss. Stecken Sie sie auf dem Weg zur Arbeit in den Getr\u00e4nkehalter Ihres Autos, nehmen Sie sie mit auf Wanderungen oder stecken Sie sie in Ihre Tasche, wenn Sie durstig sind.<\/p>\n<p>- Hochwertiger rostfreier Stahl<br \/>\n- 17 oz (500 ml)<br \/>\n- Abmessungen: 10,5\u2033 \u00d7 2,85\u2033 (27 \u00d7 7 cm)<br \/>\n- Vakuum-Kolben<br \/>\n- Doppelwandige Konstruktion<br \/>\n- Form eines Bowlingpins<br \/>\n- Gl\u00e4nzende Oberfl\u00e4che<br \/>\n- Geruchsneutraler und auslaufsicherer Verschluss<br \/>\n- Isoliert f\u00fcr hei\u00dfe und kalte Fl\u00fcssigkeiten (h\u00e4lt die Fl\u00fcssigkeit 6 Stunden lang hei\u00df oder kalt)<br \/>\n- Patentierte ORCA-Beschichtung f\u00fcr leuchtende Farben<br \/>\n- Nur Handw\u00e4sche<br \/>\n- Rohling aus China importiert<\/p>\n<p>Haftungsausschluss: Die Aufbewahrung von Wasser in der Flasche f\u00fcr mehr als 24 Stunden ist unhygienisch und kann zu einem unangenehmen Geruch f\u00fchren.<\/p>","protected":false},"excerpt":{"rendered":"<p>Diese doppelwandige 17-Unzen-Wasserflasche aus Edelstahl ist perfekt f\u00fcr Ihre t\u00e4glichen Ausfl\u00fcge. Sie h\u00e4lt das Getr\u00e4nk Ihrer Wahl stundenlang hei\u00df oder kalt. Au\u00dferdem verf\u00fcgt sie \u00fcber einen geruchs- und auslaufsicheren Verschluss. Werfen Sie sie auf dem Weg zur Arbeit in den Getr\u00e4nkehalter Ihres Autos, nehmen Sie sie mit auf Wanderungen oder werfen Sie sie in [...]","protected":false},"featured_media":8504,"comment_status":"open","ping_status":"closed","template":"","meta":{"_acf_changed":false,"content-type":"","_monsterinsights_skip_tracking":false,"_monsterinsights_sitenote_active":false,"_monsterinsights_sitenote_note":"","_monsterinsights_sitenote_category":0},"product_brand":[],"product_cat":[245],"product_tag":[],"class_list":{"0":"post-8503","1":"product","2":"type-product","3":"status-publish","4":"has-post-thumbnail","6":"product_cat-merchandise","8":"first","9":"instock","10":"taxable","11":"shipping-taxable","12":"purchasable","13":"product-type-simple"},"acf":[],"aioseo_notices":[],"jetpack_sharing_enabled":true,"_links":{"self":[{"href":"https:\/\/antcube.shop\/de\/wp-json\/wp\/v2\/product\/8503","targetHints":{"allow":["GET"]}}],"collection":[{"href":"https:\/\/antcube.shop\/de\/wp-json\/wp\/v2\/product"}],"about":[{"href":"https:\/\/antcube.shop\/de\/wp-json\/wp\/v2\/types\/product"}],"replies":[{"embeddable":true,"href":"https:\/\/antcube.shop\/de\/wp-json\/wp\/v2\/comments?post=8503"}],"wp:featuredmedia":[{"embeddable":true,"href":"https:\/\/antcube.shop\/de\/wp-json\/wp\/v2\/media\/8504"}],"wp:attachment":[{"href":"https:\/\/antcube.shop\/de\/wp-json\/wp\/v2\/media?parent=8503"}],"wp:term":[{"taxonomy":"product_brand","embeddable":true,"href":"https:\/\/antcube.shop\/de\/wp-json\/wp\/v2\/product_brand?post=8503"},{"taxonomy":"product_cat","embeddable":true,"href":"https:\/\/antcube.shop\/de\/wp-json\/wp\/v2\/product_cat?post=8503"},{"taxonomy":"product_tag","embeddable":true,"href":"https:\/\/antcube.shop\/de\/wp-json\/wp\/v2\/product_tag?post=8503"}],"curies":[{"name":"wp","href":"https:\/\/api.w.org\/{rel}","templated":true}]}}