{"id":8185,"date":"2024-06-10T10:28:06","date_gmt":"2024-06-10T08:28:06","guid":{"rendered":"https:\/\/antcube.shop\/product\/boxer-briefs\/"},"modified":"2024-12-12T11:08:38","modified_gmt":"2024-12-12T10:08:38","slug":"boxershorts","status":"publish","type":"product","link":"https:\/\/antcube.shop\/de\/produkt\/boxershorts\/","title":{"rendered":"Boxershorts"},"content":{"rendered":"<p>Diese Boxershorts sind aus einem weichen und dehnbaren Material gefertigt, das den ganzen Tag \u00fcber f\u00fcr Komfort sorgt. Die Boxershorts haben keine R\u00fcckennaht und verf\u00fcgen \u00fcber eine gef\u00fctterte Fronttasche f\u00fcr zus\u00e4tzlichen Komfort und Halt. <\/p>\n<p>- 95% Polyester, 5% Elastan (die Stoffzusammensetzung kann um 1% variieren)<br \/>\n- Mittelhoch<br \/>\n- Gef\u00fctterte Fronttasche f\u00fcr zus\u00e4tzlichen Halt<br \/>\n- 4 cm breiter elastischer Bund mit Stoffbezug<br \/>\n- Paneel im Schritt <br \/>\n- Overlock und Coverstich <br \/>\n- Keine R\u00fcckennaht f\u00fcr zus\u00e4tzlichen Komfort<br \/>\n- Blankoproduktkomponenten in der EU, die aus Litauen stammen<br \/>\n- Blanko-Produktkomponenten in Mexiko, die aus den USA und China bezogen werden<\/p>","protected":false},"excerpt":{"rendered":"<p>Diese Boxershorts sind aus einem weichen und dehnbaren Material gefertigt, das den ganzen Tag \u00fcber f\u00fcr Komfort sorgt. Die Boxershorts haben keine R\u00fcckennaht und verf\u00fcgen \u00fcber eine gef\u00fctterte Fronttasche f\u00fcr zus\u00e4tzlichen Komfort und Halt. - 95% Polyester, 5% Elastan (Stoffzusammensetzung kann um 1% variieren) - Mittlere Passform - Gef\u00fctterte Fronttasche f\u00fcr zus\u00e4tzlichen [...]","protected":false},"featured_media":8195,"comment_status":"open","ping_status":"closed","template":"","meta":{"_acf_changed":false,"content-type":"","_monsterinsights_skip_tracking":false,"_monsterinsights_sitenote_active":false,"_monsterinsights_sitenote_note":"","_monsterinsights_sitenote_category":0},"product_brand":[],"product_cat":[245],"product_tag":[],"class_list":{"0":"post-8185","1":"product","2":"type-product","3":"status-publish","4":"has-post-thumbnail","6":"product_cat-merchandise","8":"first","9":"instock","10":"taxable","11":"shipping-taxable","12":"purchasable","13":"product-type-variable"},"acf":[],"aioseo_notices":[],"jetpack_sharing_enabled":true,"_links":{"self":[{"href":"https:\/\/antcube.shop\/de\/wp-json\/wp\/v2\/product\/8185","targetHints":{"allow":["GET"]}}],"collection":[{"href":"https:\/\/antcube.shop\/de\/wp-json\/wp\/v2\/product"}],"about":[{"href":"https:\/\/antcube.shop\/de\/wp-json\/wp\/v2\/types\/product"}],"replies":[{"embeddable":true,"href":"https:\/\/antcube.shop\/de\/wp-json\/wp\/v2\/comments?post=8185"}],"wp:featuredmedia":[{"embeddable":true,"href":"https:\/\/antcube.shop\/de\/wp-json\/wp\/v2\/media\/8195"}],"wp:attachment":[{"href":"https:\/\/antcube.shop\/de\/wp-json\/wp\/v2\/media?parent=8185"}],"wp:term":[{"taxonomy":"product_brand","embeddable":true,"href":"https:\/\/antcube.shop\/de\/wp-json\/wp\/v2\/product_brand?post=8185"},{"taxonomy":"product_cat","embeddable":true,"href":"https:\/\/antcube.shop\/de\/wp-json\/wp\/v2\/product_cat?post=8185"},{"taxonomy":"product_tag","embeddable":true,"href":"https:\/\/antcube.shop\/de\/wp-json\/wp\/v2\/product_tag?post=8185"}],"curies":[{"name":"wp","href":"https:\/\/api.w.org\/{rel}","templated":true}]}}