{"id":7997,"date":"2024-06-07T18:17:29","date_gmt":"2024-06-07T16:17:29","guid":{"rendered":"https:\/\/antcube.shop\/product\/unisex-hoodie\/"},"modified":"2024-12-12T11:08:58","modified_gmt":"2024-12-12T10:08:58","slug":"unisex-kapuzenpulli","status":"publish","type":"product","link":"https:\/\/antcube.shop\/de\/produkt\/unisex-kapuzenpulli\/","title":{"rendered":"Unisex-Kapuzenpulli"},"content":{"rendered":"<p>Jeder braucht einen kuscheligen Kapuzenpulli, in den man sich einkuscheln kann, also entscheide dich f\u00fcr einen weichen, glatten und stylischen. Er ist die perfekte Wahl f\u00fcr k\u00fchlere Abende!<\/p>\n<p>- 50% einlaufvorbehandelte Baumwolle, 50% Polyester<br \/>\n- Stoffgewicht: 8,0 oz\/yd\u00b2 (271,25 g\/m\u00b2)<br \/>\n- Luftgesponnenes Garn mit weichem Griff und geringer Pillingbildung<br \/>\n- Doppelt gef\u00fctterte Kapuze mit passendem Kordelzug<br \/>\n- Vierteldrehung des K\u00f6rpers zur Vermeidung einer Falte in der Mitte<br \/>\n- 1 \u00d7 1 sportliche Rippenstrickb\u00fcndchen und Bund mit Elasthan<br \/>\n- Beuteltasche vorne<br \/>\n- Kragen, Schultern, Armausschnitte, Manschetten und Saum mit Doppelnaht gen\u00e4ht<br \/>\n- Leeres Produkt aus Bangladesch, Nicaragua, Honduras oder El Salvador<\/p>\n<p>Dieses Produkt wird speziell f\u00fcr Sie hergestellt, sobald Sie eine Bestellung aufgeben, weshalb es etwas l\u00e4nger dauert, bis wir es Ihnen liefern k\u00f6nnen. Die Herstellung von Produkten auf Anfrage statt in gro\u00dfen Mengen tr\u00e4gt dazu bei, die \u00dcberproduktion zu reduzieren. Wir danken Ihnen also f\u00fcr Ihre durchdachten Kaufentscheidungen!<\/p>","protected":false},"excerpt":{"rendered":"<p>Jeder braucht einen kuscheligen Kapuzenpulli, in den man sich einkuscheln kann, also entscheide dich f\u00fcr einen weichen, glatten und stylischen. Er ist die perfekte Wahl f\u00fcr k\u00fchlere Abende! - 50% einlaufvorbehandelte Baumwolle, 50% Polyester - Stoffgewicht: 8,0 oz\/yd\u00b2 (271,25 g\/m\u00b2) - Luftgesponnenes Garn mit weichem Griff und reduzierter Pillingbildung - Doppelt gef\u00fctterte Kapuze mit passendem","protected":false},"featured_media":8060,"comment_status":"open","ping_status":"closed","template":"","meta":{"_acf_changed":false,"content-type":"","_monsterinsights_skip_tracking":false,"_monsterinsights_sitenote_active":false,"_monsterinsights_sitenote_note":"","_monsterinsights_sitenote_category":0},"product_brand":[],"product_cat":[245],"product_tag":[],"class_list":{"0":"post-7997","1":"product","2":"type-product","3":"status-publish","4":"has-post-thumbnail","6":"product_cat-merchandise","8":"first","9":"instock","10":"taxable","11":"shipping-taxable","12":"purchasable","13":"product-type-variable"},"acf":[],"aioseo_notices":[],"jetpack_sharing_enabled":true,"_links":{"self":[{"href":"https:\/\/antcube.shop\/de\/wp-json\/wp\/v2\/product\/7997","targetHints":{"allow":["GET"]}}],"collection":[{"href":"https:\/\/antcube.shop\/de\/wp-json\/wp\/v2\/product"}],"about":[{"href":"https:\/\/antcube.shop\/de\/wp-json\/wp\/v2\/types\/product"}],"replies":[{"embeddable":true,"href":"https:\/\/antcube.shop\/de\/wp-json\/wp\/v2\/comments?post=7997"}],"wp:featuredmedia":[{"embeddable":true,"href":"https:\/\/antcube.shop\/de\/wp-json\/wp\/v2\/media\/8060"}],"wp:attachment":[{"href":"https:\/\/antcube.shop\/de\/wp-json\/wp\/v2\/media?parent=7997"}],"wp:term":[{"taxonomy":"product_brand","embeddable":true,"href":"https:\/\/antcube.shop\/de\/wp-json\/wp\/v2\/product_brand?post=7997"},{"taxonomy":"product_cat","embeddable":true,"href":"https:\/\/antcube.shop\/de\/wp-json\/wp\/v2\/product_cat?post=7997"},{"taxonomy":"product_tag","embeddable":true,"href":"https:\/\/antcube.shop\/de\/wp-json\/wp\/v2\/product_tag?post=7997"}],"curies":[{"name":"wp","href":"https:\/\/api.w.org\/{rel}","templated":true}]}}