{"id":7881,"date":"2024-05-16T10:12:04","date_gmt":"2024-05-16T08:12:04","guid":{"rendered":"https:\/\/antcube.shop\/product\/bundle-offer-camponotus-singularis\/"},"modified":"2026-03-04T16:55:09","modified_gmt":"2026-03-04T15:55:09","slug":"bundelangebot-camponotus-singularis","status":"publish","type":"product","link":"https:\/\/antcube.shop\/de\/produkt\/bundelangebot-camponotus-singularis\/","title":{"rendered":"B\u00fcndelangebot - Camponotus singularis"},"content":{"rendered":"<p><span data-text-color=\"secondary\"><strong>Paketangebot mit einer Camponotus singularis-Ameisenkolonie (K\u00f6nigin mit 11-25 Arbeiterinnen + Brut)<\/strong><\/span><\/p>\n<p><span data-text-color=\"alert\"><strong>Nur solange der Vorrat reicht.<\/strong><\/span><\/p>\n<p><span data-text-color=\"alert\"><strong>Versand nur \u00fcber GO! innerhalb von Deutschland m\u00f6glich.<\/strong><\/span><\/p>\n<p>1x Camponotus singularis K\u00f6nigin + 11-25 Arbeiterinnen + Brut<\/p>\n<p>1x Ytong-Nest - 40\u00d720 mit Arena<br \/>\n1x Glaswanne 40\u00d720<br \/>\n1x Formicarium-Unterlage - 40x20cm<br \/>\n1x rote Abdeckplatte 20\u00d720 - horizontal<\/p>\n<p>1x Lehmfarbe - beige - 100ml<br \/>\n1x Substrat - Regenwald - 1kg<br \/>\n1x Formicarium-Granulat 200 ml - schwarz<br \/>\n1x Foto-R\u00fcckwand - Regenwald - 20\u00d710<\/p>\n<p>2x Grid insert acrylic &#8211; 50 mm with sealing ring<br \/>\n1x Grid insert acrylic &#8211; 27 mm with sealing ring<\/p>\n<p>1x Grillenmarmelade 25g<br \/>\n1x  Honigtau-Mix (HT) - Nachf\u00fcllpackung 10ml<\/p>\n<p>1x drinking clear 5ml &#8211; sponge<br \/>\n1x Feeding dish white rectangle &#8211; 3 compartments<br \/>\n1x Drinking trough 2ml &#8211; 360 Degrees<\/p>\n<p>1x Foil thermometer Display<\/p>\n<p>1x Ameisenschutz\u00f6l 10ml<br \/>\n1x Pinzette Federstahl - breit - weich<br \/>\n1x Pinzette Kunststoff transparent<br \/>\n1x Kunststoffpipette 3ml<br \/>\n1x Handlupe - 2x - 30mm<br \/>\n1x Schaumstoffwischer 150x18x2,5mm<\/p>\n<p><iframe loading=\"lazy\" title=\"#Camponotus #singularis + B\u00fcndelangebot \ud83d\udc1c\" src=\"https:\/\/www.youtube.com\/embed\/ld6DtoTWUWk\" width=\"449\" height=\"799\" frameborder=\"0\" allowfullscreen=\"allowfullscreen\"><\/iframe><br \/>\n<strong>Ameisenart Camponotus singularis:<\/strong><br \/>\nCamponotus singularis ist eine sehr sch\u00f6ne und sehr gro\u00dfe Ameisenart aus S\u00fcdostasien. Sie sind haupts\u00e4chlich nachtaktiv, aber aufgrund der meist geringeren Lichtintensit\u00e4t in der Wohnung auch tags\u00fcber aktiv. Sie bilden auch schon recht fr\u00fch besonders gro\u00dfe Majore, die die Kolonie verteidigen. Oft sieht man sie am Eingang des Nestes sitzen.<\/p>\n<p>Ihre Kolonien k\u00f6nnen in freier Wildbahn auf mehrere tausend Tiere anwachsen. Aber keine Sorge, das dauert ein paar Jahre.<\/p>\n<p>Man kann sie mit Zucker-Honig-L\u00f6sung, Honig und Eiwei\u00dffutter oder sogar mit kleinen lebenden Insekten wie Grillen und Fruchtfliegen f\u00fcttern. Das aktive Jagdverhalten ist nur in gr\u00f6\u00dferen Kolonien wirklich ausgepr\u00e4gt. Wie bei Camponotus-Arten \u00fcblich, dauert die Entwicklung vom Ei zur Arbeiterin ein paar Wochen.<\/p>\n<p>Luftfeuchtigkeit und Temperatur in der Arena m\u00fcssen allenfalls leicht erh\u00f6ht werden, das Nest sollte aber immer feucht sein. Die Tiere bevorzugen unterschiedlich feuchte Bereiche im Nest.<\/p>\n<p>Camponotus singularis ist relativ faul, wenn es darum geht, Nester zu graben. Deshalb haben wir uns f\u00fcr ein Ytong-Nest entschieden. Die vorgefertigten Kammern und G\u00e4nge k\u00f6nnen direkt von der Kolonie genutzt werden. Das Ytong-Nest l\u00e4sst sich mit der mitgelieferten Glaswanne leicht befeuchten. Einfach etwas Wasser in die Wanne gie\u00dfen und warten, bis der Ytong-Stein das Wasser von selbst aufnimmt.<\/p>\n<p><strong>Informationen \u00fcber das Ytong-Nest mit Arena:<\/strong><br \/>\n<strong>Enth\u00e4lt:<\/strong><br \/>\n<strong>Material:<\/strong> Porenbeton, Glas, PMMA-Kunststoff und PVC<\/p>\n<p><strong>Verbindung:<\/strong> 1x 14mm \u00d6ffnung; 1x 27mm \u00d6ffnung<\/p>\n<p><strong>Inhalt:<\/strong><br \/>\n1x Porenbetonblock 40x20x5 cm mit 20mm tiefen Kammern.<br \/>\n1x Glasplatte 40\u00d720 cm mit einer \u00d6ffnung von 50 mm und eine Arena 20\u00d720 cm<br \/>\n1x Ameisenarena-Rahmen 20\u00d720<br \/>\n1x Ameisenarena-Abdeckung 20\u00d720<br \/>\n1x 50mm Ring mit 27mm \u00d6ffnung<br \/>\n1x Formicarium-Stopfen 13mm<br \/>\n2x Formicarienstopfen 27mm<br \/>\n2x 50mm Formicarienstopfen<\/p>\n<p>Aufgrund seiner wasserspeichernden Eigenschaften ist das Material gut f\u00fcr die Haltung von Ameisen geeignet. Es kann verwendet werden, um eine gro\u00dfe Anzahl von erdnestbauenden Arten sowohl aus trockenen als auch aus feuchten Lebensr\u00e4umen zu halten. Je nach Ameisenart ist es ratsam, den Boden der Kammern mit Lehmfarbe und Erdsubstrat zu bedecken. Einige Arten f\u00fchlen sich auf diese Weise wohler, und die Ponerinae-Arten beispielsweise brauchen Erde, damit sich ihre Larven gut verpuppen k\u00f6nnen. Da dieses Nest bereits eine Arena enth\u00e4lt, kann es als komplettes Formicariumsystem verwendet werden.<\/p>\n<p><strong>Anmerkung:<\/strong><br \/>\nUm zu verhindern, dass nach dem Befeuchten der Nestfl\u00e4che Wasser aus dem Ytong ausl\u00e4uft und sich auf der darunter liegenden M\u00f6beloberfl\u00e4che sammelt oder das raue Material die Oberfl\u00e4chen zerkratzt, empfehlen wir f\u00fcr unsere Ytong-Nester eine unserer passenden Glasschalen. Diese sind wasserdicht und sch\u00fctzen die darunter liegenden Fl\u00e4chen effektiv vor Wasser- und Kratzsch\u00e4den.<\/p>\n<p><strong>Verwendung:<\/strong><br \/>\nF\u00fcr Ameisenarten der Gr\u00f6\u00dfe <strong>M - L<\/strong><br \/>\nPorenbeton ist ein sehr spr\u00f6des und zerbrechliches Material. Es l\u00e4sst sich daher nicht verhindern, dass Ecken und Kanten bei der Herstellung ausbrechen und leicht uneben werden. Aus diesem Grund sind Ytong-Nester f\u00fcr sehr kleine Ameisenarten der Gr\u00f6\u00dfe S nicht geeignet, da diese Arten leicht ausbrechen k\u00f6nnten.<\/p>\n<p><strong>Das ist wichtig:<\/strong> Bitte befeuchten Sie das Substrat vor der Verwendung, damit sich die Mischung verbinden und einen festen Halt im Ameisenbau entwickeln kann. Ist das Substrat zu trocken und staubig, kann es auch die Atemwege der Ameisen verstopfen und im schlimmsten Fall zum Erstickungstod f\u00fchren.<\/p>\n<p><strong>Hinweise zur Produktion<\/strong><br \/>\nDer Zuschnitt des Glases erfolgt nach DIN 1249 mit einer Toleranz von +\/- 1 mm. F\u00fcr extrem kleine Ameisenarten ist ein zus\u00e4tzlicher Ausbruchsschutz erforderlich.<\/p>\n<p><strong>Hinweis Lehmfarbe:<\/strong><\/p>\n<p><strong>Beschreibung:<\/strong> Diese Mischung ist ungiftig und auf Putz und Beton relativ wasserbest\u00e4ndig, ansonsten aber wasserl\u00f6slich.<\/p>\n<p><strong>Gebrauchsanweisung:<\/strong><br \/>\nDiese Mischung ist gebrauchsfertig und kann sofort mit einem Pinsel auf Putz oder Porenbeton aufgetragen werden.<br \/>\n100ml sind ausreichend f\u00fcr ca. 1\/4m\u00b2 Porenbeton oder 1\/2m\u00b2 Putz.<br \/>\nIm nassen Zustand kann die Oberfl\u00e4che z. B. mit Sand bestreut werden, um ein noch nat\u00fcrlicheres Aussehen zu erzielen.<\/p>","protected":false},"excerpt":{"rendered":"<p>Anschluss: 1x14mm 1x27mm<br \/>\nGr\u00f6\u00dfe: <strong>M - L<\/strong><\/p>","protected":false},"featured_media":7850,"comment_status":"open","ping_status":"closed","template":"","meta":{"_acf_changed":false,"content-type":"","_monsterinsights_skip_tracking":false,"_monsterinsights_sitenote_active":false,"_monsterinsights_sitenote_note":"","_monsterinsights_sitenote_category":0},"product_brand":[],"product_cat":[355,73],"product_tag":[],"class_list":{"0":"post-7881","1":"product","2":"type-product","3":"status-publish","4":"has-post-thumbnail","6":"product_cat-bundle-offers","7":"product_cat-starter-sets","8":"product_shipping_class-germany-only","10":"first","11":"outofstock","12":"taxable","13":"shipping-taxable","14":"purchasable","15":"product-type-simple"},"acf":[],"aioseo_notices":[],"jetpack_sharing_enabled":true,"_links":{"self":[{"href":"https:\/\/antcube.shop\/de\/wp-json\/wp\/v2\/product\/7881","targetHints":{"allow":["GET"]}}],"collection":[{"href":"https:\/\/antcube.shop\/de\/wp-json\/wp\/v2\/product"}],"about":[{"href":"https:\/\/antcube.shop\/de\/wp-json\/wp\/v2\/types\/product"}],"replies":[{"embeddable":true,"href":"https:\/\/antcube.shop\/de\/wp-json\/wp\/v2\/comments?post=7881"}],"wp:featuredmedia":[{"embeddable":true,"href":"https:\/\/antcube.shop\/de\/wp-json\/wp\/v2\/media\/7850"}],"wp:attachment":[{"href":"https:\/\/antcube.shop\/de\/wp-json\/wp\/v2\/media?parent=7881"}],"wp:term":[{"taxonomy":"product_brand","embeddable":true,"href":"https:\/\/antcube.shop\/de\/wp-json\/wp\/v2\/product_brand?post=7881"},{"taxonomy":"product_cat","embeddable":true,"href":"https:\/\/antcube.shop\/de\/wp-json\/wp\/v2\/product_cat?post=7881"},{"taxonomy":"product_tag","embeddable":true,"href":"https:\/\/antcube.shop\/de\/wp-json\/wp\/v2\/product_tag?post=7881"}],"curies":[{"name":"wp","href":"https:\/\/api.w.org\/{rel}","templated":true}]}}