{"id":7590,"date":"2024-04-04T16:24:13","date_gmt":"2024-04-04T14:24:13","guid":{"rendered":"https:\/\/antcube.shop\/product\/thermo-hygrometer-analog-display-43mm-hangend\/"},"modified":"2026-04-13T10:49:00","modified_gmt":"2026-04-13T08:49:00","slug":"thermohygrometer-analoganzeige-43mm-hangend","status":"publish","type":"product","link":"https:\/\/antcube.shop\/de\/produkt\/thermohygrometer-analoganzeige-43mm-hangend\/","title":{"rendered":"Thermo- Hygrometer analog - Anzeige - 43mm - h\u00e4ngend"},"content":{"rendered":"<p><strong>Abmessungen:<\/strong> 73mm x 63mm, 20mm tief<\/p>\n<p><strong>Material:<\/strong> Metall\/Acryl<\/p>\n<p><strong>Farbe:<\/strong> Metall, silber \/ transparent<\/p>\n<p><strong>Inhalt:<\/strong> 1x Thermo-Hygrometer analog Metall - 43mm, 1x Acrylglashalter mit Aussparung f\u00fcr das Messger\u00e4t - 73x59mm, 1x Acrylglasboden - 73x20mm, 2x transparente Klebepads - 30x20mm<\/p>\n<p><strong>Beschreibung:<\/strong><br \/>\nDas Set besteht aus einem analogen Thermometer und Hygrometer aus Metall (43mm), das in eine Acrylglasplatte (73x59mm) eingesetzt wird. Das Display wird mit zwei transparenten Klebepads befestigt, mit denen der Sockel (73x20mm) \u00fcber Kopf an Arenadeckeln oder Rahmen befestigt werden kann.<\/p>\n<p><strong>Das ist wichtig:<\/strong><br \/>\nDie R\u00fcckseite des Messger\u00e4ts muss frei bleiben, da sonst Messfehler auftreten k\u00f6nnen.<\/p>\n<p><strong>Genauigkeits-Thermometer:<\/strong> +\/- 2\u00b0C , +\/- 4\u00b0F<br \/>\n<strong>Genauigkeits-Hygrometer:<\/strong> +\/- 5%<\/p>","protected":false},"excerpt":{"rendered":"<p>Set aus Thermometer und Hygrometer aus Metall (43mm) eingelegt in Acrylglasplatte (73x63mm)<\/p>","protected":false},"featured_media":7580,"comment_status":"open","ping_status":"closed","template":"","meta":{"_acf_changed":false,"content-type":"","_monsterinsights_skip_tracking":false,"_monsterinsights_sitenote_active":false,"_monsterinsights_sitenote_note":"","_monsterinsights_sitenote_category":0},"product_brand":[],"product_cat":[359,119],"product_tag":[],"class_list":{"0":"post-7590","1":"product","2":"type-product","3":"status-publish","4":"has-post-thumbnail","6":"product_cat-light-heat-humidity","7":"product_cat-formicarium-components","9":"first","10":"instock","11":"taxable","12":"shipping-taxable","13":"purchasable","14":"product-type-simple"},"acf":[],"aioseo_notices":[],"jetpack_sharing_enabled":true,"_links":{"self":[{"href":"https:\/\/antcube.shop\/de\/wp-json\/wp\/v2\/product\/7590","targetHints":{"allow":["GET"]}}],"collection":[{"href":"https:\/\/antcube.shop\/de\/wp-json\/wp\/v2\/product"}],"about":[{"href":"https:\/\/antcube.shop\/de\/wp-json\/wp\/v2\/types\/product"}],"replies":[{"embeddable":true,"href":"https:\/\/antcube.shop\/de\/wp-json\/wp\/v2\/comments?post=7590"}],"wp:featuredmedia":[{"embeddable":true,"href":"https:\/\/antcube.shop\/de\/wp-json\/wp\/v2\/media\/7580"}],"wp:attachment":[{"href":"https:\/\/antcube.shop\/de\/wp-json\/wp\/v2\/media?parent=7590"}],"wp:term":[{"taxonomy":"product_brand","embeddable":true,"href":"https:\/\/antcube.shop\/de\/wp-json\/wp\/v2\/product_brand?post=7590"},{"taxonomy":"product_cat","embeddable":true,"href":"https:\/\/antcube.shop\/de\/wp-json\/wp\/v2\/product_cat?post=7590"},{"taxonomy":"product_tag","embeddable":true,"href":"https:\/\/antcube.shop\/de\/wp-json\/wp\/v2\/product_tag?post=7590"}],"curies":[{"name":"wp","href":"https:\/\/api.w.org\/{rel}","templated":true}]}}