{"id":7589,"date":"2024-04-04T16:24:06","date_gmt":"2024-04-04T14:24:06","guid":{"rendered":"https:\/\/antcube.shop\/product\/mini-thermo-hygrometer-analog-metall-43mm\/"},"modified":"2026-03-31T18:19:20","modified_gmt":"2026-03-31T16:19:20","slug":"mini-thermo-hygrometer-analog-metall-43mm","status":"publish","type":"product","link":"https:\/\/antcube.shop\/de\/produkt\/mini-thermo-hygrometer-analog-metall-43mm\/","title":{"rendered":"Mini-Thermo-Hygrometer analog Metall - 43mm"},"content":{"rendered":"<p><strong>Gr\u00f6\u00dfe:<\/strong> 43mm (f\u00fcr 40mm Loch)<\/p>\n<p><strong>Material \/ Farbe:<\/strong> Metall, Silber<\/p>\n<p><strong>Messen:<\/strong><\/p>\n<p><strong>Thermometer:<\/strong> -20 bis +50\u00b0C \/ -10 bis +130\u00b0F<br \/>\n<strong>Genauigkeit:<\/strong> +\/- 2\u00b0C , +\/- 4\u00b0F<\/p>\n<p><strong>Hygrometer:<\/strong> 0 bis 100%<br \/>\n<strong>Genauigkeit:<\/strong> +\/- 5%<\/p>\n<p><strong>Beschreibung:<\/strong><br \/>\nAnaloges Thermo-\/Hygrometer, das besonders f\u00fcr sehr kleine Formikarien geeignet ist.<\/p>\n<p><strong>Anmerkung:<\/strong><br \/>\nDie Messinstrumente auf der R\u00fcckseite m\u00fcssen frei bleiben, da sonst Messfehler auftreten k\u00f6nnen.<\/p>","protected":false},"excerpt":{"rendered":"<p>Gr\u00f6\u00dfe: 43 mm (f\u00fcr 40-mm-Loch) Material \/ Farbe: Metall, Silber Messwerte: Thermometer: -20 bis +50\u00b0C \/ -10 bis +130\u00b0F Messgenauigkeit: +\/- 2\u00b0C , +\/- 4\u00b0F Hygrometer: 0 bis 100% Genauigkeit: +\/- 5% Beschreibung: Analoges Thermo-\/Hygrometer, das besonders f\u00fcr sehr kleine Formikarien geeignet ist. Hinweis: Die Messinstrumente auf der R\u00fcckseite m\u00fcssen frei bleiben, da sonst die Messung","protected":false},"featured_media":7581,"comment_status":"open","ping_status":"closed","template":"","meta":{"_acf_changed":false,"content-type":"","_monsterinsights_skip_tracking":false,"_monsterinsights_sitenote_active":false,"_monsterinsights_sitenote_note":"","_monsterinsights_sitenote_category":0},"product_brand":[],"product_cat":[359,119],"product_tag":[],"class_list":{"0":"post-7589","1":"product","2":"type-product","3":"status-publish","4":"has-post-thumbnail","6":"product_cat-light-heat-humidity","7":"product_cat-formicarium-components","9":"first","10":"instock","11":"taxable","12":"shipping-taxable","13":"purchasable","14":"product-type-simple"},"acf":[],"aioseo_notices":[],"jetpack_sharing_enabled":true,"_links":{"self":[{"href":"https:\/\/antcube.shop\/de\/wp-json\/wp\/v2\/product\/7589","targetHints":{"allow":["GET"]}}],"collection":[{"href":"https:\/\/antcube.shop\/de\/wp-json\/wp\/v2\/product"}],"about":[{"href":"https:\/\/antcube.shop\/de\/wp-json\/wp\/v2\/types\/product"}],"replies":[{"embeddable":true,"href":"https:\/\/antcube.shop\/de\/wp-json\/wp\/v2\/comments?post=7589"}],"wp:featuredmedia":[{"embeddable":true,"href":"https:\/\/antcube.shop\/de\/wp-json\/wp\/v2\/media\/7581"}],"wp:attachment":[{"href":"https:\/\/antcube.shop\/de\/wp-json\/wp\/v2\/media?parent=7589"}],"wp:term":[{"taxonomy":"product_brand","embeddable":true,"href":"https:\/\/antcube.shop\/de\/wp-json\/wp\/v2\/product_brand?post=7589"},{"taxonomy":"product_cat","embeddable":true,"href":"https:\/\/antcube.shop\/de\/wp-json\/wp\/v2\/product_cat?post=7589"},{"taxonomy":"product_tag","embeddable":true,"href":"https:\/\/antcube.shop\/de\/wp-json\/wp\/v2\/product_tag?post=7589"}],"curies":[{"name":"wp","href":"https:\/\/api.w.org\/{rel}","templated":true}]}}