{"id":7500,"date":"2024-04-04T11:27:17","date_gmt":"2024-04-04T09:27:17","guid":{"rendered":"https:\/\/antcube.shop\/product\/ant-maze-20x20-m\/"},"modified":"2026-04-16T10:36:10","modified_gmt":"2026-04-16T08:36:10","slug":"ameisenlabyrinth-20x20-m","status":"publish","type":"product","link":"https:\/\/antcube.shop\/de\/produkt\/ameisenlabyrinth-20x20-m\/","title":{"rendered":"Ameisenlabyrinth 20\u00d720 - M"},"content":{"rendered":"<p><strong>Abmessungen:<\/strong><br \/>\n190x220x23mm; <strong>Pfadh\u00f6he<\/strong> 10mm <strong>Pfadbreite<\/strong> 10-19mm<br \/>\n5x Schieberegler<\/p>\n<p><strong>Material:<\/strong> Acrylglas<\/p>\n<p><strong>Farbe:<\/strong> kristallklar, transparent<\/p>\n<p><strong>Inhalt:<\/strong><br \/>\n1x Ameisenlabyrinth M mit 5x Durchschieberegler<\/p>\n<p><strong>Verbindung:<\/strong> 2x Anschlussbuchsen 10mm f\u00fcr Rohr 14\/10mm<\/p>\n<p><strong>Beschreibung:<\/strong> Ameisenlabyrinth Flachformicarium aus mehreren geschichteten Platten. Das Ameisenlabyrinth kann \u00fcber Schl\u00e4uche erweitert oder \u00fcber die integrierten Anschlussbuchsen mit einer Ameisenarena verbunden werden. Die f\u00fcnf eingebauten Schieber erm\u00f6glichen es den Ameisen, verschiedene Wege im Labyrinth zu \u00f6ffnen oder zu schlie\u00dfen. Dies kann z.B. f\u00fcr Experimente in Bildungseinrichtungen oder zu Hause genutzt werden, um zu beobachten, wie Ameisen ihren Weg finden und sich an pl\u00f6tzlich wechselnde Routen, z.B. zu Futterstellen, anpassen.<\/p>\n<p><strong>Anmerkung:<\/strong> Es k\u00f6nnen L\u00fccken von 0,5 mm entstehen.<\/p>\n<p><strong>Hinweis zu den Anschlussbuchsen<\/strong><br \/>\nBeim Anbringen oder Entfernen von Schl\u00e4uchen ist Folgendes zu beachten:<br \/>\nL\u00e4sst sich der Schlauch nur sehr schwer auf den Anschlussstutzen aufstecken, sollte der Stutzen leicht mit einem Tropfen unseres Ausbruchsicherungs\u00f6ls oder -pulvers eingerieben werden. Der Schlauch sollte dann mit drehenden oder schraubenden Bewegungen auf den Stutzen geschoben werden, ohne den Stutzen durch Auf- und Abw\u00e4rtsbewegungen zu belasten. Das Gleiche gilt f\u00fcr das Abziehen der Schl\u00e4uche von der Hofanschlussmuffe. Bitte nicht einfach abziehen!<\/p>","protected":false},"excerpt":{"rendered":"<p>Anschluss: Buchse 2x 10mm<\/p>","protected":false},"featured_media":7600,"comment_status":"open","ping_status":"closed","template":"","meta":{"_acf_changed":false,"content-type":"","_monsterinsights_skip_tracking":false,"_monsterinsights_sitenote_active":false,"_monsterinsights_sitenote_note":"","_monsterinsights_sitenote_category":0},"product_brand":[],"product_cat":[257,119,239,91],"product_tag":[],"class_list":{"0":"post-7500","1":"product","2":"type-product","3":"status-publish","4":"has-post-thumbnail","6":"product_cat-new-innovatve-products","7":"product_cat-formicarium-components","8":"product_cat-useful-additions","9":"product_cat-formicarium-modules","11":"first","12":"instock","13":"taxable","14":"shipping-taxable","15":"purchasable","16":"product-type-simple"},"acf":[],"aioseo_notices":[],"jetpack_sharing_enabled":true,"_links":{"self":[{"href":"https:\/\/antcube.shop\/de\/wp-json\/wp\/v2\/product\/7500","targetHints":{"allow":["GET"]}}],"collection":[{"href":"https:\/\/antcube.shop\/de\/wp-json\/wp\/v2\/product"}],"about":[{"href":"https:\/\/antcube.shop\/de\/wp-json\/wp\/v2\/types\/product"}],"replies":[{"embeddable":true,"href":"https:\/\/antcube.shop\/de\/wp-json\/wp\/v2\/comments?post=7500"}],"wp:featuredmedia":[{"embeddable":true,"href":"https:\/\/antcube.shop\/de\/wp-json\/wp\/v2\/media\/7600"}],"wp:attachment":[{"href":"https:\/\/antcube.shop\/de\/wp-json\/wp\/v2\/media?parent=7500"}],"wp:term":[{"taxonomy":"product_brand","embeddable":true,"href":"https:\/\/antcube.shop\/de\/wp-json\/wp\/v2\/product_brand?post=7500"},{"taxonomy":"product_cat","embeddable":true,"href":"https:\/\/antcube.shop\/de\/wp-json\/wp\/v2\/product_cat?post=7500"},{"taxonomy":"product_tag","embeddable":true,"href":"https:\/\/antcube.shop\/de\/wp-json\/wp\/v2\/product_tag?post=7500"}],"curies":[{"name":"wp","href":"https:\/\/api.w.org\/{rel}","templated":true}]}}