{"id":6739,"date":"2023-12-12T15:09:04","date_gmt":"2023-12-12T14:09:04","guid":{"rendered":"https:\/\/antcube.shop\/product\/ameisenarena-abdeckung-60x30\/"},"modified":"2026-04-13T10:48:44","modified_gmt":"2026-04-13T08:48:44","slug":"ameisenstrase-60x30","status":"publish","type":"product","link":"https:\/\/antcube.shop\/de\/produkt\/ameisenstrase-60x30\/","title":{"rendered":"Ameisenarena 60\u00d730"},"content":{"rendered":"<p><strong>Abmessungen (LxBxH):<\/strong> 60x30x0,4 cm<\/p>\n<p><strong>Material:<\/strong> Floatglas<\/p>\n<p><strong>Farbe:<\/strong> klar \/ transparent<\/p>\n<p><strong>Inhalt:<\/strong><br \/>\n1x Ameisenarena-Abdeckung<br \/>\n1x Fixierungspunkte 4 St.<\/p>\n<p><strong>Beschreibung:<\/strong><br \/>\nGlasabdeckung f\u00fcr die Ameisenarena als Fluchtschutz<\/p>\n<p><strong>Wie zu verwenden:<\/strong><br \/>\nDie Ameisenarena-Abdeckung aus Glas kann als Fluchtschutz und zur Klimaregulierung auf eine Ameisenarena aufgesetzt werden.<br \/>\nIn die 50-mm-\u00d6ffnungen k\u00f6nnen verschiedene Module zur Klimatisierung eingesetzt werden, z.B. L\u00fcftungsgitter, Beleuchtung oder Befeuchtung.<br \/>\nUm zu verhindern, dass Ameisen durch die \u00d6ffnungen entkommen, sollte auf der Unterseite um die L\u00f6cher herum ein Ausbruchsschutz (\u00d6l, Pulver oder Lack) aufgetragen werden.<\/p>\n<p><strong>Anmerkung:<\/strong><br \/>\nDa der Artikel aus Glas besteht und daher zerbrechlich ist, sollte er sehr vorsichtig behandelt werden.<\/p>","protected":false},"excerpt":{"rendered":"<p>Glasabdeckung\/Deckel f\u00fcr die Ameisenarena als Fluchtschutz<\/p>","protected":false},"featured_media":6730,"comment_status":"open","ping_status":"closed","template":"","meta":{"_acf_changed":false,"content-type":"","_monsterinsights_skip_tracking":false,"_monsterinsights_sitenote_active":false,"_monsterinsights_sitenote_note":"","_monsterinsights_sitenote_category":0},"product_brand":[],"product_cat":[91,92],"product_tag":[],"class_list":{"0":"post-6739","1":"product","2":"type-product","3":"status-publish","4":"has-post-thumbnail","6":"product_cat-formicarium-modules","7":"product_cat-arena-cover","9":"first","10":"instock","11":"taxable","12":"shipping-taxable","13":"purchasable","14":"product-type-simple"},"acf":[],"aioseo_notices":[],"jetpack_sharing_enabled":true,"_links":{"self":[{"href":"https:\/\/antcube.shop\/de\/wp-json\/wp\/v2\/product\/6739","targetHints":{"allow":["GET"]}}],"collection":[{"href":"https:\/\/antcube.shop\/de\/wp-json\/wp\/v2\/product"}],"about":[{"href":"https:\/\/antcube.shop\/de\/wp-json\/wp\/v2\/types\/product"}],"replies":[{"embeddable":true,"href":"https:\/\/antcube.shop\/de\/wp-json\/wp\/v2\/comments?post=6739"}],"wp:featuredmedia":[{"embeddable":true,"href":"https:\/\/antcube.shop\/de\/wp-json\/wp\/v2\/media\/6730"}],"wp:attachment":[{"href":"https:\/\/antcube.shop\/de\/wp-json\/wp\/v2\/media?parent=6739"}],"wp:term":[{"taxonomy":"product_brand","embeddable":true,"href":"https:\/\/antcube.shop\/de\/wp-json\/wp\/v2\/product_brand?post=6739"},{"taxonomy":"product_cat","embeddable":true,"href":"https:\/\/antcube.shop\/de\/wp-json\/wp\/v2\/product_cat?post=6739"},{"taxonomy":"product_tag","embeddable":true,"href":"https:\/\/antcube.shop\/de\/wp-json\/wp\/v2\/product_tag?post=6739"}],"curies":[{"name":"wp","href":"https:\/\/api.w.org\/{rel}","templated":true}]}}