{"id":6737,"date":"2023-12-12T15:03:25","date_gmt":"2023-12-12T14:03:25","guid":{"rendered":"https:\/\/antcube.shop\/product\/antcube-starter-set-fur-weberameisen-gros\/"},"modified":"2026-04-15T13:37:57","modified_gmt":"2026-04-15T11:37:57","slug":"starterset-fur-weberameisen-gros","status":"publish","type":"product","link":"https:\/\/antcube.shop\/de\/produkt\/starterset-fur-weberameisen-gros\/","title":{"rendered":"ANTCUBE - Starterset f\u00fcr Weberameisen - gro\u00df"},"content":{"rendered":"<p><span data-text-color=\"alert\"><strong>Versand nur per Spedition auf Palette m\u00f6glich.<\/strong><\/span><\/p>\n<p><strong>Inhalt:<\/strong><br \/>\n1x ANTCUBE Arena 30x30x60 mit Schiebet\u00fcr<br \/>\n1x Ameisen-Arena-Rahmen 30\u00d730<br \/>\n1x Ameisen-Arena Abdeckung 30\u00d730<br \/>\n1x Befestigungspunkt f\u00fcr Arenadeckel (4 Stck.)<\/p>\n<p>1x Rahmen f\u00fcr Schiebet\u00fcr<br \/>\n1x Spr\u00fchflasche Spr\u00fcher 0,5 Liter - Messingd\u00fcse<br \/>\n1x Fotor\u00fcckwand - Regenwald - 30\u00d760 - hoch<br \/>\n1x Formicarium Basis 30\u00d730 cm<br \/>\n1x Substrat Regenwald 1 kg<\/p>\n<p>7x Grid insert acrylic &#8211; 50 mm with sealing ring<br \/>\n1x drinking clear 5ml &#8211; sponge<br \/>\n1x Feeding dish white rectangle &#8211; 3 compartments<br \/>\n1x Drinking trough 2ml &#8211; 360 Degrees<br \/>\n1x Federstahlpinzette breit - weich<br \/>\n1x Kunststoffpinzette Standard<br \/>\n1x Ameisenausbruchsschutz\u00f6l<br \/>\n1x Handlupe - 2x - 30mm<br \/>\n1x Schaumstoffwischer 150x18x2,5mm<\/p>\n<p><strong>Can be ordered with shipping by forwarding agent on pallet in our second store ANTCUBE:<\/strong><\/p>\n<blockquote class=\"wp-embedded-content\" data-secret=\"ej6pTCxvgs\"><p><a href=\"https:\/\/antcube.shop\/product\/starter-set-for-weaver-ants-large\/\">ANTCUBE - Starterset f\u00fcr Weberameisen - gro\u00df<\/a><\/p><\/blockquote>\n<p><iframe loading=\"lazy\" class=\"wp-embedded-content\" sandbox=\"allow-scripts\" security=\"restricted\" style=\"position: absolute; visibility: hidden;\" title=\"&#8222;ANTCUBE &#8211; Starter set for weaver ants &#8211; large&#8220; &#8211; ANTCUBE\" src=\"https:\/\/antcube.shop\/product\/starter-set-for-weaver-ants-large\/embed\/#?secret=8EE7Sy4tG2#?secret=ej6pTCxvgs\" data-secret=\"ej6pTCxvgs\" width=\"600\" height=\"338\" frameborder=\"0\" marginwidth=\"0\" marginheight=\"0\" scrolling=\"no\"><\/iframe><\/p>\n<p><strong>Beschreibung:<\/strong><br \/>\nDieses erweiterbare Starterset, speziell f\u00fcr verschiedene Weberameisenarten wie Polyrhachis spec. oder Oecophylla spec. enth\u00e4lt nicht nur das optimal angepasste Formicarium, sondern auch das passende Zubeh\u00f6r f\u00fcr die Haltung dieser Ameisenart.<\/p>\n<p>The sliding door in the front (opening 150x200mm) facilitates the work in the formicarium, even with large colonies or planting of the formicarium with a host plant for example Oecophylla smaragdina. Additional formicariums can be connected via the two 50mm holes on the side. The stainless steel grid inserts provide good ventilation and are robust against mechanical impact. If necessary, the humidity can be increased with the spray bottle. The drinker clear 5ml &#8211; sponge is intended for the supply of fresh water, the drinker 2ml &#8211; 360 degrees for honey or sugar solution.<\/p>\n<p><strong>Das ist wichtig: <\/strong>Bitte befeuchten Sie das Substrat vor der Verwendung, damit sich die Mischung verbinden und einen festen Halt im Ameisenbau entwickeln kann. Au\u00dferdem kann zu trockenes und staubiges Substrat zu einer Verstopfung der Atemwege der Ameisen f\u00fchren und im schlimmsten Fall ersticken die Tiere.<\/p>\n<p><strong>Wichtiger Hinweis zum Schiebet\u00fcrrahmen:<\/strong><br \/>\nDer Rahmen l\u00e4sst sich leicht an den Schrauben befestigen, die an den Schienen der Schiebet\u00fcr angebracht sind. L\u00f6sen Sie dazu vorsichtig <strong>nur<\/strong> die Muttern im Inneren. Sie ben\u00f6tigen einen kleinen Kreuzschlitzschraubendreher. Setzen Sie den Rahmen zusammen und h\u00e4ngen Sie ihn an den Schrauben ein. Bringen Sie dann vorsichtig die Muttern wieder an und <strong>under no circumstances turn too tightly<\/strong>, otherwise the glass may be damaged.<\/p>\n<p><u><strong>Hinweise zur Produktion<\/strong><\/u><br \/>\nDas Glas ist nach DIN 1249 mit einer Toleranz von +\/- 1mm geschliffen. Bei extrem kleinen Ameisenarten ist ein zus\u00e4tzlicher Ausbruchsschutz erforderlich.<\/p>","protected":false},"excerpt":{"rendered":"<p>The set consists of 22 parts.<br \/>\nGr\u00f6\u00dfe: <span style=\"color: #ed1c24;\"><strong>XL<\/strong><\/span><\/p>","protected":false},"featured_media":6710,"comment_status":"open","ping_status":"closed","template":"","meta":{"_acf_changed":false,"content-type":"","_monsterinsights_skip_tracking":false,"_monsterinsights_sitenote_active":false,"_monsterinsights_sitenote_note":"","_monsterinsights_sitenote_category":0},"product_brand":[],"product_cat":[354,73],"product_tag":[],"class_list":{"0":"post-6737","1":"product","2":"type-product","3":"status-publish","4":"has-post-thumbnail","6":"product_cat-starter-sets-for-weaver-ants","7":"product_cat-starter-sets","8":"product_shipping_class-forwarding-on-pallet","10":"first","11":"instock","12":"taxable","13":"shipping-taxable","14":"purchasable","15":"product-type-simple"},"acf":[],"aioseo_notices":[],"jetpack_sharing_enabled":true,"_links":{"self":[{"href":"https:\/\/antcube.shop\/de\/wp-json\/wp\/v2\/product\/6737","targetHints":{"allow":["GET"]}}],"collection":[{"href":"https:\/\/antcube.shop\/de\/wp-json\/wp\/v2\/product"}],"about":[{"href":"https:\/\/antcube.shop\/de\/wp-json\/wp\/v2\/types\/product"}],"replies":[{"embeddable":true,"href":"https:\/\/antcube.shop\/de\/wp-json\/wp\/v2\/comments?post=6737"}],"wp:featuredmedia":[{"embeddable":true,"href":"https:\/\/antcube.shop\/de\/wp-json\/wp\/v2\/media\/6710"}],"wp:attachment":[{"href":"https:\/\/antcube.shop\/de\/wp-json\/wp\/v2\/media?parent=6737"}],"wp:term":[{"taxonomy":"product_brand","embeddable":true,"href":"https:\/\/antcube.shop\/de\/wp-json\/wp\/v2\/product_brand?post=6737"},{"taxonomy":"product_cat","embeddable":true,"href":"https:\/\/antcube.shop\/de\/wp-json\/wp\/v2\/product_cat?post=6737"},{"taxonomy":"product_tag","embeddable":true,"href":"https:\/\/antcube.shop\/de\/wp-json\/wp\/v2\/product_tag?post=6737"}],"curies":[{"name":"wp","href":"https:\/\/api.w.org\/{rel}","templated":true}]}}