{"id":6736,"date":"2023-12-12T15:03:19","date_gmt":"2023-12-12T14:03:19","guid":{"rendered":"https:\/\/antcube.shop\/product\/antcube-arena-30x30x60-mit-schiebetur\/"},"modified":"2026-03-17T08:11:00","modified_gmt":"2026-03-17T07:11:00","slug":"antcube-arena-30x30x60-mit-schiebetur","status":"publish","type":"product","link":"https:\/\/antcube.shop\/de\/produkt\/antcube-arena-30x30x60-mit-schiebetur\/","title":{"rendered":"ANTCUBE Arena 30x30x60 mit Schiebet\u00fcr"},"content":{"rendered":"<p><span data-text-color=\"alert\"><strong>Versand nur per Spedition auf Palette m\u00f6glich.<\/strong><\/span><\/p>\n<p>ANTCUBE Arena 30x30x60 cm mit Schiebet\u00fcr und 2x 50mm Loch.<\/p>\n<p><strong>Abmessungen:<\/strong> 300 x 300 x 600 mm; 4 mm Glasdicke.<br \/>\n<strong>Material:<\/strong> Floatglas<br \/>\n<strong>Verbindung:<\/strong> 2x Loch 50 mm<\/p>\n<p><strong>Vordere \u00d6ffnung (Schiebet\u00fcr):<\/strong> 150\u00d7200 mm<\/p>\n<p><strong>Beschreibung:<\/strong> Unsere ANTCUBE Arena 30x30x60 mit Schiebet\u00fcr ist so konzipiert, dass sie auch in vollen Formicarien bequem funktioniert. Sie sind besonders n\u00fctzlich als Formicarium f\u00fcr Weberameisen (Polyrhachis und Oeacophylla), da diese gerne hoch bauen oder eine Wirtspflanze ben\u00f6tigen. In unseren regul\u00e4ren 30x30x60 Arenen kann es schwierig sein, z.B. den Abfall der Tiere am Boden des Formicariums zu entfernen. In diesem speziell angepassten Becken ist dies kein Problem mehr. Auch f\u00fcr Futterbecken der Blattschneiderameisen Acromyrmex oder Atta ist die Schiebet\u00fcr sehr praktisch, da Pflanzenreste und andere Abf\u00e4lle bequem entsorgt werden k\u00f6nnen. Zus\u00e4tzlich kann der separat erh\u00e4ltliche Schiebet\u00fcrrahmen (Art.-Nr. 1005648) verwendet werden, um ein Entweichen der Tiere w\u00e4hrend der Arbeit zu verhindern. F\u00fcr die regul\u00e4re \u00d6ffnung von oben sind der Ausbruchschutzrahmen 30\u00d730 und die Arenaabdeckung 30\u00d730 ebenfalls separat erh\u00e4ltlich.<\/p>\n<p><strong>Anmerkung:<\/strong> Der Glaszuschnitt erfolgt nach DIN 1249 mit einer Toleranz von +\/- 1mm. F\u00fcr extrem kleine Ameisenarten ist ein zus\u00e4tzlicher Ausbruchsschutz unerl\u00e4sslich.<\/p>","protected":false},"excerpt":{"rendered":"<p><strong>Verbindung:<\/strong> 2x Loch 50 mm<\/p>","protected":false},"featured_media":6727,"comment_status":"open","ping_status":"closed","template":"","meta":{"_acf_changed":false,"content-type":"","_monsterinsights_skip_tracking":false,"_monsterinsights_sitenote_active":false,"_monsterinsights_sitenote_note":"","_monsterinsights_sitenote_category":0},"product_brand":[],"product_cat":[85,86],"product_tag":[],"class_list":{"0":"post-6736","1":"product","2":"type-product","3":"status-publish","4":"has-post-thumbnail","6":"product_cat-ant-arenas","7":"product_cat-formicariums","8":"product_shipping_class-forwarding-on-pallet","10":"first","11":"instock","12":"taxable","13":"shipping-taxable","14":"purchasable","15":"product-type-simple"},"acf":[],"aioseo_notices":[],"jetpack_sharing_enabled":true,"_links":{"self":[{"href":"https:\/\/antcube.shop\/de\/wp-json\/wp\/v2\/product\/6736","targetHints":{"allow":["GET"]}}],"collection":[{"href":"https:\/\/antcube.shop\/de\/wp-json\/wp\/v2\/product"}],"about":[{"href":"https:\/\/antcube.shop\/de\/wp-json\/wp\/v2\/types\/product"}],"replies":[{"embeddable":true,"href":"https:\/\/antcube.shop\/de\/wp-json\/wp\/v2\/comments?post=6736"}],"wp:featuredmedia":[{"embeddable":true,"href":"https:\/\/antcube.shop\/de\/wp-json\/wp\/v2\/media\/6727"}],"wp:attachment":[{"href":"https:\/\/antcube.shop\/de\/wp-json\/wp\/v2\/media?parent=6736"}],"wp:term":[{"taxonomy":"product_brand","embeddable":true,"href":"https:\/\/antcube.shop\/de\/wp-json\/wp\/v2\/product_brand?post=6736"},{"taxonomy":"product_cat","embeddable":true,"href":"https:\/\/antcube.shop\/de\/wp-json\/wp\/v2\/product_cat?post=6736"},{"taxonomy":"product_tag","embeddable":true,"href":"https:\/\/antcube.shop\/de\/wp-json\/wp\/v2\/product_tag?post=6736"}],"curies":[{"name":"wp","href":"https:\/\/api.w.org\/{rel}","templated":true}]}}