{"id":6668,"date":"2023-12-05T14:03:20","date_gmt":"2023-12-05T13:03:20","guid":{"rendered":"https:\/\/antcube.shop\/product\/arena-hochstand-20x20cm\/"},"modified":"2026-04-10T14:36:17","modified_gmt":"2026-04-10T12:36:17","slug":"arena-hochstander-20x20cm","status":"publish","type":"product","link":"https:\/\/antcube.shop\/de\/produkt\/arena-hochstander-20x20cm\/","title":{"rendered":"Arena Hochst\u00e4nder 20x20cm"},"content":{"rendered":"<div class=\"tab-body active\">\n<p><strong>Abmessungen:<\/strong> 20x20x10<\/p>\n<p><strong>Material: <\/strong>PMMA<\/p>\n<p><strong>Farbe: <\/strong>kristallklar, transluzent, transparent<\/p>\n<p><strong>Inhalt:<\/strong><br \/>\n4x hoher Standfu\u00df<br \/>\n2x Vorder- und R\u00fcckseite mit Logo<br \/>\n2x Seitenteil ohne Logo<\/p>\n<p><strong>Anmerkung:<\/strong> Die Teile werden als Bausatz oder Stecksystem geliefert. Ein Verkleben ist nicht erforderlich.<\/p>\n<p><span data-text-color=\"alert\"><strong>ACHTUNG!<\/strong><\/span> Bitte bauen Sie die Teile sorgf\u00e4ltig zusammen, da einige der Anschl\u00fcsse empfindlich sind.<\/p>\n<p><strong>Beschreibung:<\/strong> Der Ameisenarena-Hochst\u00e4nder wurde entwickelt, um die ANTCUBE Ameisenarenen in einer H\u00f6he zu platzieren, die der Anschlussh\u00f6he der Ameisenfarmen entspricht. Dadurch ist es m\u00f6glich, ein Formicarium viel platzsparender mit einem k\u00fcrzeren Rohrst\u00fcck als Verbindung zwischen Ameisenfarm und Ameisenarena zu verwenden. Au\u00dferdem ist es m\u00f6glich, unsere kristallklaren Acryl-Ameisenrohre als Verbindung zu verwenden, ohne mit B\u00f6gen arbeiten zu m\u00fcssen.<\/p>\n<p><strong>Anwendung:<\/strong> f\u00fcr Ameisen-Arena mit <strong>Bodenfl\u00e4che 20x20cm<\/strong><\/p>\n<\/div>","protected":false},"excerpt":{"rendered":"<p>F\u00fcr Ameisenarenen mit einer Bodenfl\u00e4che von 20x20cm<\/p>","protected":false},"featured_media":6586,"comment_status":"open","ping_status":"closed","template":"","meta":{"_acf_changed":false,"content-type":"","_monsterinsights_skip_tracking":false,"_monsterinsights_sitenote_active":false,"_monsterinsights_sitenote_note":"","_monsterinsights_sitenote_category":0},"product_brand":[],"product_cat":[119,239],"product_tag":[],"class_list":{"0":"post-6668","1":"product","2":"type-product","3":"status-publish","4":"has-post-thumbnail","6":"product_cat-formicarium-components","7":"product_cat-useful-additions","9":"first","10":"instock","11":"taxable","12":"shipping-taxable","13":"purchasable","14":"product-type-simple"},"acf":[],"aioseo_notices":[],"jetpack_sharing_enabled":true,"_links":{"self":[{"href":"https:\/\/antcube.shop\/de\/wp-json\/wp\/v2\/product\/6668","targetHints":{"allow":["GET"]}}],"collection":[{"href":"https:\/\/antcube.shop\/de\/wp-json\/wp\/v2\/product"}],"about":[{"href":"https:\/\/antcube.shop\/de\/wp-json\/wp\/v2\/types\/product"}],"replies":[{"embeddable":true,"href":"https:\/\/antcube.shop\/de\/wp-json\/wp\/v2\/comments?post=6668"}],"wp:featuredmedia":[{"embeddable":true,"href":"https:\/\/antcube.shop\/de\/wp-json\/wp\/v2\/media\/6586"}],"wp:attachment":[{"href":"https:\/\/antcube.shop\/de\/wp-json\/wp\/v2\/media?parent=6668"}],"wp:term":[{"taxonomy":"product_brand","embeddable":true,"href":"https:\/\/antcube.shop\/de\/wp-json\/wp\/v2\/product_brand?post=6668"},{"taxonomy":"product_cat","embeddable":true,"href":"https:\/\/antcube.shop\/de\/wp-json\/wp\/v2\/product_cat?post=6668"},{"taxonomy":"product_tag","embeddable":true,"href":"https:\/\/antcube.shop\/de\/wp-json\/wp\/v2\/product_tag?post=6668"}],"curies":[{"name":"wp","href":"https:\/\/api.w.org\/{rel}","templated":true}]}}