{"id":6631,"date":"2023-12-04T15:12:05","date_gmt":"2023-12-04T14:12:05","guid":{"rendered":"https:\/\/antcube.shop\/product\/klebeklammern-transparent-2-stk\/"},"modified":"2026-04-26T13:00:12","modified_gmt":"2026-04-26T11:00:12","slug":"klebeclips-transparent-2-stuck-2","status":"publish","type":"product","link":"https:\/\/antcube.shop\/de\/produkt\/klebeclips-transparent-2-stuck-2\/","title":{"rendered":"Klebeklammern - transparent 2 St\u00fcck."},"content":{"rendered":"<p><strong>Abmessungen:<\/strong> 24 x 13 mm<br \/>\n<strong>Material:<\/strong> Acryl<br \/>\n<strong>Menge:<\/strong> 2 St\u00fcck<\/p>\n<p><strong>Beschreibung:<\/strong> Transparente Kunststoffklammern mit Klebefl\u00e4che. Perfekt zum Befestigen unserer roten Folien und Heizmatten an der Vorder- oder R\u00fcckseite unserer Ameisenfarmen. Heizmatten m\u00fcssen somit nicht fest auf die R\u00fcckseite der Ameisenfarm geklebt werden und k\u00f6nnen nach Bedarf angebracht werden. Durch das transparente Material wird die Optik nicht gest\u00f6rt.<\/p>\n<p><strong>Farbe:<\/strong> transparent<\/p>","protected":false},"excerpt":{"rendered":"<p>Abmessungen: 24 x 13 mm Material: Acryl Menge: 2 St\u00fcck Beschreibung: Transparente Kunststoffklammern mit Klebefl\u00e4che. Perfekt zum Befestigen unserer roten Folien und Heizmatten an der Vorder- oder R\u00fcckseite unserer Ameisenfarmen. Die Heizmatten m\u00fcssen somit nicht fest auf die R\u00fcckseite der Ameisenfarm geklebt werden und k\u00f6nnen","protected":false},"featured_media":6628,"comment_status":"open","ping_status":"closed","template":"","meta":{"_acf_changed":false,"content-type":"","_monsterinsights_skip_tracking":false,"_monsterinsights_sitenote_active":false,"_monsterinsights_sitenote_note":"","_monsterinsights_sitenote_category":0},"product_brand":[],"product_cat":[359,119,239],"product_tag":[],"class_list":{"0":"post-6631","1":"product","2":"type-product","3":"status-publish","4":"has-post-thumbnail","6":"product_cat-light-heat-humidity","7":"product_cat-formicarium-components","8":"product_cat-useful-additions","10":"first","11":"instock","12":"taxable","13":"shipping-taxable","14":"purchasable","15":"product-type-simple"},"acf":[],"aioseo_notices":[],"jetpack_sharing_enabled":true,"_links":{"self":[{"href":"https:\/\/antcube.shop\/de\/wp-json\/wp\/v2\/product\/6631","targetHints":{"allow":["GET"]}}],"collection":[{"href":"https:\/\/antcube.shop\/de\/wp-json\/wp\/v2\/product"}],"about":[{"href":"https:\/\/antcube.shop\/de\/wp-json\/wp\/v2\/types\/product"}],"replies":[{"embeddable":true,"href":"https:\/\/antcube.shop\/de\/wp-json\/wp\/v2\/comments?post=6631"}],"wp:featuredmedia":[{"embeddable":true,"href":"https:\/\/antcube.shop\/de\/wp-json\/wp\/v2\/media\/6628"}],"wp:attachment":[{"href":"https:\/\/antcube.shop\/de\/wp-json\/wp\/v2\/media?parent=6631"}],"wp:term":[{"taxonomy":"product_brand","embeddable":true,"href":"https:\/\/antcube.shop\/de\/wp-json\/wp\/v2\/product_brand?post=6631"},{"taxonomy":"product_cat","embeddable":true,"href":"https:\/\/antcube.shop\/de\/wp-json\/wp\/v2\/product_cat?post=6631"},{"taxonomy":"product_tag","embeddable":true,"href":"https:\/\/antcube.shop\/de\/wp-json\/wp\/v2\/product_tag?post=6631"}],"curies":[{"name":"wp","href":"https:\/\/api.w.org\/{rel}","templated":true}]}}