{"id":6581,"date":"2023-12-04T13:54:37","date_gmt":"2023-12-04T12:54:37","guid":{"rendered":"https:\/\/antcube.shop\/product\/humidity-control-ii-timer\/"},"modified":"2026-04-02T12:12:11","modified_gmt":"2026-04-02T10:12:11","slug":"feuchtigkeitskontrolle-ii-timer","status":"publish","type":"product","link":"https:\/\/antcube.shop\/de\/produkt\/feuchtigkeitskontrolle-ii-timer\/","title":{"rendered":"Feuchteregelung II + Zeitschaltuhr"},"content":{"rendered":"<p><strong>Beschreibung:<\/strong> Der Humidity Control 2 ist ein digitaler Hygrostat, der zu einem beispiellosen Preis keine W\u00fcnsche offen l\u00e4sst.<br \/>\nEs verf\u00fcgt \u00fcber zwei Schaltkreise, die unterschiedliche Einstellungen f\u00fcr Tag und Nacht erm\u00f6glichen. Eine Echtzeituhr ist in das Ger\u00e4t integriert, so dass die Umschaltung zwischen Tag und Nacht flexibel \u00fcber die Uhrzeit erfolgt. Auch ein Timer ist integriert, so dass Sie \u00fcber die Uhr zwei Ein- und Ausschaltzeiten einstellen k\u00f6nnen. Die kleinste Zeitspanne betr\u00e4gt eine Minute.<br \/>\nWeitere Funktionen sind eine Alarmfunktion (optisch und akustisch), die M\u00f6glichkeit, vom Befeuchter- auf den Entfeuchterbetrieb umzuschalten, z.B. f\u00fcr den Einsatz mit Ventilatoren, und die M\u00f6glichkeit, den Schaltmodus des Hygrostaten zu beeinflussen. Sie k\u00f6nnen die Abweichung festlegen, bei der der Hygrostat schaltet. Sie k\u00f6nnen hier z.B. einen Wert von 15 w\u00e4hlen, d.h. der Befeuchter wird erst eingeschaltet, wenn die gemessene Luftfeuchtigkeit 15% unter dem Sollwert liegt. Dies kann sinnvoll sein, um ein st\u00e4ndiges Ein- und Ausschalten des Befeuchters zu verhindern, da die Luftfeuchtigkeit auch in der Natur schwankt.<br \/>\nDer Anschluss der Ger\u00e4te erfolgt \u00fcber Schuko-Kupplungen. Die maximale Schaltleistung betr\u00e4gt 1000W. Das Display zeigt st\u00e4ndig die gemessene Luftfeuchtigkeit an. Der Messbereich betr\u00e4gt 1 bis 99%.<\/p>\n<p>- Zwei Kreisl\u00e4ufe f\u00fcr unterschiedliche Feuchtigkeitseinstellungen bei Tag und Nacht<br \/>\n- Echtzeituhr, Tageszeiten werden durch die Zeit definiert<br \/>\n- Integrierte Zeitschaltuhr<br \/>\n- Permanente Feuchtigkeitsanzeige<br \/>\n- Ger\u00e4t kann zwischen Befeuchten und Entfeuchten umgeschaltet werden<br \/>\n- Alarmfunktion bei Abweichung (einstellbar zwischen 1% und 50% relativer Feuchte)<br \/>\n- Pr\u00e4ziser Fernsensor<br \/>\n- Geerdete Steckdosen<br \/>\n- Schaltleistung von max. 1000<\/p>","protected":false},"excerpt":{"rendered":"<p>Beschreibung: Der Humidity Control 2 ist ein digitaler Hygrostat, der keine W\u00fcnsche offen l\u00e4sst und das zu einem beispiellosen Preis. Er verf\u00fcgt \u00fcber zwei Schaltkreise, die unterschiedliche Einstellungen f\u00fcr Tag und Nacht erm\u00f6glichen. Eine Echtzeituhr ist in das Ger\u00e4t integriert, so dass die Umschaltung zwischen Tag und Nacht flexibel \u00fcber die Uhrzeit erfolgt. Eine Zeitschaltuhr ist","protected":false},"featured_media":6602,"comment_status":"open","ping_status":"closed","template":"","meta":{"_acf_changed":false,"content-type":"","_monsterinsights_skip_tracking":false,"_monsterinsights_sitenote_active":false,"_monsterinsights_sitenote_note":"","_monsterinsights_sitenote_category":0},"product_brand":[],"product_cat":[359,119],"product_tag":[],"class_list":{"0":"post-6581","1":"product","2":"type-product","3":"status-publish","4":"has-post-thumbnail","6":"product_cat-light-heat-humidity","7":"product_cat-formicarium-components","9":"first","10":"instock","11":"taxable","12":"shipping-taxable","13":"purchasable","14":"product-type-simple"},"acf":[],"aioseo_notices":[],"jetpack_sharing_enabled":true,"_links":{"self":[{"href":"https:\/\/antcube.shop\/de\/wp-json\/wp\/v2\/product\/6581","targetHints":{"allow":["GET"]}}],"collection":[{"href":"https:\/\/antcube.shop\/de\/wp-json\/wp\/v2\/product"}],"about":[{"href":"https:\/\/antcube.shop\/de\/wp-json\/wp\/v2\/types\/product"}],"replies":[{"embeddable":true,"href":"https:\/\/antcube.shop\/de\/wp-json\/wp\/v2\/comments?post=6581"}],"wp:featuredmedia":[{"embeddable":true,"href":"https:\/\/antcube.shop\/de\/wp-json\/wp\/v2\/media\/6602"}],"wp:attachment":[{"href":"https:\/\/antcube.shop\/de\/wp-json\/wp\/v2\/media?parent=6581"}],"wp:term":[{"taxonomy":"product_brand","embeddable":true,"href":"https:\/\/antcube.shop\/de\/wp-json\/wp\/v2\/product_brand?post=6581"},{"taxonomy":"product_cat","embeddable":true,"href":"https:\/\/antcube.shop\/de\/wp-json\/wp\/v2\/product_cat?post=6581"},{"taxonomy":"product_tag","embeddable":true,"href":"https:\/\/antcube.shop\/de\/wp-json\/wp\/v2\/product_tag?post=6581"}],"curies":[{"name":"wp","href":"https:\/\/api.w.org\/{rel}","templated":true}]}}