{"id":6580,"date":"2023-12-04T13:54:31","date_gmt":"2023-12-04T12:54:31","guid":{"rendered":"https:\/\/antcube.shop\/product\/thermo-control-pro-ii\/"},"modified":"2026-04-13T17:30:22","modified_gmt":"2026-04-13T15:30:22","slug":"thermo-control-pro-ii","status":"publish","type":"product","link":"https:\/\/antcube.shop\/de\/produkt\/thermo-control-pro-ii\/","title":{"rendered":"Thermo Control Pro II"},"content":{"rendered":"<p><strong>Beschreibung:<\/strong> Der Thermo Control PRO II ist eine Weiterentwicklung des Thermo Control II. Die wesentlichen Unterschiede sind eine Echtzeituhr und zwei Temperaturkreise, so dass f\u00fcr Tag und Nacht unterschiedliche Temperaturen eingestellt werden k\u00f6nnen. Die Umschaltung zwischen Tag- und Nachtbetrieb erfolgt zeitgesteuert.<br \/>\nIm Gegensatz zum Thermo Control II kann bei diesem Modell die Zeit in Minuteneinheiten eingestellt werden. Es gibt zwei m\u00f6gliche ON\/OFF-Zeiten.<br \/>\nAu\u00dferdem kann das Ger\u00e4t zwischen Heiz- und K\u00fchlbetrieb umgeschaltet werden, um z.B. Ventilatoren zu betreiben. Wenn die eingestellte Temperatur erreicht ist, schaltet sich der Thermostat ein statt aus.<br \/>\nDie maximale Schaltleistung betr\u00e4gt 1000W. Temperaturbereich von 0-50\u00b0C.<\/p>\n<p>- Zwei Schaltkreise f\u00fcr unterschiedliche Tag- und Nachteinstellungen<br \/>\n- Echtzeituhr, Tageszeiten werden durch die Zeit definiert<br \/>\n- Integrierte Zeitschaltuhr<br \/>\n- Permanente Temperaturanzeige<br \/>\n- Umschaltbar zwischen Heiz- und K\u00fchlbetrieb<br \/>\n- Alarmfunktion bei Abweichung (einstellbar zwischen 1\u00b0C und 15\u00b0C)<br \/>\n- 2m langer Fernf\u00fchler, auch f\u00fcr Aquarien geeignet<br \/>\n- Geerdete Steckdosen<br \/>\n- Schaltleistung von max. 1000 Watt<\/p>\n<p>- Empfohlen f\u00fcr die Verwendung mit Heizmatten, Heizkabeln, Heizsteinen und Keramikheizstrahlern, um eine \u00dcberhitzung des Terrariums zu verhindern.<\/p>\n<p><strong>Weblink:<\/strong> http:\/\/www.antstore.net\/viewtopic.php?f=18&amp;p=108893<\/p>","protected":false},"excerpt":{"rendered":"<p>Beschreibung: Der Thermo Control PRO II ist eine Weiterentwicklung des Thermo Control II. Die wesentlichen Unterschiede sind eine Echtzeituhr und zwei Temperaturkreise, so dass f\u00fcr Tag und Nacht unterschiedliche Temperaturen eingestellt werden k\u00f6nnen. Die Umschaltung zwischen Tag- und Nachtbetrieb erfolgt zeitgesteuert. Im Gegensatz zum Thermo Control II kann die Uhrzeit eingestellt werden","protected":false},"featured_media":6600,"comment_status":"open","ping_status":"closed","template":"","meta":{"_acf_changed":false,"content-type":"","_monsterinsights_skip_tracking":false,"_monsterinsights_sitenote_active":false,"_monsterinsights_sitenote_note":"","_monsterinsights_sitenote_category":0},"product_brand":[],"product_cat":[359,119],"product_tag":[],"class_list":{"0":"post-6580","1":"product","2":"type-product","3":"status-publish","4":"has-post-thumbnail","6":"product_cat-light-heat-humidity","7":"product_cat-formicarium-components","9":"first","10":"instock","11":"taxable","12":"shipping-taxable","13":"purchasable","14":"product-type-simple"},"acf":[],"aioseo_notices":[],"jetpack_sharing_enabled":true,"_links":{"self":[{"href":"https:\/\/antcube.shop\/de\/wp-json\/wp\/v2\/product\/6580","targetHints":{"allow":["GET"]}}],"collection":[{"href":"https:\/\/antcube.shop\/de\/wp-json\/wp\/v2\/product"}],"about":[{"href":"https:\/\/antcube.shop\/de\/wp-json\/wp\/v2\/types\/product"}],"replies":[{"embeddable":true,"href":"https:\/\/antcube.shop\/de\/wp-json\/wp\/v2\/comments?post=6580"}],"wp:featuredmedia":[{"embeddable":true,"href":"https:\/\/antcube.shop\/de\/wp-json\/wp\/v2\/media\/6600"}],"wp:attachment":[{"href":"https:\/\/antcube.shop\/de\/wp-json\/wp\/v2\/media?parent=6580"}],"wp:term":[{"taxonomy":"product_brand","embeddable":true,"href":"https:\/\/antcube.shop\/de\/wp-json\/wp\/v2\/product_brand?post=6580"},{"taxonomy":"product_cat","embeddable":true,"href":"https:\/\/antcube.shop\/de\/wp-json\/wp\/v2\/product_cat?post=6580"},{"taxonomy":"product_tag","embeddable":true,"href":"https:\/\/antcube.shop\/de\/wp-json\/wp\/v2\/product_tag?post=6580"}],"curies":[{"name":"wp","href":"https:\/\/api.w.org\/{rel}","templated":true}]}}