{"id":6579,"date":"2023-12-04T13:54:25","date_gmt":"2023-12-04T12:54:25","guid":{"rendered":"https:\/\/antcube.shop\/product\/thermo-control-ii-timer\/"},"modified":"2026-04-09T15:04:50","modified_gmt":"2026-04-09T13:04:50","slug":"thermo-control-ii-zeitschaltuhr","status":"publish","type":"product","link":"https:\/\/antcube.shop\/de\/produkt\/thermo-control-ii-zeitschaltuhr\/","title":{"rendered":"Thermo Control II + Zeitschaltuhr"},"content":{"rendered":"<p><strong>Beschreibung:<\/strong> Beim Nachfolgemodell der beliebten Thermo Control-Thermostate erinnert nur noch der Preis an ein Einsteigermodell.<br \/>\nDer Thermo Control 2 ist ein digitaler Thermostat mit einem Temperaturbereich von 0-50\u00b0C. Dank der konstanten Temperaturanzeige funktioniert er auch als Thermometer.<br \/>\n\u00dcber eine Schukokupplung k\u00f6nnen Heizungen mit einer maximalen Gesamtleistung von 1200W angeschlossen werden. Eine weitere Schuko-Kupplung wird \u00fcber eine integrierte Timerfunktion gesteuert, mit der sich z.B. die Betriebszeiten f\u00fcr Beleuchtung oder Ventilatoren einstellen lassen. Der Sensor ist f\u00fcr Messungen in Luft und Wasser geeignet und wird ebenso wie die Kupplung und das Netzteil \u00fcber ein Kabel mit dem Thermostat verbunden.<br \/>\nDar\u00fcber hinaus verf\u00fcgt der Thermo Control 2 \u00fcber eine Alarmfunktion, die bei \u00dcber- oder Unterschreitung der gew\u00fcnschten Temperatur (Werte zwischen 1\u00b0C und 5\u00b0C einstellbar) optisch und akustisch warnt.<br \/>\nEin Ger\u00e4t, das in keinem Terrarium fehlen sollte!<\/p>\n<p>- Mit separat nutzbarer Zeitschaltuhr, z.B. f\u00fcr Beleuchtung oder L\u00fcftung<br \/>\n- Alarmfunktion bei Temperaturabweichung (einstellbar zwischen 1\u00b0C und 5\u00b0C)<br \/>\n- Anzeige der gemessenen Temperatur<br \/>\n- 2m langer Fernf\u00fchler, auch f\u00fcr Aquarien geeignet<br \/>\n- Geerdete Steckdosen<br \/>\n- 1200 Watt Schaltleistung<\/p>\n<p>- Empfohlen f\u00fcr die Verwendung mit Heizmatten, Heizkabeln, Heizsteinen und Keramikheizstrahlern, um eine \u00dcberhitzung des Terrariums zu verhindern.<\/p>\n<p><strong>Weblink:<\/strong> http:\/\/www.antstore.net\/viewtopic.php?f=18&amp;p=108893<\/p>","protected":false},"excerpt":{"rendered":"<p>Beschreibung: Beim Nachfolgemodell der beliebten Thermo Control Thermostate erinnert nur noch der Preis an ein Einsteigermodell. Der Thermo Control 2 ist ein digitaler Thermostat mit einem Temperaturbereich von 0-50\u00b0C. Dank der konstanten Temperaturanzeige fungiert er auch als Thermometer. Heizungen mit einer maximalen Gesamtleistung von 1200 W k\u00f6nnen","protected":false},"featured_media":6598,"comment_status":"open","ping_status":"closed","template":"","meta":{"_acf_changed":false,"content-type":"","_monsterinsights_skip_tracking":false,"_monsterinsights_sitenote_active":false,"_monsterinsights_sitenote_note":"","_monsterinsights_sitenote_category":0},"product_brand":[],"product_cat":[359,119],"product_tag":[],"class_list":{"0":"post-6579","1":"product","2":"type-product","3":"status-publish","4":"has-post-thumbnail","6":"product_cat-light-heat-humidity","7":"product_cat-formicarium-components","9":"first","10":"instock","11":"taxable","12":"shipping-taxable","13":"purchasable","14":"product-type-simple"},"acf":[],"aioseo_notices":[],"jetpack_sharing_enabled":true,"_links":{"self":[{"href":"https:\/\/antcube.shop\/de\/wp-json\/wp\/v2\/product\/6579","targetHints":{"allow":["GET"]}}],"collection":[{"href":"https:\/\/antcube.shop\/de\/wp-json\/wp\/v2\/product"}],"about":[{"href":"https:\/\/antcube.shop\/de\/wp-json\/wp\/v2\/types\/product"}],"replies":[{"embeddable":true,"href":"https:\/\/antcube.shop\/de\/wp-json\/wp\/v2\/comments?post=6579"}],"wp:featuredmedia":[{"embeddable":true,"href":"https:\/\/antcube.shop\/de\/wp-json\/wp\/v2\/media\/6598"}],"wp:attachment":[{"href":"https:\/\/antcube.shop\/de\/wp-json\/wp\/v2\/media?parent=6579"}],"wp:term":[{"taxonomy":"product_brand","embeddable":true,"href":"https:\/\/antcube.shop\/de\/wp-json\/wp\/v2\/product_brand?post=6579"},{"taxonomy":"product_cat","embeddable":true,"href":"https:\/\/antcube.shop\/de\/wp-json\/wp\/v2\/product_cat?post=6579"},{"taxonomy":"product_tag","embeddable":true,"href":"https:\/\/antcube.shop\/de\/wp-json\/wp\/v2\/product_tag?post=6579"}],"curies":[{"name":"wp","href":"https:\/\/api.w.org\/{rel}","templated":true}]}}