{"id":6578,"date":"2023-12-04T13:54:19","date_gmt":"2023-12-04T12:54:19","guid":{"rendered":"https:\/\/antcube.shop\/product\/mini-thermo-hygrometer-digital-weis-selbstklebend\/"},"modified":"2026-04-17T10:05:22","modified_gmt":"2026-04-17T08:05:22","slug":"mini-thermo-hygrometer-digital-weis-selbstklebend","status":"publish","type":"product","link":"https:\/\/antcube.shop\/de\/produkt\/mini-thermo-hygrometer-digital-weis-selbstklebend\/","title":{"rendered":"Mini-Thermo-Hygrometer digital - wei\u00df - selbstklebend"},"content":{"rendered":"<p><strong>Messbereich:<\/strong> -10 bis +60\u00b0C \/ 10% bis 99%<\/p>\n<p><strong>Abmessungen:<\/strong> 52 x39x15 mm<\/p>\n<p><strong>Beschreibung:<\/strong><br \/>\nMit Max\/Mini-Funktion, mit St\u00e4nder, inkl. Batterie LR 44 Knopfzelle.<\/p>\n<p><strong>Anmerkung:<\/strong><br \/>\nUm ein m\u00f6glichst genaues Messergebnis zu erzielen, ist es wichtig, dass die hinteren L\u00fcftungsschlitze nicht durch den Einbau blockiert werden!<br \/>\nAchten Sie beim Anbringen des Ger\u00e4tes darauf, dass die Tiere das Ger\u00e4t oder die Klebebefestigung nicht erreichen k\u00f6nnen, indem Sie eine geeignete Ausbruchsicherung verwenden.<br \/>\nBesteht jedoch die Gefahr, dass dies geschieht, sollten unsere transparenten Klebepads (Art.-Nr. 1002314) zur Befestigung verwendet werden.<\/p>\n<p><strong>WEEE-Reg.:<\/strong> DE 78184127<\/p>\n<p><strong>Zur Entsorgung siehe Batterieverordnung:<\/strong><\/p>\n<p><a href=\"https:\/\/www.antstore.net\/shop\/de\/info\/Batterieverordnung.html\" target=\"_blank\" rel=\"noopener\">https:\/\/www.antstore.net\/shop\/de\/info\/Batterieverordnung.html<\/a><\/p>","protected":false},"excerpt":{"rendered":"<p>Messbereich: -10 bis +60\u00b0C \/ 10 bis 99% , Abmessungen: 52 x 39 x 15 mm<\/p>","protected":false},"featured_media":6620,"comment_status":"open","ping_status":"closed","template":"","meta":{"_acf_changed":false,"content-type":"","_monsterinsights_skip_tracking":false,"_monsterinsights_sitenote_active":false,"_monsterinsights_sitenote_note":"","_monsterinsights_sitenote_category":0},"product_brand":[],"product_cat":[359,119,239],"product_tag":[],"class_list":{"0":"post-6578","1":"product","2":"type-product","3":"status-publish","4":"has-post-thumbnail","6":"product_cat-light-heat-humidity","7":"product_cat-formicarium-components","8":"product_cat-useful-additions","10":"first","11":"instock","12":"taxable","13":"shipping-taxable","14":"purchasable","15":"product-type-simple"},"acf":[],"aioseo_notices":[],"jetpack_sharing_enabled":true,"_links":{"self":[{"href":"https:\/\/antcube.shop\/de\/wp-json\/wp\/v2\/product\/6578","targetHints":{"allow":["GET"]}}],"collection":[{"href":"https:\/\/antcube.shop\/de\/wp-json\/wp\/v2\/product"}],"about":[{"href":"https:\/\/antcube.shop\/de\/wp-json\/wp\/v2\/types\/product"}],"replies":[{"embeddable":true,"href":"https:\/\/antcube.shop\/de\/wp-json\/wp\/v2\/comments?post=6578"}],"wp:featuredmedia":[{"embeddable":true,"href":"https:\/\/antcube.shop\/de\/wp-json\/wp\/v2\/media\/6620"}],"wp:attachment":[{"href":"https:\/\/antcube.shop\/de\/wp-json\/wp\/v2\/media?parent=6578"}],"wp:term":[{"taxonomy":"product_brand","embeddable":true,"href":"https:\/\/antcube.shop\/de\/wp-json\/wp\/v2\/product_brand?post=6578"},{"taxonomy":"product_cat","embeddable":true,"href":"https:\/\/antcube.shop\/de\/wp-json\/wp\/v2\/product_cat?post=6578"},{"taxonomy":"product_tag","embeddable":true,"href":"https:\/\/antcube.shop\/de\/wp-json\/wp\/v2\/product_tag?post=6578"}],"curies":[{"name":"wp","href":"https:\/\/api.w.org\/{rel}","templated":true}]}}