{"id":6577,"date":"2023-12-04T13:54:13","date_gmt":"2023-12-04T12:54:13","guid":{"rendered":"https:\/\/antcube.shop\/product\/ameisenarena-nebler-gros\/"},"modified":"2026-04-24T14:25:11","modified_gmt":"2026-04-24T12:25:11","slug":"ameisen-arena-nebelgerat-gros","status":"publish","type":"product","link":"https:\/\/antcube.shop\/de\/produkt\/ameisen-arena-nebelgerat-gros\/","title":{"rendered":"Ameisenarena - Nebler - gro\u00df"},"content":{"rendered":"<p><strong>Inhalt:<\/strong><br \/>\n- Nebler<br \/>\n- Passender Stopfen mit Loch zur Befestigung des Schlauchs an der Ameisenhallenabdeckung<br \/>\n- Ausziehbarer Schlauch<\/p>\n<p><strong>Material:<\/strong> Kunststoff<\/p>\n<p><strong>Farbe:<\/strong> schwarz<\/p>\n<p>Technische Einzelheiten:<br \/>\nSpannung:AC 120-240 V - 50\/60 Hz<br \/>\nKabell\u00e4nge: 1,20 m<br \/>\nFassungsverm\u00f6gen des Wassertanks: 4L<br \/>\nSchlauchl\u00e4nge: individuell erweiterbar zwischen 40 und 160 cm<br \/>\nNebelbildung: 150-300 ml\/h<br \/>\nMaximale Vernebelungsh\u00f6he: 2 m mit Schlauch<br \/>\nger\u00e4uschlos<\/p>\n<p>Beschreibung:<br \/>\nUm eine Ameisenarena zu befeuchten, kann dieser Vernebler direkt in die Abdeckung der Ameisenarena eingesteckt werden.<\/p>\n<p>&nbsp;<\/p>\n<p>&nbsp;<\/p>\n<p>Hinweis: 20.01.2025 Produktaktualisierung - neues Modell<\/p>","protected":false},"excerpt":{"rendered":"<p>Inhalt: - Nebler - passender Stecker mit 22mm Loch zur Befestigung des Schlauches an der Ameisenstra\u00dfenabdeckung - ausziehbarer Schlauch Material: Kunststoff Farbe: schwarz Technische Details: Spannung: AC 120-240 V - 50\/60 Hz Kabell\u00e4nge: 1,20 m Fassungsverm\u00f6gen des Wassertanks: 4L Schlauchl\u00e4nge: individuell verl\u00e4ngerbar zwischen 40 und 160 cm Nebelbildung: 150-300 ml\/h Maximale [...]","protected":false},"featured_media":10944,"comment_status":"open","ping_status":"closed","template":"","meta":{"_acf_changed":false,"content-type":"","_monsterinsights_skip_tracking":false,"_monsterinsights_sitenote_active":false,"_monsterinsights_sitenote_note":"","_monsterinsights_sitenote_category":0},"product_brand":[],"product_cat":[359,119,239],"product_tag":[],"class_list":{"0":"post-6577","1":"product","2":"type-product","3":"status-publish","4":"has-post-thumbnail","6":"product_cat-light-heat-humidity","7":"product_cat-formicarium-components","8":"product_cat-useful-additions","10":"first","11":"instock","12":"taxable","13":"shipping-taxable","14":"purchasable","15":"product-type-simple"},"acf":[],"aioseo_notices":[],"jetpack_sharing_enabled":true,"_links":{"self":[{"href":"https:\/\/antcube.shop\/de\/wp-json\/wp\/v2\/product\/6577","targetHints":{"allow":["GET"]}}],"collection":[{"href":"https:\/\/antcube.shop\/de\/wp-json\/wp\/v2\/product"}],"about":[{"href":"https:\/\/antcube.shop\/de\/wp-json\/wp\/v2\/types\/product"}],"replies":[{"embeddable":true,"href":"https:\/\/antcube.shop\/de\/wp-json\/wp\/v2\/comments?post=6577"}],"wp:featuredmedia":[{"embeddable":true,"href":"https:\/\/antcube.shop\/de\/wp-json\/wp\/v2\/media\/10944"}],"wp:attachment":[{"href":"https:\/\/antcube.shop\/de\/wp-json\/wp\/v2\/media?parent=6577"}],"wp:term":[{"taxonomy":"product_brand","embeddable":true,"href":"https:\/\/antcube.shop\/de\/wp-json\/wp\/v2\/product_brand?post=6577"},{"taxonomy":"product_cat","embeddable":true,"href":"https:\/\/antcube.shop\/de\/wp-json\/wp\/v2\/product_cat?post=6577"},{"taxonomy":"product_tag","embeddable":true,"href":"https:\/\/antcube.shop\/de\/wp-json\/wp\/v2\/product_tag?post=6577"}],"curies":[{"name":"wp","href":"https:\/\/api.w.org\/{rel}","templated":true}]}}