{"id":6576,"date":"2023-12-04T13:54:06","date_gmt":"2023-12-04T12:54:06","guid":{"rendered":"https:\/\/antcube.shop\/product\/ameisenarena-nebler-klein\/"},"modified":"2026-04-16T13:36:00","modified_gmt":"2026-04-16T11:36:00","slug":"ameisen-arena-nebelgerat-klein","status":"publish","type":"product","link":"https:\/\/antcube.shop\/de\/produkt\/ameisen-arena-nebelgerat-klein\/","title":{"rendered":"Ameisenarena - Nebler - klein"},"content":{"rendered":"<p><strong>Inhalt:<\/strong><br \/>\n- Nebler<br \/>\n- Passender Stopfen mit Loch zur Befestigung des Schlauchs an der Ameisenhallenabdeckung<br \/>\n- Ausziehbarer Schlauch<\/p>\n<p><strong>Material:<\/strong> Kunststoff<\/p>\n<p><strong>Farbe:<\/strong> Schwarz\/Wei\u00df<\/p>\n<p><strong>Technische Daten:<\/strong><br \/>\nSpannung: 230V<br \/>\nLeistung: 15W (30ml\/h)<br \/>\nKabell\u00e4nge: 1,40 m<br \/>\nFassungsverm\u00f6gen des Wassertanks: 360 ml<br \/>\nAnschluss: Euro-Stecker<br \/>\nSchlauchl\u00e4nge: 60 cm -&gt; kann verl\u00e4ngert werden<\/p>\n<p><strong>Beschreibung:<\/strong><br \/>\nUm einen Ameisenbau zu befeuchten, kann dieser Vernebler direkt in die Abdeckung des Ameisenbaus eingesetzt werden.<br \/>\nDer kleine Ameisenarena Nebler ist f\u00fcr die Befeuchtung kleiner Terrarien konzipiert. Bei diesem Modell wurde die Technik stark vereinfacht, was einen wesentlich st\u00f6rungsfreieren Betrieb erm\u00f6glicht. Das Wasser wird durch die Kapillarwirkung einer Filzpatrone abgesaugt. Diese kann mit wenigen Handgriffen ausgetauscht werden, was aus hygienischen Gr\u00fcnden regelm\u00e4\u00dfig geschehen sollte. Der erzeugte Nebel wird durch eine ausgekl\u00fcgelte D\u00fcsenkonstruktion automatisch durch den Schlauch geleitet, ohne dass ein zus\u00e4tzliches Gebl\u00e4se erforderlich ist. Dadurch wird die Fehleranf\u00e4lligkeit nochmals deutlich reduziert. Die Nebelleistung betr\u00e4gt ca. 30 ml\/h. Der Tank fasst maximal 360 ml. Der Super Fog Nano II kann \u00fcber eine Zeitschaltuhr oder einen Hygrostat gesteuert werden. Dank des beweglichen und ausziehbaren Schlauchs kann der Super Fog Nano II an jedes Terrarium angepasst werden. Neu ist, dass die Membran nun mit wenigen Handgriffen vom Endverbraucher ausgetauscht werden kann. Alle anderen Teile sind auch als Ersatzteile erh\u00e4ltlich, was den Super Fog Nano II zu einem nachhaltigen Ger\u00e4t macht.<\/p>\n<p><strong>Hack:<\/strong><br \/>\nWenn ein l\u00e4ngerer Schlauch ben\u00f6tigt wird, kann unser 20\/16mm Schlauch (Art. 1000107) an den Nebler angeschlossen werden. Au\u00dferdem ben\u00f6tigen Sie Formicarienstopfen f\u00fcr 50mm mit 20mm Loch (Art. 1005033 + 20mm). Bitte beachten Sie jedoch, dass je l\u00e4nger der Schlauch ist, desto weniger Nebel erreicht das Formicarium.<\/p>\n<p>&nbsp;<\/p>","protected":false},"excerpt":{"rendered":"<p>Inhalt: - Nebler - passender Stopfen mit Loch zur Befestigung des Schlauchs am Ameisenhallendeckel - ausziehbarer Schlauch Material: Kunststoff Farbe: schwarz\/wei\u00df Technische Daten: Spannung: 230V Leistung: 15W (30ml\/h) Kabell\u00e4nge: 1,40 m Wassertankinhalt: 360ml Anschluss: Euro-Stecker Schlauchl\u00e4nge: 60 cm -&gt; kann verl\u00e4ngert werden Beschreibung: Zur Befeuchtung einer Ameise [...]","protected":false},"featured_media":6603,"comment_status":"open","ping_status":"closed","template":"","meta":{"_acf_changed":false,"content-type":"","_monsterinsights_skip_tracking":false,"_monsterinsights_sitenote_active":false,"_monsterinsights_sitenote_note":"","_monsterinsights_sitenote_category":0},"product_brand":[],"product_cat":[359,119],"product_tag":[],"class_list":{"0":"post-6576","1":"product","2":"type-product","3":"status-publish","4":"has-post-thumbnail","6":"product_cat-light-heat-humidity","7":"product_cat-formicarium-components","9":"first","10":"instock","11":"taxable","12":"shipping-taxable","13":"purchasable","14":"product-type-simple"},"acf":[],"aioseo_notices":[],"jetpack_sharing_enabled":true,"_links":{"self":[{"href":"https:\/\/antcube.shop\/de\/wp-json\/wp\/v2\/product\/6576","targetHints":{"allow":["GET"]}}],"collection":[{"href":"https:\/\/antcube.shop\/de\/wp-json\/wp\/v2\/product"}],"about":[{"href":"https:\/\/antcube.shop\/de\/wp-json\/wp\/v2\/types\/product"}],"replies":[{"embeddable":true,"href":"https:\/\/antcube.shop\/de\/wp-json\/wp\/v2\/comments?post=6576"}],"wp:featuredmedia":[{"embeddable":true,"href":"https:\/\/antcube.shop\/de\/wp-json\/wp\/v2\/media\/6603"}],"wp:attachment":[{"href":"https:\/\/antcube.shop\/de\/wp-json\/wp\/v2\/media?parent=6576"}],"wp:term":[{"taxonomy":"product_brand","embeddable":true,"href":"https:\/\/antcube.shop\/de\/wp-json\/wp\/v2\/product_brand?post=6576"},{"taxonomy":"product_cat","embeddable":true,"href":"https:\/\/antcube.shop\/de\/wp-json\/wp\/v2\/product_cat?post=6576"},{"taxonomy":"product_tag","embeddable":true,"href":"https:\/\/antcube.shop\/de\/wp-json\/wp\/v2\/product_tag?post=6576"}],"curies":[{"name":"wp","href":"https:\/\/api.w.org\/{rel}","templated":true}]}}