{"id":6573,"date":"2023-12-04T11:34:55","date_gmt":"2023-12-04T10:34:55","guid":{"rendered":"https:\/\/antcube.shop\/product\/arena-vase-10x20cm-aus-glas\/"},"modified":"2026-04-13T18:24:05","modified_gmt":"2026-04-13T16:24:05","slug":"arena-vase-10x20cm-aus-glas-gefertigt","status":"publish","type":"product","link":"https:\/\/antcube.shop\/de\/produkt\/arena-vase-10x20cm-aus-glas-gefertigt\/","title":{"rendered":"Arena Vase 10x20cm aus Glas gefertigt"},"content":{"rendered":"<p><strong>Abmessungen:<\/strong> 10\u00d720,4cm<\/p>\n<p><strong>Material:<\/strong> Glas, PMMA<\/p>\n<p><strong>Farbe:<\/strong> kristallklar, transluzent, transparent<\/p>\n<p><strong>Inhalt:<\/strong><br \/>\n1x Glasvase 10x20cm<br \/>\n1x Deckel 10\u00d70,4cm<\/p>\n<p><strong>Beschreibung:<\/strong> Die Arena Vase wurde f\u00fcr die F\u00fctterung von Blattschneiderameisenkolonien der Gattung Atta oder Acromyrmex entwickelt. Der abnehmbare Acryldeckel mit L\u00f6chern und Schlitzen zum Anordnen und Halten von Zweigen von Futterpflanzen wird einfach auf die Vase gestellt. Die Vase hilft, die Futterpflanzen l\u00e4nger frisch zu halten und erh\u00f6ht gleichzeitig die Luftfeuchtigkeit im Formicarium durch st\u00e4ndige Verdunstung des Wassers im Reservoir.<\/p>","protected":false},"excerpt":{"rendered":"<p>Abmessungen: 10x20,4cm Material: Glas, PMMA Farbe: kristallklar, transluzent, transparent Inhalt: 1x Glasvase 10x20cm 1x Deckel 10x0,4cm Beschreibung: Die Arena Vase wurde f\u00fcr die F\u00fctterung von Blattschneiderameisenkolonien der Gattung Atta oder Acromyrmex entwickelt. Der abnehmbare Acryldeckel mit L\u00f6chern und Schlitzen zum Aufstellen und Halten von Futterpflanzenzweigen wird einfach auf die Vase gestellt.","protected":false},"featured_media":6590,"comment_status":"open","ping_status":"closed","template":"","meta":{"_acf_changed":false,"content-type":"","_monsterinsights_skip_tracking":false,"_monsterinsights_sitenote_active":false,"_monsterinsights_sitenote_note":"","_monsterinsights_sitenote_category":0},"product_brand":[],"product_cat":[115,118],"product_tag":[],"class_list":{"0":"post-6573","1":"product","2":"type-product","3":"status-publish","4":"has-post-thumbnail","6":"product_cat-food-and-feeding","7":"product_cat-feeding-bowls","9":"first","10":"instock","11":"taxable","12":"shipping-taxable","13":"purchasable","14":"product-type-simple"},"acf":[],"aioseo_notices":[],"jetpack_sharing_enabled":true,"_links":{"self":[{"href":"https:\/\/antcube.shop\/de\/wp-json\/wp\/v2\/product\/6573","targetHints":{"allow":["GET"]}}],"collection":[{"href":"https:\/\/antcube.shop\/de\/wp-json\/wp\/v2\/product"}],"about":[{"href":"https:\/\/antcube.shop\/de\/wp-json\/wp\/v2\/types\/product"}],"replies":[{"embeddable":true,"href":"https:\/\/antcube.shop\/de\/wp-json\/wp\/v2\/comments?post=6573"}],"wp:featuredmedia":[{"embeddable":true,"href":"https:\/\/antcube.shop\/de\/wp-json\/wp\/v2\/media\/6590"}],"wp:attachment":[{"href":"https:\/\/antcube.shop\/de\/wp-json\/wp\/v2\/media?parent=6573"}],"wp:term":[{"taxonomy":"product_brand","embeddable":true,"href":"https:\/\/antcube.shop\/de\/wp-json\/wp\/v2\/product_brand?post=6573"},{"taxonomy":"product_cat","embeddable":true,"href":"https:\/\/antcube.shop\/de\/wp-json\/wp\/v2\/product_cat?post=6573"},{"taxonomy":"product_tag","embeddable":true,"href":"https:\/\/antcube.shop\/de\/wp-json\/wp\/v2\/product_tag?post=6573"}],"curies":[{"name":"wp","href":"https:\/\/api.w.org\/{rel}","templated":true}]}}