{"id":6569,"date":"2023-12-04T11:34:29","date_gmt":"2023-12-04T10:34:29","guid":{"rendered":"https:\/\/antcube.shop\/product\/ameisen-treppenhaus-20cm\/"},"modified":"2026-04-24T10:01:32","modified_gmt":"2026-04-24T08:01:32","slug":"ameisentreppe-20cm","status":"publish","type":"product","link":"https:\/\/antcube.shop\/de\/produkt\/ameisentreppe-20cm\/","title":{"rendered":"Ameisentreppe 20cm"},"content":{"rendered":"<p><strong>Beschreibung:<\/strong> Die Ameisentreppe dient dazu, die H\u00f6he zwischen der Arena und der Ameisenfarm zu \u00fcberbr\u00fccken.<\/p>\n<p><strong>Abmessungen:<\/strong> 5x5x20cm<\/p>\n<p><strong>Material: <\/strong>PMMA<\/p>\n<p><strong>Farbe: <\/strong>kristallklar, transluzent, transparent<\/p>\n<p data-padding=\"5px\" data-line-height=\"s\"><strong>Inhalt:<\/strong><br \/>\n1x Ameisentreppe 20cm<br \/>\n2x Acrylplatte f\u00fcr optionale Wandmontage<\/p>\n<p data-padding=\"5px\" data-line-height=\"s\">1x Unterlage f\u00fcr Ameisentreppe<\/p>\n<p><strong>Anmerkung:<\/strong> Die Teile werden als komplett montiertes Produkt geliefert. Um die Wandhalterung anzubringen, l\u00f6sen Sie einfach die Acrylschrauben oben und unten und nehmen den Sockel ab. Befestigen Sie die beiden Acrylplatten wieder mit den Schrauben 1x oben und 1x unten.<\/p>\n<p><strong>Verbindung:<\/strong> 2x Schlauch 20\/16 mm (au\u00dfen) oder Schlauch 14\/10 mm (innen) oder 24\/20 (au\u00dfen 2. Anschlussstufe)<\/p>\n<p><strong>Anwendung:<\/strong> f\u00fcr die Messung von Ameisenfarmen <strong>20x20cm oder 40x20cm<\/strong><\/p>\n<p><span data-text-color=\"alert\"><strong>Wichtig f\u00fcr die Verwendung mit Acrylr\u00f6hrchen:<\/strong><\/span><br \/>\nDie H\u00f6he ist nicht geeignet f\u00fcr unsere <strong>Gr\u00f6\u00dfe XL-Ameisenfarmen.<\/strong><br \/>\nF\u00fcr<strong> Verwendung mit Acrylr\u00f6hren<\/strong> (z.B. Ameisenrohr - glasklar 20mm - 1m Art.-Nr. 1000320) anstelle von Schl\u00e4uchen, ben\u00f6tigen Sie insgesamt<strong> 3x den \"Schlauchverbinder glasklar f\u00fcr 20mm - I\"<\/strong> (Art.-Nr. 1005624). 1x f\u00fcr die Ameisenbau-Steckdose und 2x f\u00fcr die beiden Treppenhaus-Steckdosen. Zus\u00e4tzlich muss bei alten Ameisenfarmen (alle vor 12\/2023 gekauft) ein \"Flexibler Dichtungsring glasklar\" (Art.-Nr. 1001437) auf die Ameisenfarmdose geschoben werden. Ansonsten sitzt der \"Rohrverbinder glasklar f\u00fcr 20mm - I\" (Art.-Nr. 1005624) zu locker auf der Ameisenhofmuffe. Au\u00dferdem, wenn ein <strong>formicarium pad <\/strong>f\u00fcr die Ameisenfarm oder -arena verwendet wird, sollte auch eine f\u00fcr die Treppe verwendet werden, da es sonst zu einem leichten H\u00f6henunterschied zwischen dem Treppensockel und den Anschl\u00fcssen an der Ameisenfarm und Ameisenarena kommt.<\/p>","protected":false},"excerpt":{"rendered":"<p>F\u00fcr Ameisenfarmen von 20x20cm oder 40x20cm<\/p>","protected":false},"featured_media":7570,"comment_status":"open","ping_status":"closed","template":"","meta":{"_acf_changed":false,"content-type":"","_monsterinsights_skip_tracking":false,"_monsterinsights_sitenote_active":false,"_monsterinsights_sitenote_note":"","_monsterinsights_sitenote_category":0},"product_brand":[],"product_cat":[345,119,121,120,239],"product_tag":[],"class_list":{"0":"post-6569","1":"product","2":"type-product","3":"status-publish","4":"has-post-thumbnail","6":"product_cat-pipe-connectors","7":"product_cat-formicarium-components","8":"product_cat-connectors","9":"product_cat-hoses","10":"product_cat-useful-additions","12":"first","13":"instock","14":"taxable","15":"shipping-taxable","16":"purchasable","17":"product-type-simple"},"acf":[],"aioseo_notices":[],"jetpack_sharing_enabled":true,"_links":{"self":[{"href":"https:\/\/antcube.shop\/de\/wp-json\/wp\/v2\/product\/6569","targetHints":{"allow":["GET"]}}],"collection":[{"href":"https:\/\/antcube.shop\/de\/wp-json\/wp\/v2\/product"}],"about":[{"href":"https:\/\/antcube.shop\/de\/wp-json\/wp\/v2\/types\/product"}],"replies":[{"embeddable":true,"href":"https:\/\/antcube.shop\/de\/wp-json\/wp\/v2\/comments?post=6569"}],"wp:featuredmedia":[{"embeddable":true,"href":"https:\/\/antcube.shop\/de\/wp-json\/wp\/v2\/media\/7570"}],"wp:attachment":[{"href":"https:\/\/antcube.shop\/de\/wp-json\/wp\/v2\/media?parent=6569"}],"wp:term":[{"taxonomy":"product_brand","embeddable":true,"href":"https:\/\/antcube.shop\/de\/wp-json\/wp\/v2\/product_brand?post=6569"},{"taxonomy":"product_cat","embeddable":true,"href":"https:\/\/antcube.shop\/de\/wp-json\/wp\/v2\/product_cat?post=6569"},{"taxonomy":"product_tag","embeddable":true,"href":"https:\/\/antcube.shop\/de\/wp-json\/wp\/v2\/product_tag?post=6569"}],"curies":[{"name":"wp","href":"https:\/\/api.w.org\/{rel}","templated":true}]}}