{"id":6567,"date":"2023-12-04T11:34:15","date_gmt":"2023-12-04T10:34:15","guid":{"rendered":"https:\/\/antcube.shop\/product\/kornerfutter-media-100g\/"},"modified":"2026-04-05T17:10:17","modified_gmt":"2026-04-05T15:10:17","slug":"kornerfuttermittel-100g","status":"publish","type":"product","link":"https:\/\/antcube.shop\/de\/produkt\/kornerfuttermittel-100g\/","title":{"rendered":"K\u00f6rnerfuttermittel 100g"},"content":{"rendered":"<div class=\"tab-body active\">\n<p><strong>Inhalt:<\/strong> 100g<\/p>\n<p><span id=\"result_box\" class=\"long_text\" lang=\"en\"><strong>Beschreibung:<\/strong> <\/span>Mittlere K\u00f6rner- und Samenmischung f\u00fcr die Aufzucht von Kolonien k\u00f6rnerfressender Ameisen, wie Messor, Pogonomyrmex und Pheidole.<br \/>\nMit Hilfe dieser Mischung von N\u00e4hrsamen wird das Wachstum unterst\u00fctzt.<br \/>\nReines Naturprodukt ohne k\u00fcnstliche Zusatzstoffe. Frei von Pestiziden.<\/p>\n<p><strong>Anmerkung:<\/strong><br \/>\nDie Verwendung des Zuf\u00fchrungsrohrs finden Sie hier: <a href=\"https:\/\/www.antstore.net\/shop\/images\/documents\/Anleitung-Ameisenfutterroehrchen.pdf\">Link<\/a><br \/>\nFutterzusatz f\u00fcr kornfressende Ameisen.<br \/>\nZusammensetzung, analytische Bestandteile, Verfallsdatum und Chargennummer entnehmen Sie bitte der Packungsbeilage.<\/p>\n<p>Informations-Hotline +49 30 439703870<\/p>\n<p>Kompetente Veterin\u00e4r- und Lebensmittelkontrolle:<br \/>\nVeterin\u00e4ramt Steglitz<br \/>\nK\u00f6nigin-Luise-Str. 92<br \/>\n14195 Berlin<\/p>\n<\/div>","protected":false},"excerpt":{"rendered":"<p>Erg\u00e4nzungsfuttermittel<\/p>","protected":false},"featured_media":6625,"comment_status":"open","ping_status":"closed","template":"","meta":{"_acf_changed":false,"content-type":"","_monsterinsights_skip_tracking":false,"_monsterinsights_sitenote_active":false,"_monsterinsights_sitenote_note":"","_monsterinsights_sitenote_category":0},"product_brand":[],"product_cat":[115,116],"product_tag":[],"class_list":{"0":"post-6567","1":"product","2":"type-product","3":"status-publish","4":"has-post-thumbnail","6":"product_cat-food-and-feeding","7":"product_cat-food","9":"first","10":"instock","11":"taxable","12":"shipping-taxable","13":"purchasable","14":"product-type-simple"},"acf":[],"aioseo_notices":[],"jetpack_sharing_enabled":true,"_links":{"self":[{"href":"https:\/\/antcube.shop\/de\/wp-json\/wp\/v2\/product\/6567","targetHints":{"allow":["GET"]}}],"collection":[{"href":"https:\/\/antcube.shop\/de\/wp-json\/wp\/v2\/product"}],"about":[{"href":"https:\/\/antcube.shop\/de\/wp-json\/wp\/v2\/types\/product"}],"replies":[{"embeddable":true,"href":"https:\/\/antcube.shop\/de\/wp-json\/wp\/v2\/comments?post=6567"}],"wp:featuredmedia":[{"embeddable":true,"href":"https:\/\/antcube.shop\/de\/wp-json\/wp\/v2\/media\/6625"}],"wp:attachment":[{"href":"https:\/\/antcube.shop\/de\/wp-json\/wp\/v2\/media?parent=6567"}],"wp:term":[{"taxonomy":"product_brand","embeddable":true,"href":"https:\/\/antcube.shop\/de\/wp-json\/wp\/v2\/product_brand?post=6567"},{"taxonomy":"product_cat","embeddable":true,"href":"https:\/\/antcube.shop\/de\/wp-json\/wp\/v2\/product_cat?post=6567"},{"taxonomy":"product_tag","embeddable":true,"href":"https:\/\/antcube.shop\/de\/wp-json\/wp\/v2\/product_tag?post=6567"}],"curies":[{"name":"wp","href":"https:\/\/api.w.org\/{rel}","templated":true}]}}