{"id":6562,"date":"2023-12-04T11:33:43","date_gmt":"2023-12-04T10:33:43","guid":{"rendered":"https:\/\/antcube.shop\/product\/bundle-offer-messor-structor\/"},"modified":"2026-03-04T17:11:29","modified_gmt":"2026-03-04T16:11:29","slug":"bundelangebot-messor-structor","status":"publish","type":"product","link":"https:\/\/antcube.shop\/de\/produkt\/bundelangebot-messor-structor\/","title":{"rendered":"B\u00fcndelangebot - Messor structor"},"content":{"rendered":"<p><span data-text-color=\"secondary\"><strong>Paketangebot mit einer Messor structor Ameisenkolonie (K\u00f6nigin mit 11-25 Arbeiterinnen + Brut), einem Starterset Habitat Desert M mit einer zweiten Ameisenfarm 20\u00d720 M, 3x Formicarium-Pads und einem Glas unserer speziellen ganzen blanchierten Grillen 10g (feuchtes Protein).<\/strong><\/span><\/p>\n<p><span data-text-color=\"alert\"><strong>Nur solange der Vorrat reicht.<\/strong><\/span><\/p>\n<p><strong>Alles, was Sie f\u00fcr ein Messor structor-Ameisenvolk brauchen<\/strong><br \/>\nDieses Paket enth\u00e4lt alles, was Sie brauchen, um eine Kolonie von Messor structor erfolgreich durch die ersten Monate zu bringen. Es ist flexibel erweiterbar und ausdr\u00fccklich f\u00fcr Anf\u00e4nger in der Ameisenhaltung geeignet.<\/p>\n<p><strong>Messor structor Ameisenarten<\/strong><br \/>\nMessor structor ist eine granivore (K\u00f6rner fressende) Ameisenart. Sie kommt haupts\u00e4chlich in S\u00fcdeuropa und im Mittelmeerraum vor, aber auch in Mitteleuropa, und ihr Verbreitungsgebiet reicht bis in den Iran und S\u00fcdrussland. Sie ist auch die einzige Messor-Art, die in Deutschland vorkommt. Die Arbeiterinnen sind etwas kleiner als die von Messor barbarus, aber Messor structor produziert fr\u00fcher so genannte gro\u00dfe Arbeiterinnen (gr\u00f6\u00dfte Arbeiterkaste).<\/p>\n<p>Auch wenn Messor structor haupts\u00e4chlich in Steppen vorkommt, gibt es in einigen L\u00e4ndern Populationen, die eher in Bergregionen oder sogar in Mischw\u00e4ldern zu Hause sind. Dies zeigt die gro\u00dfe Anpassungsf\u00e4higkeit dieser Art. Messor structor bildet normalerweise polygyne Kolonien (mehrere K\u00f6niginnen in einer Kolonie), kommt aber auch monogyn vor (nur eine K\u00f6nigin pro Kolonie).<\/p>\n<p>Wissenschaftler versuchen schon seit einiger Zeit herauszufinden, ob Messor structor m\u00f6glicherweise mehrere Unterarten entwickelt hat, die in verschiedenen Regionen vorkommen, indem sie das genetische Material verschiedener Kolonien analysieren. Dies ist jedoch noch nicht abschlie\u00dfend gekl\u00e4rt worden.<\/p>\n<p><strong>Nest f\u00fcr Messor structor<\/strong><br \/>\nMessor structor nistet bevorzugt in sandigen B\u00f6den. Im Gegensatz zu den meisten anderen Messor-Arten ist er jedoch relativ anpassungsf\u00e4hig und kann manchmal unter Steinen oder an schattigen Pl\u00e4tzen in erdigeren B\u00f6den nisten.<\/p>\n<p><strong>Lebensmittel f\u00fcr Messor structor<\/strong><br \/>\nWie alle Messor-Arten ern\u00e4hrt sich auch Messor structor haupts\u00e4chlich von Samen, die gesammelt, gelagert und zu so genanntem Ameisenbrot verarbeitet werden, das dann l\u00e4nger haltbar ist und die Kolonien \u00fcber Zeiten hinwegbringt, in denen in der Natur weniger Samen zu finden sind. Eiwei\u00df wird sowohl tot als auch lebendig angenommen. In der freien Natur t\u00f6ten sie kleine Insekten und verwenden sie als Futter f\u00fcr ihre Brut. Zuckerl\u00f6sung oder Honig wird nur angenommen, wenn die Kolonie nicht gen\u00fcgend frisches Wasser zur Verf\u00fcgung hat, um ihren Feuchtigkeitsbedarf zu decken.<\/p>\n<p><strong>Die optimalen klimatischen Bedingungen f\u00fcr Messor structor sind wie folgt:<\/strong><br \/>\n<strong>Luftfeuchtigkeit:<\/strong><br \/>\nArena: 30 - 50% Nestbereich: 50 - 70%<br \/>\n<strong>Temperatur:<\/strong><br \/>\nArena: 22 - 30\u00b0C Nestbereich: 21- 27\u00b0C<\/p>\n<p><strong>Inhalt:<\/strong><\/p>\n<p>1x Messor structor Ameisenkolonie (K\u00f6nigin + 11-25 Arbeiterinnen + Brut)<br \/>\n1x Grillenmarmelade 25g<br \/>\n1x Getreidefutter moll 100g<br \/>\n1x Formicarium Unterlage - 20x20cm<br \/>\n2x Formicarium Unterlage - 20x6cm<\/p>\n<p>1x ANTCUBE - arena 20x20x10 - flach<br \/>\n1x Ameisenarena-Rahmen 20\u00d720<br \/>\n1x Ameisenarena-Abdeckung 20\u00d720<br \/>\n4x Befestigungspunkt f\u00fcr Arenadeckel<br \/>\n2x ANTCUBE - Ameisenfarm - M - 20\u00d720 - stehend<\/p>\n<p>1x 1m Schlauch transparent 14\/10 mm<br \/>\n2x ANTCUBE - Rote Folie 20\u00d720 - Filter<br \/>\n2x selbstklebende Clips - transparent 2 Stk.<br \/>\n1x Substrat - W\u00fcste - 1kg<br \/>\n1x Formicarium Granulat 200ml - beige<\/p>\n<p>1x Grid cap &#8211; 10mm &#8211; stainless steel<br \/>\n2x Grid insert acrylic &#8211; 50 mm with sealing ring<br \/>\n1x Grid insert acrylic &#8211; 27 mm with sealing ring<\/p>\n<p>1x Tankschlauchanschluss 27-14,16,20 mm - transparent<br \/>\n2x Foil thermometer &#8211; farm<br \/>\n1x Foil thermometer Display<br \/>\n1x drinking clear 5ml &#8211; sponge<br \/>\n1x Feeding dish white rectangle &#8211; 3 compartments<br \/>\n1x Ameisenausbruch-Schutz\u00f6l 10ml<br \/>\n1x Pinzette Federstahl - breit - weich<br \/>\n1x Pinzette Kunststoff transparent<br \/>\n1x Kunststoffpipette 3ml<br \/>\n1x Handlupe - 2x - 30mm<br \/>\n1x Schaumstoffwischer 150x18x2,5mm<br \/>\n1x Fotor\u00fcckseite - W\u00fcste - 20\u00d710<\/p>\n<p>&nbsp;<\/p>\n<p><strong>Beschreibung:<\/strong><br \/>\nDieses Starter Set Desert ist f\u00fcr alle Arten der Gattung Messor geeignet, die in W\u00fcsten, Steppen oder mediterranem Klima leben. Eine der beiden Farmen ist f\u00fcr die Aufbewahrung der Samen und des Ameisenbrotes vorgesehen und sollte daher v\u00f6llig trocken gehalten werden, damit die von den Ameisen dort gelagerten Samen\/K\u00f6rner nicht keimen oder schimmeln.<\/p>\n<p>Bei der volltransparenten Farm (Nest) wird die \"Substratw\u00fcste\" zum Bef\u00fcllen der Farm verwendet. \u00dcber die 50-mm-L\u00f6cher im Deckel k\u00f6nnen bei Bedarf weitere Module angeschlossen werden, z. B. die separat erh\u00e4ltlichen Nebler, L\u00fcfter oder Leuchten. Alternativ werden passende Formicarium-Stopfen zum Verschlie\u00dfen der \u00d6ffnungen mitgeliefert. Auf Wunsch kann das Formicarium auch offen betrieben werden, indem man einfach den Wechselrahmen auflegt und den Rand mit dem Ameisenschutz\u00f6l bestreicht. Die \"klare 20 ml Tr\u00e4nke - Schwamm\" ist f\u00fcr Wasser gedacht, der \"2 ml Futterspender - dosierbar\" f\u00fcr K\u00f6rnerfutter.<\/p>\n<p><strong>Das ist wichtig:<\/strong> Bitte befeuchten Sie das Substrat vor der Verwendung, damit sich die Mischung verbinden und einen festen Halt im Ameisenbau entwickeln kann. Ist das Substrat au\u00dferdem zu trocken und staubig, k\u00f6nnen die Atemwege der Ameisen verstopft werden und im schlimmsten Fall k\u00f6nnen die Tiere ersticken.<\/p>\n<p><strong>Empfehlung:<\/strong> Wir empfehlen eine Substratschicht von 2 mm H\u00f6he, damit sich die Tiere nicht in die Arena eingraben k\u00f6nnen und stattdessen die Farm f\u00fcr diesen Zweck nutzen. Wir empfehlen auch, dass das Nistmaterial in der Farm (Sand\/Lehm, Digfix usw.) an einer Stelle leicht eingestochen wird, um den Tieren das Graben zu erleichtern.<\/p>\n<p><strong>Hinweise zur Produktion<\/strong><br \/>\nDer Glaszuschnitt erfolgt nach DIN 1249 mit einer Toleranz von +\/- 1 mm. F\u00fcr extrem kleine Ameisenarten ist ein zus\u00e4tzlicher Ausbruchsschutz erforderlich.<\/p>\n<p><strong>Anmerkungen zum Bauernhof<\/strong><br \/>\nBeim Anbringen oder Entfernen von Schl\u00e4uchen ist Folgendes zu beachten:<br \/>\nL\u00e4sst sich der Schlauch nur sehr schwer auf den Anschlussstutzen aufstecken, sollte der Stutzen leicht mit einem Tropfen unseres Ausbruchsicherungs\u00f6ls oder -pulvers eingerieben werden. Der Schlauch sollte dann mit drehenden oder schraubenden Bewegungen auf den Stutzen geschoben werden, ohne den Stutzen durch Auf- und Abw\u00e4rtsbewegungen zu belasten. Das Gleiche gilt f\u00fcr das Abziehen der Schl\u00e4uche von der Hofanschlussmuffe. Bitte nicht einfach abziehen!<\/p>\n<p><strong>Anmerkungen zum Cricket Jam:<\/strong><br \/>\nUnsere blanchierten Grillen sind eine einfache M\u00f6glichkeit, Ihre Ameisen mit frisch konservierter Proteinnahrung zu versorgen, ohne lebende Insekten f\u00fcttern zu m\u00fcssen. Die enthaltenen Grillen (Acheta domesticus) wurden schonend blanchiert, um sicherzustellen, dass N\u00e4hrwerte, Geschmack und Aroma erhalten bleiben. Au\u00dferdem wird der Chitinpanzer der Insekten auf diese Weise aufgeweicht, so dass er leichter verdaut werden kann. Die Bindungen der kollagenen Proteine werden aufgebrochen, so dass die Ameisen sie besser verwerten k\u00f6nnen. Acheta domesticus in Dosen hat den gleichen N\u00e4hrwert wie lebende Grillen, ist aber leichter zu verdauen.<\/p>\n<p>Cricket Jam eignet sich nicht f\u00fcr die Jagd auf Ameisenarten, die Lebendfutter ben\u00f6tigen (z. B. Ponerinen (Gro\u00dfe Ameisen) wie Harpegnathos oder Odontomachus).<\/p>\n<p><strong>Weitere Vorteile:<\/strong><br \/>\nGarantiert milbenfrei<br \/>\nKann portioniert und mit Wasser verd\u00fcnnt werden<br \/>\nSterilisiert und vakuumverpackt<br \/>\nOhne Zusatzstoffe<br \/>\nGrillen aus nachhaltiger, rein biologischer Zucht, gef\u00fcttert mit Bioabf\u00e4llen<\/p>\n<p><strong>Anmerkung:<\/strong><br \/>\nNach dem \u00d6ffnen etwa vier Tage im K\u00fchlschrank aufbewahren. L\u00e4nger haltbar, wenn eingefroren.<br \/>\nAchtung! Erst portionieren, dann einfrieren.<\/p>","protected":false},"excerpt":{"rendered":"<p>Das Set besteht aus 38 Teilen<\/p>\n<p>Gr\u00f6\u00dfe: <strong>M<\/strong><\/p>","protected":false},"featured_media":7134,"comment_status":"open","ping_status":"closed","template":"","meta":{"_acf_changed":false,"content-type":"","_monsterinsights_skip_tracking":false,"_monsterinsights_sitenote_active":false,"_monsterinsights_sitenote_note":"","_monsterinsights_sitenote_category":0},"product_brand":[],"product_cat":[355,353,73],"product_tag":[],"class_list":{"0":"post-6562","1":"product","2":"type-product","3":"status-publish","4":"has-post-thumbnail","6":"product_cat-bundle-offers","7":"product_cat-starter-sets-for-harvester-ants","8":"product_cat-starter-sets","10":"first","11":"instock","12":"taxable","13":"shipping-taxable","14":"purchasable","15":"product-type-simple"},"acf":[],"aioseo_notices":[],"jetpack_sharing_enabled":true,"_links":{"self":[{"href":"https:\/\/antcube.shop\/de\/wp-json\/wp\/v2\/product\/6562","targetHints":{"allow":["GET"]}}],"collection":[{"href":"https:\/\/antcube.shop\/de\/wp-json\/wp\/v2\/product"}],"about":[{"href":"https:\/\/antcube.shop\/de\/wp-json\/wp\/v2\/types\/product"}],"replies":[{"embeddable":true,"href":"https:\/\/antcube.shop\/de\/wp-json\/wp\/v2\/comments?post=6562"}],"wp:featuredmedia":[{"embeddable":true,"href":"https:\/\/antcube.shop\/de\/wp-json\/wp\/v2\/media\/7134"}],"wp:attachment":[{"href":"https:\/\/antcube.shop\/de\/wp-json\/wp\/v2\/media?parent=6562"}],"wp:term":[{"taxonomy":"product_brand","embeddable":true,"href":"https:\/\/antcube.shop\/de\/wp-json\/wp\/v2\/product_brand?post=6562"},{"taxonomy":"product_cat","embeddable":true,"href":"https:\/\/antcube.shop\/de\/wp-json\/wp\/v2\/product_cat?post=6562"},{"taxonomy":"product_tag","embeddable":true,"href":"https:\/\/antcube.shop\/de\/wp-json\/wp\/v2\/product_tag?post=6562"}],"curies":[{"name":"wp","href":"https:\/\/api.w.org\/{rel}","templated":true}]}}