{"id":6561,"date":"2023-12-04T11:33:36","date_gmt":"2023-12-04T10:33:36","guid":{"rendered":"https:\/\/antcube.shop\/product\/bundle-offer-camponotus-barbaricus\/"},"modified":"2026-03-30T10:28:01","modified_gmt":"2026-03-30T08:28:01","slug":"bundelangebot-camponotus-barbaricus","status":"publish","type":"product","link":"https:\/\/antcube.shop\/de\/produkt\/bundelangebot-camponotus-barbaricus\/","title":{"rendered":"B\u00fcndelangebot - Camponotus barbaricus"},"content":{"rendered":"<p><span data-text-color=\"secondary\"><strong>Paketangebot mit einer Camponotus barbaricus Ameisenkolonie (K\u00f6nigin mit 5-10 Arbeiterinnen + Brut), einem Starterset Habitat Desert L mit 2x Formicarium-Pads, einem Glas unserer speziellen ganzen blanchierten Grillen (feuchtes Protein) und einem Honigtau-Mix Nachf\u00fcllpack 10ml<\/strong><\/span><\/p>\n<p><span data-text-color=\"alert\"><strong>Nur solange der Vorrat reicht.<\/strong><\/span><\/p>\n<p><strong>Alles, was Sie f\u00fcr eine Camponotus barbaricus-Ameisenkolonie ben\u00f6tigen<\/strong><br \/>\nDieses Bundle enth\u00e4lt alles, was Sie brauchen, um eine Camponotus barbaricus Kolonie erfolgreich durch die ersten Monate zu bringen. Es ist flexibel erweiterbar und ausdr\u00fccklich f\u00fcr Anf\u00e4nger in der Ameisenhaltung geeignet.<\/p>\n<p><strong>Ameisenart Camponotus barbaricus<\/strong><br \/>\nCamponotus barbaricus ist eine der gr\u00f6\u00dften Ameisenarten in Europa. Man findet sie in Portugal, Spanien, Sizilien und au\u00dferhalb Europas in Marokko, Algerien, Tunesien und Libyen. Ihre Kolonien sind monogyn (nur eine K\u00f6nigin pro Kolonie), und wie die meisten Camponotus-Arten ist sie eine sehr polymorphe Ameisenart (sie bildet sogenannte Kasten, d. h. kleinere und gr\u00f6\u00dfere Arbeiterinnen).<\/p>\n<p>In freier Wildbahn k\u00f6nnen sie Kolonien von mehreren 10.000 Tieren bilden. Camponotus barbaricus verteidigt sein Nest und sein Jagdgebiet aggressiv und ist dabei aufgrund seiner Gr\u00f6\u00dfe sehr erfolgreich. Die Majors (gr\u00f6\u00dfte Arbeiterinnenkaste) erreichen eine Gr\u00f6\u00dfe von etwa 17 mm.<\/p>\n<p><strong>Nest f\u00fcr Camponotus barbaricus<\/strong><br \/>\nCamponotus barbaricus nistet bevorzugt in sandigen B\u00f6den. Im Gegensatz zu den meisten Camponotus-Arten findet man sie selten in morschem Holz. Das im Paket enthaltene Desert Starter Set ist daher perfekt auf die Bed\u00fcrfnisse dieser Art zugeschnitten.<\/p>\n<p><strong>Nahrung f\u00fcr Camponotus barbaricus<\/strong><br \/>\nIn der Natur ern\u00e4hrt sich Camponotus barbaricus haupts\u00e4chlich von Insekten und Honigtau. Aus diesem Grund haben wir sowohl unsere blanchierten Grillen als Proteinfutter als auch unsere Honigtau-Mischung in dieses Paket aufgenommen, damit Sie Ihren Ameisen eine m\u00f6glichst artgerechte Ern\u00e4hrung bieten k\u00f6nnen.<\/p>\n<p><strong>Die optimalen klimatischen Bedingungen f\u00fcr Camponotus barbaricus sind wie folgt:<\/strong><br \/>\n<strong>Luftfeuchtigkeit:<\/strong><br \/>\nArena: 30 - 50% Nestbereich: 50 - 60%<br \/>\n<strong>Temperatur:<\/strong><br \/>\nArena: 18 - 28\u00b0C Nestbereich: 21 - 26\u00b0C<\/p>\n<p><strong>Inhalt:<\/strong><\/p>\n<p>1x Camponotus barbaricus (K\u00f6nigin mit 1-4 Arbeiterinnen + Brut)<br \/>\n1x Grillenmarmelade 25g<br \/>\n1x Honigtau-Mix (HT) - Nachf\u00fcllpackung 10ml<br \/>\n1x Formicarium Basis - 20x20cm<br \/>\n1x Formicarium Basis - 20x6cm<\/p>\n<p>1x ANTCUBE - arena 20x20x10 - flach<br \/>\n1x Ameisenarena-Rahmen 20\u00d720<br \/>\n1x Ameisenarena-Abdeckung 20\u00d720<br \/>\n4x Befestigungspunkt f\u00fcr Arenadeckel<br \/>\n1x ANTCUBE - Ameisenfarm - L - 20\u00d720 - stehend<\/p>\n<p>1x 0,5m Schlauch transparent 20\/16 mm<br \/>\n1x ANTCUBE - Rote Folie 20\u00d720 - Filter<br \/>\n1x Klebeklammern - transparent 2 Stk.<br \/>\n1x Substrat - W\u00fcste - 1kg<br \/>\n1x Formicarium Granulat 200ml - beige<\/p>\n<p>2x Grid insert acrylic &#8211; 50 mm with sealing ring<br \/>\n1x Grid insert acrylic &#8211; 27 mm with sealing ring<br \/>\n1x Gitterkappe - 16mm - Edelstahl<\/p>\n<p>1x Tankschlauchanschluss 27-14,16,20 mm - transparent<br \/>\n1x Foil thermometer &#8211; farm<br \/>\n1x Foil thermometer Display<br \/>\n1x drinking clear 5ml &#8211; sponge<br \/>\n1x Feeding dish white rectangle &#8211; 3 compartments<br \/>\n1x Drinking trough 2ml &#8211; 360 Degrees<br \/>\n1x Ameisenausbruch-Schutz\u00f6l 10ml<br \/>\n1x Pinzette Federstahl - breit - weich<br \/>\n1x Pinzette Kunststoff transparent<br \/>\n1x Kunststoffpipette 3ml<br \/>\n1x Handlupe - 2x - 30mm<br \/>\n1x Schaumstoffwischer 150x18x2,5mm<br \/>\n1x Fotor\u00fcckseite - W\u00fcste - 20\u00d710<\/p>\n<p><strong>Beschreibung:<\/strong><br \/>\nDieses Starterset W\u00fcste ist f\u00fcr alle Ameisenarten geeignet, die in W\u00fcsten, Steppen oder im mediterranen Klima leben.<\/p>\n<p>Bei der volltransparenten Farm (Nest) wird die \"Soil - Desert\" zum Bef\u00fcllen der Farm verwendet. \u00dcber die 50-mm-L\u00f6cher im Deckel k\u00f6nnen bei Bedarf weitere Module angeschlossen werden, z. B. die separat erh\u00e4ltlichen Nebler, L\u00fcfter oder Leuchten. Alternativ werden passende Formicarium-Stopfen zum Verschlie\u00dfen der \u00d6ffnungen mitgeliefert. Auf Wunsch kann das Formicarium auch offen betrieben werden, indem einfach der abnehmbare Rahmen aufgesteckt und der Rand mit dem Ameisenschutz\u00f6l versehen wird. Der \"Tr\u00e4nker 2ml - 360 Grad\" ist f\u00fcr die Honigtau-Mischung gedacht, der \"Tr\u00e4nker klar 20ml - Schwamm\" f\u00fcr Wasser und die \"Schale klar 1\u00d720 - Schwamm\" f\u00fcr das Eiwei\u00dffutter. Das \"Mini-Thermo-Hygrometer analog - Anzeige - h\u00e4ngend\" kann am Rahmen oder an der Abdeckung befestigt werden und zeigt die Klimawerte an.<\/p>\n<p><strong>Das ist wichtig:<\/strong> Bitte befeuchten Sie das Substrat vor der Verwendung, damit sich die Mischung binden und einen festen Halt im Ameisenbau entwickeln kann. Ist das Substrat au\u00dferdem zu trocken und staubig, k\u00f6nnen die Atemwege der Ameisen verstopft werden und im schlimmsten Fall k\u00f6nnen die Tiere ersticken.<\/p>\n<p><strong>Empfehlung:<\/strong> Wir empfehlen eine Substratschicht von 2 mm H\u00f6he, damit sich die Tiere nicht in die Arena eingraben k\u00f6nnen und stattdessen die Farm f\u00fcr diesen Zweck nutzen. Wir empfehlen auch, dass das Nistmaterial in der Farm (Sand\/Lehm, Digfix usw.) an einer Stelle leicht eingestochen wird, um den Tieren das Graben zu erleichtern.<\/p>\n<p><strong>Hinweise zur Produktion<\/strong><br \/>\nDer Glaszuschnitt erfolgt nach DIN 1249 mit einer Toleranz von +\/- 1 mm. F\u00fcr extrem kleine Ameisenarten ist ein zus\u00e4tzlicher Ausbruchsschutz erforderlich.<\/p>\n<p><strong>Anmerkungen zum Bauernhof<\/strong><br \/>\nBeim Anbringen oder Entfernen von Schl\u00e4uchen ist Folgendes zu beachten:<br \/>\nL\u00e4sst sich der Schlauch nur sehr schwer auf den Anschlussstutzen aufstecken, sollte der Stutzen leicht mit einem Tropfen unseres Ausbruchsicherungs\u00f6ls oder -pulvers eingerieben werden. Der Schlauch sollte dann mit drehenden oder schraubenden Bewegungen auf den Stutzen geschoben werden, ohne den Stutzen durch Auf- und Abw\u00e4rtsbewegungen zu belasten. Das Gleiche gilt f\u00fcr das Abziehen der Schl\u00e4uche von der Hofanschlussmuffe. Bitte nicht einfach abziehen!<\/p>\n<p><strong>Anweisungen:<\/strong> (Version 2023, die aktualisierte Version f\u00fcr 2024 wird sp\u00e4testens am 04\/2024 verf\u00fcgbar sein)<\/p>\n<p>- DE <a href=\"https:\/\/www.antstore.net\/shop\/images\/info\/de\/Gebrauchsanweisung%20Starter%20Set%20Habitat.pdf\">Gebrauchsanweisung Starter Set Habitat<\/a> (PDF 3,21 MB)<\/p>\n<p>- DE <a href=\"https:\/\/www.antstore.net\/shop\/images\/info\/en\/Instructions%20for%20use%20-%20Starter%20Set%20Habitat.pdf\">Gebrauchsanweisung - Starter Set Habitat<\/a> (PDF 3,21 MB)<\/p>\n<p>- ES <a href=\"https:\/\/www.antstore.net\/shop\/images\/info\/es\/Manual%20de%20instrucciones%20-%20Set%20de%20inicio%20H%C3%A1bitat.pdf\">Bedienungsanleitung - Einf\u00fchrungsset H\u00e1bitat<\/a> (PDF 3,21 MB)<\/p>\n<p>- FR <a href=\"https:\/\/www.antstore.net\/shop\/images\/info\/fr\/Manuel%20d'instruction%20-%20Kit%20de%20d%C3%A9marrage%20Habitat.pdf\">Bedienungsanleitung - Kit de d\u00e9marrage Habitat<\/a> (PDF 3,21 MB)<\/p>\n<p><strong>Anmerkung zum Honigtau:<\/strong><br \/>\nInhalt: 10 ml<br \/>\nEs handelt sich um ein Naturprodukt, das wir nach ausgiebigen Tests in unserem Labor verfeinert und zu einem von den Ameisen sehr gut angenommenen Futter entwickelt haben. Der Grund daf\u00fcr ist, dass unverarbeiteter Honigtauhonig in seiner konzentrierten urspr\u00fcnglichen Form von Ameisen und deren Stoffwechsel nicht gut angenommen wird.<br \/>\nUnser Honigtau wurde in den unber\u00fchrten wilden Bergw\u00e4ldern Bulgariens gesammelt. Honigtau wird nur f\u00fcr eine sehr begrenzte Zeit produziert, etwa zwei Monate im Sommer. Er ist daher sehr selten. Aufgrund der besonderen Bodenbeschaffenheit der W\u00e4lder und des Klimas werden wichtige N\u00e4hrstoffe in den Bl\u00e4ttern der B\u00e4ume gespeichert, die von den Blattl\u00e4usen aufgenommen werden. Das macht diese Honigtau-Mischung f\u00fcr die Ameisen so begehrenswert.<\/p>\n<p><strong>Anwendung:<\/strong><br \/>\nDie Lebensmittelmenge sollte innerhalb von etwa 3 Tagen verbraucht werden.<\/p>\n<p><strong>Beschreibung:<\/strong><br \/>\nHonigtau wird im Gegensatz zu Bl\u00fctenhonig aus Sekreten von Insekten gewonnen, die an Pflanzen saugen, z. B. Blattl\u00e4usen. Honigtau ist eine beliebte Nahrungsquelle f\u00fcr viele Insekten wie Ameisen, Bienen und Hummeln. Bienen und Hummeln lecken ihn von den Bl\u00e4ttern oder Nadeln verschiedener B\u00e4ume ab. Ameisen wie Lasius niger halten die Blattl\u00e4use buchst\u00e4blich fest. Sie verteidigen sie sogar gegen Fressfeinde und tragen sie zu neuen Trieben.<\/p>\n<p>Honigtau ist bei Ameisen wegen seiner etwas anderen Bestandteile besonders beliebt. Die wichtigsten Zuckerarten im Honigtau sind Saccharose und Fruktose, aber auch kleinere Mengen an Maltose, Trehalose, Melezitose, Raffinose und anderen Oligosacchariden sind enthalten. Neben Zucker und Wasser enth\u00e4lt der Honigtau auch essenzielle Aminos\u00e4uren, Mineralstoffe, Spurenelemente, Adenosine, Phosphate und andere Inhaltsstoffe wie Vitamine.<\/p>\n<p><strong>Verwendung:<\/strong><br \/>\nF\u00fcr honigfressende Ameisenarten (Meliphagidae)<br \/>\nDies ist ein Erg\u00e4nzungsfuttermittel<br \/>\nEs kann den Tieren wie geliefert angeboten werden. Da die Zuckerkonzentration durch die Feuchtigkeit verringert wird und ein G\u00e4rungsprozess einsetzt, sollte das Futter alle 3 Tage ausgetauscht werden. Reinigen Sie den Futternapf\/die Tube vor der Wiederverwendung gr\u00fcndlich.<br \/>\nNach dem \u00d6ffnen sollte die Packung bis zum Ablauf des Verfallsdatums fest verschlossen aufbewahrt werden.<\/p>\n<p><strong>N\u00e4hrwertangaben pro 100 g:<\/strong><br \/>\nca. 2,7 % Fette<br \/>\ndavon ges\u00e4ttigt ca. 0,45 %<br \/>\nca. 95 % Kohlenhydrate<br \/>\ndavon Zucker ca. 71<br \/>\nca. 2,85% Protein<br \/>\nMineralstoffe (Kalium, Calcium, Kupfer, Eisen, Natrium, Magnesium, Phosphor, Zink und andere Spurenelemente) Aminos\u00e4uren (Prolin, Leucin, Phenylalanin, Alanin, Histidin, Isoleucin, Glutamins\u00e4ure, Arginin, Asparagins\u00e4ure usw.) Organische S\u00e4uren Enzyme (Fermente)Aromastoffe Inhibine (antibakterielle Substanzen) Blumen Pollen<\/p>\n<p><strong>Lagerung:<\/strong><br \/>\nUm die Qualit\u00e4t des Futters zu gew\u00e4hrleisten, sollte es an einem dunklen und trockenen Ort gelagert werden.<\/p>\n<p><strong>Anmerkung:<\/strong><br \/>\nInformationen \u00fcber die Verwendung von Futterschl\u00e4uchen finden Sie hier: Link<br \/>\nErg\u00e4nzungsfuttermittel f\u00fcr honigfressende Ameisen.<br \/>\nDie Zusammensetzung, die analytischen Bestandteile, das Mindesthaltbarkeitsdatum und die Chargennummer entnehmen Sie bitte der Packungsbeilage.<\/p>\n<p>Informations-Hotline +49 30 439703870<\/p>\n<p>Zust\u00e4ndiges Veterin\u00e4r- und Lebensmittelinspektorat:<br \/>\nVeterin\u00e4ramt Steglitz<br \/>\nK\u00f6nigin-Luise-Str. 92<br \/>\n14195 Berlin<\/p>\n<p><strong>Hinweis zu den blanchierten Grillen:<\/strong><br \/>\nUnsere blanchierten Grillen sind eine einfache M\u00f6glichkeit, Ihre Ameisen mit frisch konservierter Proteinnahrung zu versorgen, ohne lebende Insekten f\u00fcttern zu m\u00fcssen. Die enthaltenen Grillen (Acheta domesticus) wurden schonend blanchiert, um sicherzustellen, dass N\u00e4hrwerte, Geschmack und Aroma erhalten bleiben. Au\u00dferdem wird der Chitinpanzer der Insekten auf diese Weise aufgeweicht, so dass er leichter verdaut werden kann. Die Bindungen der kollagenen Proteine werden aufgebrochen, so dass die Ameisen sie besser verwerten k\u00f6nnen. Acheta domesticus in Dosen hat den gleichen N\u00e4hrwert wie lebende Grillen, ist aber leichter zu verdauen.<\/p>\n<p>Die blanchierten Grillen eignen sich nicht f\u00fcr die Jagd auf Ameisenarten, die Lebendfutter ben\u00f6tigen (z. B. Ponerinen (Gro\u00dfe Ameisen) wie Harpegnathos oder Odontomachus).<\/p>\n<p><strong>Weitere Vorteile:<\/strong><br \/>\nGarantiert milbenfrei<br \/>\nKann portioniert werden<br \/>\nSterilisiert und vakuumiert<br \/>\nOhne Zusatzstoffe<br \/>\nGrillen aus nachhaltiger, rein biologischer Zucht, gef\u00fcttert mit Bioabf\u00e4llen<\/p>\n<p><strong>Bitte beachten:<\/strong><br \/>\nNach dem \u00d6ffnen etwa vier Tage im K\u00fchlschrank aufbewahren. L\u00e4nger haltbar, wenn eingefroren.<\/p>","protected":false},"excerpt":{"rendered":"<p>Das Set besteht aus 34 Teilen<\/p>\n<p>Gr\u00f6\u00dfe: <span style=\"color: #0000ff;\"><strong>L<\/strong><\/span><\/p>","protected":false},"featured_media":7132,"comment_status":"open","ping_status":"closed","template":"","meta":{"_acf_changed":false,"content-type":"","_monsterinsights_skip_tracking":false,"_monsterinsights_sitenote_active":false,"_monsterinsights_sitenote_note":"","_monsterinsights_sitenote_category":0},"product_brand":[],"product_cat":[355,73,74],"product_tag":[],"class_list":{"0":"post-6561","1":"product","2":"type-product","3":"status-publish","4":"has-post-thumbnail","6":"product_cat-bundle-offers","7":"product_cat-starter-sets","8":"product_cat-starter-sets-habitat","10":"first","11":"instock","12":"taxable","13":"shipping-taxable","14":"purchasable","15":"product-type-simple"},"acf":[],"aioseo_notices":[],"jetpack_sharing_enabled":true,"_links":{"self":[{"href":"https:\/\/antcube.shop\/de\/wp-json\/wp\/v2\/product\/6561","targetHints":{"allow":["GET"]}}],"collection":[{"href":"https:\/\/antcube.shop\/de\/wp-json\/wp\/v2\/product"}],"about":[{"href":"https:\/\/antcube.shop\/de\/wp-json\/wp\/v2\/types\/product"}],"replies":[{"embeddable":true,"href":"https:\/\/antcube.shop\/de\/wp-json\/wp\/v2\/comments?post=6561"}],"wp:featuredmedia":[{"embeddable":true,"href":"https:\/\/antcube.shop\/de\/wp-json\/wp\/v2\/media\/7132"}],"wp:attachment":[{"href":"https:\/\/antcube.shop\/de\/wp-json\/wp\/v2\/media?parent=6561"}],"wp:term":[{"taxonomy":"product_brand","embeddable":true,"href":"https:\/\/antcube.shop\/de\/wp-json\/wp\/v2\/product_brand?post=6561"},{"taxonomy":"product_cat","embeddable":true,"href":"https:\/\/antcube.shop\/de\/wp-json\/wp\/v2\/product_cat?post=6561"},{"taxonomy":"product_tag","embeddable":true,"href":"https:\/\/antcube.shop\/de\/wp-json\/wp\/v2\/product_tag?post=6561"}],"curies":[{"name":"wp","href":"https:\/\/api.w.org\/{rel}","templated":true}]}}