{"id":6558,"date":"2023-12-04T11:33:16","date_gmt":"2023-12-04T10:33:16","guid":{"rendered":"https:\/\/antcube.shop\/product\/heizmatte-13x28cm-7w\/"},"modified":"2026-04-05T17:10:11","modified_gmt":"2026-04-05T15:10:11","slug":"heizmatte-13x28cm-7w","status":"publish","type":"product","link":"https:\/\/antcube.shop\/de\/produkt\/heizmatte-13x28cm-7w\/","title":{"rendered":"Heizmatte 13x28cm - 7W"},"content":{"rendered":"<p><strong>Abmessungen:<\/strong> 13 x 28 cm<\/p>\n<p><strong>Macht:<\/strong> 7 Watt<\/p>\n<p><strong>Oberfl\u00e4chentemperatur:<\/strong> 28-32 \u00b0C<\/p>\n<p><strong>Beschreibung:<\/strong> Heizmatte f\u00fcr das Formicarium - besonders geeignet f\u00fcr Arten aus w\u00e4rmeren L\u00e4ndern. Die Heizmatten geben Infrarot-Strahlungsw\u00e4rme ab, \u00e4hnlich wie Keramik-Heizstrahler. Die Strahlen erw\u00e4rmen Gegenst\u00e4nde und Tiere, ohne die Lufttemperatur wesentlich zu erh\u00f6hen. Sie sind daher ideal, um Pl\u00e4tze zum \"Sonnenbaden\" zu schaffen. Ein notwendiges Temperaturgef\u00e4lle im Formicarium kann so besser erreicht und kontrolliert werden. Diese Heizmatten sind selbstklebend und lassen sich daher leicht am Formicarium befestigen.<\/p>\n<p><strong>Anmerkung:<\/strong> Stellen Sie niemals Heizelemente direkt unter ein Formicarium, es muss immer sichergestellt sein, dass die W\u00e4rme abgeleitet werden kann, um einen W\u00e4rmestau oder Sch\u00e4den am Formicarium zu vermeiden.<\/p>","protected":false},"excerpt":{"rendered":"<p><strong>Abmessungen:<\/strong> 13 x 28 cm \/ Eurostecker f\u00fcr 230 Volt<\/p>","protected":false},"featured_media":6619,"comment_status":"open","ping_status":"closed","template":"","meta":{"_acf_changed":false,"content-type":"","_monsterinsights_skip_tracking":false,"_monsterinsights_sitenote_active":false,"_monsterinsights_sitenote_note":"","_monsterinsights_sitenote_category":0},"product_brand":[],"product_cat":[359,119],"product_tag":[],"class_list":{"0":"post-6558","1":"product","2":"type-product","3":"status-publish","4":"has-post-thumbnail","6":"product_cat-light-heat-humidity","7":"product_cat-formicarium-components","9":"first","10":"instock","11":"taxable","12":"shipping-taxable","13":"purchasable","14":"product-type-simple"},"acf":[],"aioseo_notices":[],"jetpack_sharing_enabled":true,"_links":{"self":[{"href":"https:\/\/antcube.shop\/de\/wp-json\/wp\/v2\/product\/6558","targetHints":{"allow":["GET"]}}],"collection":[{"href":"https:\/\/antcube.shop\/de\/wp-json\/wp\/v2\/product"}],"about":[{"href":"https:\/\/antcube.shop\/de\/wp-json\/wp\/v2\/types\/product"}],"replies":[{"embeddable":true,"href":"https:\/\/antcube.shop\/de\/wp-json\/wp\/v2\/comments?post=6558"}],"wp:featuredmedia":[{"embeddable":true,"href":"https:\/\/antcube.shop\/de\/wp-json\/wp\/v2\/media\/6619"}],"wp:attachment":[{"href":"https:\/\/antcube.shop\/de\/wp-json\/wp\/v2\/media?parent=6558"}],"wp:term":[{"taxonomy":"product_brand","embeddable":true,"href":"https:\/\/antcube.shop\/de\/wp-json\/wp\/v2\/product_brand?post=6558"},{"taxonomy":"product_cat","embeddable":true,"href":"https:\/\/antcube.shop\/de\/wp-json\/wp\/v2\/product_cat?post=6558"},{"taxonomy":"product_tag","embeddable":true,"href":"https:\/\/antcube.shop\/de\/wp-json\/wp\/v2\/product_tag?post=6558"}],"curies":[{"name":"wp","href":"https:\/\/api.w.org\/{rel}","templated":true}]}}